{"id":5197,"date":"2026-01-13T10:44:04","date_gmt":"2026-01-13T10:44:04","guid":{"rendered":"https:\/\/aisign.ai\/?page_id=5197"},"modified":"2026-01-20T14:35:14","modified_gmt":"2026-01-20T14:35:14","slug":"wie-man-vertragsvorlagen-erstellt-und-verwendet","status":"publish","type":"page","link":"https:\/\/aisign.ai\/de\/support\/how-to-create-and-use-contract-templates\/","title":{"rendered":"Wie man Vertragsvorlagen erstellt und verwendet"},"content":{"rendered":"<!--themify_builder_content-->\n<div id=\"themify_builder_content-5197\" data-postid=\"5197\" class=\"themify_builder_content themify_builder_content-5197 themify_builder tf_clear\">\n                    <div  data-lazy=\"1\" class=\"module_row themify_builder_row tb_q4b1455 tb_first tf_w\">\n            <span  class=\"builder_row_cover tf_abs\" data-lazy=\"1\"><\/span>            <div class=\"row_inner col_align_top tb_col_count_1 tf_box tf_rel\">\n                        <div  data-lazy=\"1\" class=\"module_column tb-column col-full tb_aflb355 first\">\n                    <!-- module plain text -->\n<div  class=\"module module-plain-text tb_82xa006\" data-lazy=\"1\">\n        <div class=\"tb_text_wrap\">\n    Wie man Vertragsvorlagen erstellt und verwendet    <\/div>\n<\/div>\n<!-- \/module plain text --><!-- module plain text -->\n<div  class=\"module module-plain-text tb_jki2233\" data-lazy=\"1\">\n        <div class=\"tb_text_wrap\">\n    Willkommen bei AiSign! Dieser Leitfaden wird Ihnen helfen, Vertragsvorlagen einfach und effizient zu erstellen und zu verwenden.    <\/div>\n<\/div>\n<!-- \/module plain text -->        <\/div>\n                        <\/div>\n        <\/div>\n                        <div  data-lazy=\"1\" class=\"module_row themify_builder_row tb_nq3y184 tf_w\">\n                        <div class=\"row_inner col_align_top gutter-none tb_col_count_3 tf_box tf_rel\">\n                        <div  data-lazy=\"1\" class=\"module_column tb-column col3-1 tb_1a57184 first\">\n                            <\/div>\n                    <div  data-lazy=\"1\" class=\"module_column tb-column col3-1 tb_akd6900\">\n                    <!-- module text -->\n<div  class=\"module module-text tb_im9s978\" data-lazy=\"1\">\n        <div  class=\"tb_text_wrap\">\n        <h2>Erstellen einer Vertragsvorlage<\/h2>\n<h3>Schritt 1: Navigieren Sie zur Registerkarte \"Vorlage<\/h3>\n<ul>\n<li>Melden Sie sich bei AiSign an und gehen Sie im Hauptmen\u00fc auf die Registerkarte \u2018Vorlage\u2019.<\/li>\n<li>Laden Sie Ihr Dokument hoch:\n<ul>\n<li>Ziehen Sie Ihre Dokumentendatei per Drag &amp; Drop in den vorgesehenen Bereich.<\/li>\n<li>Oder klicken Sie auf \u2018Hochladen\", um eine Datei von Ihrem Computer auszuw\u00e4hlen.<\/li>\n<\/ul>\n<\/li>\n<\/ul>\n<h3>Schritt 2: Vorlagendetails eingeben<\/h3>\n<ul>\n<li>Name der Vorlage: Geben Sie einen beschreibenden Namen f\u00fcr Ihre Vorlage an.<\/li>\n<li>Anzahl von Empf\u00e4ngern: Geben Sie an, wie viele Personen das Dokument unterschreiben m\u00fcssen.<\/li>\n<li>Optionaler E-Mail-Titel und Nachricht:\n<ul>\n<li>E-Mail-Titel: Passen Sie die Betreffzeile f\u00fcr die E-Mail an, die an die Unterzeichner gesendet wird.<\/li>\n<li>Nachricht: F\u00fcgen Sie eine pers\u00f6nliche Nachricht f\u00fcr die Empf\u00e4nger hinzu.<\/li>\n<\/ul>\n<\/li>\n<\/ul>\n<h3>Schritt 3: Weiter zum Editor<\/h3>\n<ul>\n<li>Klicken Sie auf \u2018Weiter\", um zum Vorlageneditor zu gelangen.<\/li>\n<\/ul>\n<h3>Schritt 4: F\u00fcgen Sie Felder zu Ihrem Dokument hinzu<\/h3>\n<ul>\n<li>Felder ziehen und ablegen:\n<ul>\n<li>W\u00e4hlen Sie im Editor die erforderlichen Felder (z. B. Unterschrift, Datum, Initialen) in der Symbolleiste aus.<\/li>\n<li>Ziehen Sie jedes Feld an die entsprechende Stelle in Ihrem Dokument.<\/li>\n<\/ul>\n<\/li>\n<li>Weisen Sie den Empf\u00e4ngern Felder zu:\n<ul>\n<li>F\u00fcr Dokumente mit mehreren Empf\u00e4ngern:\n<ul>\n<li>Klicken Sie oben in den Feldoptionen auf \u2018Platzhalter 1\u2019.<\/li>\n<li>W\u00e4hlen Sie \u2018Platzhalter 2\u2019, \u2018Platzhalter 3\u2019 usw. aus dem Dropdown-Men\u00fc, um verschiedenen Empf\u00e4ngern Felder zuzuweisen.<\/li>\n<\/ul>\n<\/li>\n<li>Wiederholen Sie den Vorgang f\u00fcr jeden Empf\u00e4nger.<\/li>\n<\/ul>\n<\/li>\n<\/ul>\n<h3>Schritt 5: Fertigstellung der Vorlage<\/h3>\n<ul>\n<li>Nachdem Sie alle erforderlichen Felder ausgef\u00fcllt haben, klicken Sie auf \u2018Weiter\", um Ihre Vorlage zu speichern.<\/li>\n<\/ul>\n<h2>Verwendung Ihrer Vorlage<\/h2>\n<h3>Schritt 6: W\u00e4hlen und verwenden Sie Ihre Vorlage<\/h3>\n<ul>\n<li>Suchen Sie auf der Registerkarte \u2018Vorlage\" die Vorlage, die Sie verwenden m\u00f6chten.<\/li>\n<li>Klicken Sie auf \u2018Verwenden\" neben der Vorlage.<\/li>\n<\/ul>\n<h3>Schritt 7: Unterzeichnerdetails eingeben<\/h3>\n<ul>\n<li>Informationen zum Unterzeichner:\n<ul>\n<li>Geben Sie f\u00fcr jeden Unterzeichner den Namen und die E-Mail-Adresse ein.<\/li>\n<\/ul>\n<\/li>\n<li>Optionaler E-Mail-Titel und Nachricht:\n<ul>\n<li>Passen Sie bei Bedarf den Betreff und die Nachricht der E-Mail an.<\/li>\n<\/ul>\n<\/li>\n<\/ul>\n<h3>Schritt 8: \u00dcberpr\u00fcfen und Hinzuf\u00fcgen zus\u00e4tzlicher Felder (optional)<\/h3>\n<ul>\n<li>Klicken Sie auf \u2018Weiter\", um zum Editor zu gelangen.<\/li>\n<li>Vorgef\u00fcllte Felder: Im Dokument werden alle Felder angezeigt, die Sie in der Vorlage hinzugef\u00fcgt haben.<\/li>\n<li>Weitere Felder hinzuf\u00fcgen: Ziehen Sie bei Bedarf weitere Felder auf das Dokument.<\/li>\n<\/ul>\n<h3>Schritt 9: Senden des Dokuments<\/h3>\n<ul>\n<li>Klicken Sie nach der \u00dcberpr\u00fcfung auf \u2018Weiter\u2019.<\/li>\n<li>Es erscheint eine Best\u00e4tigungsseite, die anzeigt, dass das Dokument an die Empf\u00e4nger gesendet wurde.<\/li>\n<\/ul>\n<h2>Schlussfolgerung<\/h2>\n<p>Und das war's! Das Erstellen und Verwenden von Vorlagen mit AiSign ist so einfach. Vielen Dank f\u00fcr die Nutzung von AiSign und viel Spa\u00df beim Unterschreiben!<\/p>\n    <\/div>\n<\/div>\n<!-- \/module text -->        <\/div>\n                    <div  data-lazy=\"1\" class=\"module_column tb-column col3-1 tb_e3qu900 last\">\n                            <\/div>\n                        <\/div>\n        <\/div>\n                        <div  data-lazy=\"1\" class=\"module_row themify_builder_row tb_lu2o455 tf_w\">\n                        <div class=\"row_inner col_align_top tb_col_count_1 tf_box tf_rel\">\n                        <div  data-lazy=\"1\" class=\"module_column tb-column col-full tb_grcd455 first\">\n                            <div  data-lazy=\"1\" class=\"module_subrow themify_builder_sub_row tf_w col_align_top gutter-narrow tb_col_count_2 tb_iijp455\">\n        <span  class=\"builder_row_cover tf_abs\" data-lazy=\"1\"><\/span>        <div  data-lazy=\"1\" class=\"module_column sub_column col4-2 tb_fmg2455 first\">\n                    <!-- module text -->\n<div  class=\"module module-text tb_y8q4455\" data-lazy=\"1\">\n        <div  class=\"tb_text_wrap\">\n        <p>Ben\u00f6tigen Sie<br>mehr Hilfe?<\/p>    <\/div>\n<\/div>\n<!-- \/module text -->        <\/div>\n                    <div  data-lazy=\"1\" class=\"module_column sub_column col4-2 tb_7quu455 last\">\n                    <!-- module text -->\n<div  class=\"module module-text tb_drek455\" data-lazy=\"1\">\n        <div  class=\"tb_text_wrap\">\n        <p data-start=\"908\" data-end=\"1044\">Unser heroisches Support-Team kann Ihnen helfen! Kontaktieren Sie uns und erkl\u00e4ren Sie uns jedes Problem, das Sie mit dem Produkt haben.<\/p>    <\/div>\n<\/div>\n<!-- \/module text --><!-- module buttons -->\n<div  class=\"module module-buttons tb_ma12455 buttons-horizontal solid ai-sing-button-white-alt  rounded buttons-fullwidth\" data-lazy=\"1\">\n        <div class=\"module-buttons-item tf_in_flx\">\n                        <a href=\"#\" class=\"ui builder_button tf_in_flx transparent\" >\n                                                ASK SUPPORT                                        <em><svg  class=\"tf_fa tf-ti-angle-right\" xmlns:xlink=\"http:\/\/www.w3.org\/1999\/xlink\" aria-hidden=\"true\"><use href=\"#tf-ti-angle-right\" xlink:href=\"#tf-ti-angle-right\"><\/use><\/svg><\/em>                            <\/a>\n                <\/div>\n            <\/div>\n<!-- \/module buttons -->\n        <\/div>\n                    <\/div>\n                <\/div>\n                        <\/div>\n        <\/div>\n        <\/div>\n<!--\/themify_builder_content-->","protected":false},"excerpt":{"rendered":"<p>Creating a Contract Template Step 1: Navigate to the Template Tab Log in to AiSignand go to the \u2018Template\u2019 tab on the main menu. Upload Your Document: Drag and dropyour document file into the designated area. Or click \u2018Upload\u2019to select a file from your computer. Step 2: Enter Template Details Template Name: Provide a descriptive [&hellip;]<\/p>\n","protected":false},"author":9,"featured_media":0,"parent":4674,"menu_order":0,"comment_status":"closed","ping_status":"closed","template":"","meta":{"footnotes":""},"class_list":["post-5197","page","type-page","status-publish","hentry","has-post-title","has-post-date","has-post-category","has-post-tag","has-post-comment","has-post-author",""],"builder_content":"How to Create and Use Contract Templates\nWelcome to AiSign! This guide will help you create and use contract templates with ease and efficiency.\n<h2>Creating a Contract Template<\/h2> <h3>Step 1: Navigate to the Template Tab<\/h3> <ul> <li>Log in to AiSignand go to the \u2018Template\u2019 tab on the main menu.<\/li> <li>Upload Your Document: <ul> <li>Drag and dropyour document file into the designated area.<\/li> <li>Or click \u2018Upload\u2019to select a file from your computer.<\/li> <\/ul> <\/li> <\/ul> <h3>Step 2: Enter Template Details<\/h3> <ul> <li>Template Name: Provide a descriptive name for your template.<\/li> <li>Number of Recipients: Specify how many people need to sign the document.<\/li> <li>Optional Email Title and Message: <ul> <li>Email Title: Customize the subject line for the email that will be sent to signers.<\/li> <li>Message: Add a personalized message for the recipients.<\/li> <\/ul> <\/li> <\/ul> <h3>Step 3: Proceed to the Editor<\/h3> <ul> <li>Click \u2018Continue\u2019to move to the template editor.<\/li> <\/ul> <h3>Step 4: Add Fields to Your Document<\/h3> <ul> <li>Drag and Drop Fields: <ul> <li>In the editor, select the required fields (e.g., signature, date, initials) from the toolbar.<\/li> <li>Drag each field to the appropriate location on your document.<\/li> <\/ul> <\/li> <li>Assign Fields to Recipients: <ul> <li>For multi-recipient documents: <ul> <li>Click on \u2018Placeholder 1\u2019at the top of the field options.<\/li> <li>Select \u2018Placeholder 2\u2019, \u2018Placeholder 3\u2019, etc., from the dropdown menu to assign fields to different recipients.<\/li> <\/ul> <\/li> <li>Repeat the process for each recipient.<\/li> <\/ul> <\/li> <\/ul> <h3>Step 5: Finalize the Template<\/h3> <ul> <li>After placing all necessary fields, click \u2018Continue\u2019to save your template.<\/li> <\/ul> <h2>Using Your Template<\/h2> <h3>Step 6: Select and Use Your Template<\/h3> <ul> <li>In the \u2018Template\u2019tab, find the template you want to use.<\/li> <li>Click \u2018Use\u2019next to the template.<\/li> <\/ul> <h3>Step 7: Enter Signer Details<\/h3> <ul> <li>Signer Information: <ul> <li>Input the nameand email address for each signer.<\/li> <\/ul> <\/li> <li>Optional Email Title and Message: <ul> <li>Customize the email subject and message if needed.<\/li> <\/ul> <\/li> <\/ul> <h3>Step 8: Review and Add Additional Fields (Optional)<\/h3> <ul> <li>Click \u2018Continue\u2019to go to the editor.<\/li> <li>Pre-Populated Fields: The document will display all the fields you added in the template.<\/li> <li>Add More Fields: If necessary, drag additional fields onto the document.<\/li> <\/ul> <h3>Step 9: Send the Document<\/h3> <ul> <li>After reviewing, click \u2018Continue\u2019.<\/li> <li>A confirmation pagewill appear, indicating that the document has been sent to the recipients.<\/li> <\/ul> <h2>Conclusion<\/h2> <p>And that\u2019s it! Creating and using templates with AiSign is that simple. Thanks for using AiSign, and happy signing!<\/p>\n<p>Do you need<br>more help?<\/p>\n<p data-start=\"908\" data-end=\"1044\">Our Heroic support team can hel you! Contact and explain us any problem you're having with the product.<\/p>\n<a href=\"#\" > ASK SUPPORT <em><svg xmlns:xlink=\"http:\/\/www.w3.org\/1999\/xlink\" aria-hidden=\"true\"><use href=\"#tf-ti-angle-right\" xlink:href=\"#tf-ti-angle-right\"><\/use><\/svg><\/em> <\/a>","_links":{"self":[{"href":"https:\/\/aisign.ai\/de\/wp-json\/wp\/v2\/pages\/5197","targetHints":{"allow":["GET"]}}],"collection":[{"href":"https:\/\/aisign.ai\/de\/wp-json\/wp\/v2\/pages"}],"about":[{"href":"https:\/\/aisign.ai\/de\/wp-json\/wp\/v2\/types\/page"}],"author":[{"embeddable":true,"href":"https:\/\/aisign.ai\/de\/wp-json\/wp\/v2\/users\/9"}],"replies":[{"embeddable":true,"href":"https:\/\/aisign.ai\/de\/wp-json\/wp\/v2\/comments?post=5197"}],"version-history":[{"count":21,"href":"https:\/\/aisign.ai\/de\/wp-json\/wp\/v2\/pages\/5197\/revisions"}],"predecessor-version":[{"id":5300,"href":"https:\/\/aisign.ai\/de\/wp-json\/wp\/v2\/pages\/5197\/revisions\/5300"}],"up":[{"embeddable":true,"href":"https:\/\/aisign.ai\/de\/wp-json\/wp\/v2\/pages\/4674"}],"wp:attachment":[{"href":"https:\/\/aisign.ai\/de\/wp-json\/wp\/v2\/media?parent=5197"}],"curies":[{"name":"wp","href":"https:\/\/api.w.org\/{rel}","templated":true}]}}