{"id":5270,"date":"2026-01-13T10:35:41","date_gmt":"2026-01-13T10:35:41","guid":{"rendered":"https:\/\/aisign.ai\/?page_id=5270"},"modified":"2026-01-20T14:47:05","modified_gmt":"2026-01-20T14:47:05","slug":"aisigns-ai-vertragsgenerator-verwenden","status":"publish","type":"page","link":"https:\/\/aisign.ai\/de\/support\/using-aisigns-ai-contract-generator\/","title":{"rendered":"Verwendung des AI-Vertragsgenerators von AiSign"},"content":{"rendered":"<!--themify_builder_content-->\n<div id=\"themify_builder_content-5270\" data-postid=\"5270\" class=\"themify_builder_content themify_builder_content-5270 themify_builder tf_clear\">\n                    <div  data-lazy=\"1\" class=\"module_row themify_builder_row tb_uvel001 tb_first tf_w\">\n            <span  class=\"builder_row_cover tf_abs\" data-lazy=\"1\"><\/span>            <div class=\"row_inner col_align_top tb_col_count_1 tf_box tf_rel\">\n                        <div  data-lazy=\"1\" class=\"module_column tb-column col-full tb_zked670 first\">\n                    <!-- module plain text -->\n<div  class=\"module module-plain-text tb_gwr9011\" data-lazy=\"1\">\n        <div class=\"tb_text_wrap\">\n    Verwendung von <span class=\"ai-sing-color\">AiSign<\/span>\u2019AI-Vertragsgenerator    <\/div>\n<\/div>\n<!-- \/module plain text --><!-- module plain text -->\n<div  class=\"module module-plain-text tb_d8ht000\" data-lazy=\"1\">\n        <div class=\"tb_text_wrap\">\n    Willkommen bei AiSign, Ihrer besten L\u00f6sung f\u00fcr die m\u00fchelose Erstellung von Vertr\u00e4gen. Dieser Leitfaden zeigt Ihnen, wie Sie mit unserer KI-gest\u00fctzten Plattform Vertr\u00e4ge erstellen, bearbeiten und versenden k\u00f6nnen.    <\/div>\n<\/div>\n<!-- \/module plain text -->        <\/div>\n                        <\/div>\n        <\/div>\n                        <div  data-lazy=\"1\" class=\"module_row themify_builder_row tb_ikpu101 tf_w\">\n                        <div class=\"row_inner col_align_top gutter-none tb_col_count_3 tf_box tf_rel\">\n                        <div  data-lazy=\"1\" class=\"module_column tb-column col3-1 tb_3w4x101 first\">\n                            <\/div>\n                    <div  data-lazy=\"1\" class=\"module_column tb-column col3-1 tb_8ts4910\">\n                    <!-- module text -->\n<div  class=\"module module-text tb_5kiw022\" data-lazy=\"1\">\n        <div  class=\"tb_text_wrap\">\n        <h2>Schritt 1: Benennen Sie Ihr Dokument<\/h2>\n<ul>\n<li>Melden Sie sich bei AiSign an und navigieren Sie zu \u2018Vertrag erstellen\u2019.\u2019<\/li>\n<li>Geben Sie einen eindeutigen Dokumentennamen ein:\n<ul>\n<li>Geben Sie Ihrem Vertrag einen eindeutigen Namen, damit er \u00fcbersichtlich bleibt und sp\u00e4ter leicht wiedergefunden werden kann.<\/li>\n<\/ul>\n<\/li>\n<\/ul>\n<h2>Schritt 2: Empf\u00e4ngerinformationen hinzuf\u00fcgen<\/h2>\n<ul>\n<li>Beg\u00fcnstigte hinzuf\u00fcgen:\n<ul>\n<li>Geben Sie den Namen und die E-Mail-Adresse jeder Person ein, die an dem Vertrag beteiligt ist.<\/li>\n<\/ul>\n<\/li>\n<li>Geben Sie die Unterzeichner-Rollen an:\n<ul>\n<li>Weisen Sie den einzelnen Empf\u00e4ngern (z. B. K\u00e4ufer, Verk\u00e4ufer, Zeugen) Rollen zu, um ihre Verantwortlichkeiten zu kl\u00e4ren.<\/li>\n<\/ul>\n<\/li>\n<\/ul>\n<h2>Schritt 3: Gerichtsbarkeit ausw\u00e4hlen<\/h2>\n<ul>\n<li>W\u00e4hlen Sie die geeignete Gerichtsbarkeit:\n<ul>\n<li>W\u00e4hlen Sie aus dem Dropdown-Men\u00fc den Staat oder die Gerichtsbarkeit aus, in dem\/der der Vertrag ausgef\u00fchrt werden soll.<\/li>\n<li>Auf diese Weise wird sichergestellt, dass der Vertrag mit den \u00f6rtlichen Gesetzen und Vorschriften \u00fcbereinstimmt.<\/li>\n<\/ul>\n<\/li>\n<\/ul>\n<h2>Schritt 4: Beschreiben Sie den Vertrag<\/h2>\n<ul>\n<li>Geben Sie eine detaillierte Beschreibung:\n<ul>\n<li>Geben Sie im Feld Vertragsbeschreibung an, welche Art von Vertrag Sie ben\u00f6tigen.<\/li>\n<li>Seien Sie klar und spezifisch, damit das KI-Tool einen hochwertigen, auf Ihre Bed\u00fcrfnisse zugeschnittenen Vertrag erstellen kann.<\/li>\n<li>Geben Sie die wichtigsten Punkte an, z. B. Bedingungen und besondere Anforderungen.<\/li>\n<\/ul>\n<\/li>\n<\/ul>\n<h2>Schritt 5: Erzeugen des Vertrags<\/h2>\n<ul>\n<li>Initiieren Sie die Vertragserstellung:\n<ul>\n<li>Nachdem Sie alle erforderlichen Informationen eingegeben haben, klicken Sie auf \u2018Vertrag generieren\u2019.<\/li>\n<\/ul>\n<\/li>\n<li>\u00dcberpr\u00fcfen Sie den generierten Vertrag:\n<ul>\n<li>AiSign erstellt einen Entwurf Ihres Vertrags.<\/li>\n<li>Lesen Sie das Dokument sorgf\u00e4ltig durch, um sicherzustellen, dass es Ihren Anforderungen entspricht.<\/li>\n<\/ul>\n<\/li>\n<\/ul>\n<h2>Schritt 6: \u00c4ndern Sie Ihren Vertrag<\/h2>\n<h3>Option A: Antrag auf AI-\u00c4nderungen<\/h3>\n<ul>\n<li>\u00dcberpr\u00fcfen und \u00c4nderungen beantragen:\n<ul>\n<li>Wenn der Vertrag angepasst werden muss, k\u00f6nnen Sie bei der KI \u00c4nderungen beantragen.<\/li>\n<li>Geben Sie spezifisches Feedback oder zus\u00e4tzliche Details zur Verfeinerung des Dokuments.<\/li>\n<\/ul>\n<\/li>\n<\/ul>\n<h3>Option B: Manuelles Bearbeiten und Anpassen<\/h3>\n<ul>\n<li>Bearbeiten Sie den Vertrag selbst:\n<ul>\n<li>Klicken Sie auf \u2018Dokument bearbeiten und senden\u2019, um die Editoroberfl\u00e4che zu \u00f6ffnen.<\/li>\n<\/ul>\n<\/li>\n<li>Manuell anpassen:\n<ul>\n<li>Nehmen Sie direkte Bearbeitungen am Text vor.<\/li>\n<li>Verwenden Sie die verf\u00fcgbaren Bearbeitungswerkzeuge, um den Inhalt zu formatieren und anzupassen.<\/li>\n<\/ul>\n<\/li>\n<li>Schlie\u00dfen Sie Ihre Bearbeitungen ab:\n<ul>\n<li>Sobald Sie Ihre \u00c4nderungen abgeschlossen haben, klicken Sie auf die Schaltfl\u00e4che \u2018Vertrag unterzeichnen\u2019, um fortzufahren.<\/li>\n<\/ul>\n<\/li>\n<\/ul>\n<h2>Schritt 7: Unterzeichnerfelder hinzuf\u00fcgen und abschlie\u00dfen<\/h2>\n<ul>\n<li>Erweitern Sie den Vertrag um Unterzeichnerfelder:\n<ul>\n<li>Ziehen Sie im Editor wichtige Felder auf das Dokument, z. B:\n<ul>\n<li>Unterschriftsfelder: Geben Sie an, wo jeder Empf\u00e4nger unterschreiben soll.<\/li>\n<li>Datumsfelder: Legen Sie fest, wo die Daten eingegeben werden sollen.<\/li>\n<\/ul>\n<\/li>\n<li>Weisen Sie den Empf\u00e4ngern Felder zu:\n<ul>\n<li>Vergewissern Sie sich, dass jedes Feld dem richtigen Empf\u00e4nger zugewiesen ist, indem Sie dessen Namen in den Feldeinstellungen ausw\u00e4hlen.<\/li>\n<\/ul>\n<\/li>\n<li>\u00dcberpr\u00fcfen Sie den Vertrag:\n<ul>\n<li>\u00dcberpr\u00fcfen Sie noch einmal, ob alle Felder korrekt ausgef\u00fcllt sind und ob das Dokument zum Unterschreiben bereit ist.<\/li>\n<\/ul>\n<\/li>\n<\/ul>\n<\/li>\n<\/ul>\n<h2>Schritt 8: Senden Sie den Vertrag<\/h2>\n<ul>\n<li>An Empf\u00e4nger senden:\n<ul>\n<li>Klicken Sie auf \u2018Senden\u2019, um den Vertrag an alle vorgesehenen Empf\u00e4nger zu versenden.<\/li>\n<\/ul>\n<\/li>\n<li>Best\u00e4tigung:\n<ul>\n<li>Es erscheint eine Best\u00e4tigungsmeldung, die anzeigt, dass Ihr Vertrag erfolgreich gesendet wurde.<\/li>\n<\/ul>\n<\/li>\n<\/ul>\n<h2>Schlussfolgerung<\/h2>\n<p>Das war's! Mit AiSign ist das Erstellen und Versenden von Vertr\u00e4gen ein Kinderspiel. Wenn Sie weitere Hilfe ben\u00f6tigen, sehen Sie sich unsere Ressourcen an oder kontaktieren Sie unser Support-Team. Vielen Dank, dass Sie sich f\u00fcr AiSign entschieden haben, und viel Spa\u00df beim Vertragsabschluss!<\/p>\n    <\/div>\n<\/div>\n<!-- \/module text -->        <\/div>\n                    <div  data-lazy=\"1\" class=\"module_column tb-column col3-1 tb_f74e410 last\">\n                            <\/div>\n                        <\/div>\n        <\/div>\n                        <div  data-lazy=\"1\" class=\"module_row themify_builder_row tb_ddtc020 tf_w\">\n                        <div class=\"row_inner col_align_top tb_col_count_1 tf_box tf_rel\">\n                        <div  data-lazy=\"1\" class=\"module_column tb-column col-full tb_aczd120 first\">\n                            <div  data-lazy=\"1\" class=\"module_subrow themify_builder_sub_row tf_w col_align_top gutter-narrow tb_col_count_2 tb_skv4310\">\n        <span  class=\"builder_row_cover tf_abs\" data-lazy=\"1\"><\/span>        <div  data-lazy=\"1\" class=\"module_column sub_column col4-2 tb_yvoy702 first\">\n                    <!-- module text -->\n<div  class=\"module module-text tb_myo5335\" data-lazy=\"1\">\n        <div  class=\"tb_text_wrap\">\n        <p>Ben\u00f6tigen Sie<br>mehr Hilfe?<\/p>    <\/div>\n<\/div>\n<!-- \/module text -->        <\/div>\n                    <div  data-lazy=\"1\" class=\"module_column sub_column col4-2 tb_dsse137 last\">\n                    <!-- module text -->\n<div  class=\"module module-text tb_uejj107\" data-lazy=\"1\">\n        <div  class=\"tb_text_wrap\">\n        <p data-start=\"908\" data-end=\"1044\">Unser heroisches Support-Team kann Ihnen helfen! Kontaktieren Sie uns und erkl\u00e4ren Sie uns jedes Problem, das Sie mit dem Produkt haben.<\/p>    <\/div>\n<\/div>\n<!-- \/module text --><!-- module buttons -->\n<div  class=\"module module-buttons tb_la8r000 buttons-horizontal solid ai-sing-button-white-alt  rounded buttons-fullwidth\" data-lazy=\"1\">\n        <div class=\"module-buttons-item tf_in_flx\">\n                        <a href=\"#\" class=\"ui builder_button tf_in_flx transparent\" >\n                                                ASK SUPPORT                                        <em><svg  class=\"tf_fa tf-ti-angle-right\" xmlns:xlink=\"http:\/\/www.w3.org\/1999\/xlink\" aria-hidden=\"true\"><use href=\"#tf-ti-angle-right\" xlink:href=\"#tf-ti-angle-right\"><\/use><\/svg><\/em>                            <\/a>\n                <\/div>\n            <\/div>\n<!-- \/module buttons -->\n        <\/div>\n                    <\/div>\n                <\/div>\n                        <\/div>\n        <\/div>\n        <\/div>\n<!--\/themify_builder_content-->","protected":false},"excerpt":{"rendered":"<p>Step 1: Name Your Document Log in to AiSignand navigate to the \u2018Create Contract\u2019 Enter a Unique Document Name: Provide a distinctive name for your contract to stay organized and easily locate it later. Step 2: Add Recipient Information Add Recipients: Input the name and email address of each person involved in the contract. Specify [&hellip;]<\/p>\n","protected":false},"author":9,"featured_media":0,"parent":4674,"menu_order":0,"comment_status":"closed","ping_status":"closed","template":"","meta":{"footnotes":""},"class_list":["post-5270","page","type-page","status-publish","hentry","has-post-title","has-post-date","has-post-category","has-post-tag","has-post-comment","has-post-author",""],"builder_content":"Using AiSign\u2019s AI Contract Generator\nWelcome to AiSign, your best solution for effortless contract creation. This guide will walk you through how to create, edit, and send contracts using our AI-powered platform.\n<h2>Step 1: Name Your Document<\/h2> <ul> <li>Log in to AiSignand navigate to the \u2018Create Contract\u2019<\/li> <li>Enter a Unique Document Name: <ul> <li>Provide a distinctive name for your contract to stay organized and easily locate it later.<\/li> <\/ul> <\/li> <\/ul> <h2>Step 2: Add Recipient Information<\/h2> <ul> <li>Add Recipients: <ul> <li>Input the name and email address of each person involved in the contract.<\/li> <\/ul> <\/li> <li>Specify Signer Roles: <ul> <li>Assign roles to each recipient (e.g., Buyer, Seller, Witness) to clarify their responsibilities.<\/li> <\/ul> <\/li> <\/ul> <h2>Step 3: Select Jurisdiction<\/h2> <ul> <li>Choose the Appropriate Jurisdiction: <ul> <li>From the dropdown menu, select the state or jurisdiction where the contract will be executed.<\/li> <li>This ensures the contract complies with local laws and regulations.<\/li> <\/ul> <\/li> <\/ul> <h2>Step 4: Describe the Contract<\/h2> <ul> <li>Provide a Detailed Description: <ul> <li>In the contract description field, clearly outline the type of contract you need.<\/li> <li>Be clear and specific to help the AI tool generate a high-quality contract tailored to your needs.<\/li> <li>Include key points such as terms, conditions, and any special requirements.<\/li> <\/ul> <\/li> <\/ul> <h2>Step 5: Generate the Contract<\/h2> <ul> <li>Initiate Contract Generation: <ul> <li>After entering all necessary information, click \u2018Generate Contract\u2019.<\/li> <\/ul> <\/li> <li>Review the Generated Contract: <ul> <li>AiSign will create a draft of your contract.<\/li> <li>Carefully read through the document to ensure it meets your requirements.<\/li> <\/ul> <\/li> <\/ul> <h2>Step 6: Modify Your Contract<\/h2> <h3>Option A: Request AI Modifications<\/h3> <ul> <li>Review and Request Changes: <ul> <li>If the contract needs adjustments, you can request modificationsfrom the AI.<\/li> <li>Provide specific feedback or additional details to refine the document.<\/li> <\/ul> <\/li> <\/ul> <h3>Option B: Edit and Customize Manually<\/h3> <ul> <li>Edit the Contract Yourself: <ul> <li>Click on \u2018Edit and Send Document\u2019 to enter the editor interface.<\/li> <\/ul> <\/li> <li>Manually Customize: <ul> <li>Make direct edits to the text.<\/li> <li>Use the available editing tools to format and adjust the content.<\/li> <\/ul> <\/li> <li>Finalize Your Edits: <ul> <li>Once you\u2019ve completed your edits, click the \u2018Sign Contract\u2019 button to proceed.<\/li> <\/ul> <\/li> <\/ul> <h2>Step 7: Add Signer Fields and Finalize<\/h2> <ul> <li>Enhance the Contract with Signer Fields: <ul> <li>In the editor, drag and drop essential fields onto the document, such as: <ul> <li>Signature Fields: Indicate where each recipient should sign.<\/li> <li>Date Fields: Specify where dates should be entered.<\/li> <\/ul> <\/li> <li>Assign Fields to Recipients: <ul> <li>Ensure each field is assigned to the correct recipient by selecting their name from the field settings.<\/li> <\/ul> <\/li> <li>Review the Contract: <ul> <li>Double-check that all fields are correctly placed and that the document is ready for signing.<\/li> <\/ul> <\/li> <\/ul> <\/li> <\/ul> <h2>Step 8: Send the Contract<\/h2> <ul> <li>Send to Recipients: <ul> <li>Click \u2018Send\u2019 to dispatch the contract to all designated recipients.<\/li> <\/ul> <\/li> <li>Confirmation: <ul> <li>A confirmation message will appear, indicating that your contract has been sent successfully.<\/li> <\/ul> <\/li> <\/ul> <h2>Conclusion<\/h2> <p>That\u2019s it! Using AiSign, creating and sending contracts is a breeze. For more help, check out our resources or contact our support team. Thank you for choosing AiSign, and happy contracting!<\/p>\n<p>Do you need<br>more help?<\/p>\n<p data-start=\"908\" data-end=\"1044\">Our Heroic support team can hel you! Contact and explain us any problem you're having with the product.<\/p>\n<a href=\"#\" > ASK SUPPORT <em><svg xmlns:xlink=\"http:\/\/www.w3.org\/1999\/xlink\" aria-hidden=\"true\"><use href=\"#tf-ti-angle-right\" xlink:href=\"#tf-ti-angle-right\"><\/use><\/svg><\/em> <\/a>","_links":{"self":[{"href":"https:\/\/aisign.ai\/de\/wp-json\/wp\/v2\/pages\/5270","targetHints":{"allow":["GET"]}}],"collection":[{"href":"https:\/\/aisign.ai\/de\/wp-json\/wp\/v2\/pages"}],"about":[{"href":"https:\/\/aisign.ai\/de\/wp-json\/wp\/v2\/types\/page"}],"author":[{"embeddable":true,"href":"https:\/\/aisign.ai\/de\/wp-json\/wp\/v2\/users\/9"}],"replies":[{"embeddable":true,"href":"https:\/\/aisign.ai\/de\/wp-json\/wp\/v2\/comments?post=5270"}],"version-history":[{"count":8,"href":"https:\/\/aisign.ai\/de\/wp-json\/wp\/v2\/pages\/5270\/revisions"}],"predecessor-version":[{"id":5295,"href":"https:\/\/aisign.ai\/de\/wp-json\/wp\/v2\/pages\/5270\/revisions\/5295"}],"up":[{"embeddable":true,"href":"https:\/\/aisign.ai\/de\/wp-json\/wp\/v2\/pages\/4674"}],"wp:attachment":[{"href":"https:\/\/aisign.ai\/de\/wp-json\/wp\/v2\/media?parent=5270"}],"curies":[{"name":"wp","href":"https:\/\/api.w.org\/{rel}","templated":true}]}}