{"id":5278,"date":"2026-01-13T10:35:42","date_gmt":"2026-01-13T10:35:42","guid":{"rendered":"https:\/\/aisign.ai\/?page_id=5278"},"modified":"2026-01-20T14:35:17","modified_gmt":"2026-01-20T14:35:17","slug":"wie-man-die-zwei-faktor-authentifizierung-in-aisign-einrichtet","status":"publish","type":"page","link":"https:\/\/aisign.ai\/de\/support\/how-to-set-up-two-factor-authentication-in-aisign\/","title":{"rendered":"Wie man die Zwei-Faktor-Authentifizierung in AiSign einrichtet"},"content":{"rendered":"<!--themify_builder_content-->\n<div id=\"themify_builder_content-5278\" data-postid=\"5278\" class=\"themify_builder_content themify_builder_content-5278 themify_builder tf_clear\">\n                    <div  data-lazy=\"1\" class=\"module_row themify_builder_row tb_0zyv559 tb_first tf_w\">\n            <span  class=\"builder_row_cover tf_abs\" data-lazy=\"1\"><\/span>            <div class=\"row_inner col_align_top tb_col_count_1 tf_box tf_rel\">\n                        <div  data-lazy=\"1\" class=\"module_column tb-column col-full tb_5n3a051 first\">\n                    <!-- module plain text -->\n<div  class=\"module module-plain-text tb_otwp900\" data-lazy=\"1\">\n        <div class=\"tb_text_wrap\">\n    So richten Sie die Zwei-Faktor-Authentifizierung in <span class=\"ai-sing-color\">AiSign<\/span>    <\/div>\n<\/div>\n<!-- \/module plain text --><!-- module plain text -->\n<div  class=\"module module-plain-text tb_od7l045\" data-lazy=\"1\">\n        <div class=\"tb_text_wrap\">\n    Die Verbesserung der Sicherheit Ihres AiSign-Kontos ist entscheidend f\u00fcr den Schutz Ihrer sensiblen Dokumente und pers\u00f6nlichen Informationen. Die Zwei-Faktor-Authentifizierung (2FA) f\u00fcgt eine zus\u00e4tzliche Sicherheitsebene hinzu, indem sie bei der Anmeldung eine zweite Form der Verifizierung erfordert. Diese Anleitung zeigt Ihnen, wie Sie 2FA in AiSign mit E-Mail-Benachrichtigungen, Textnachrichten oder Google Authenticator einrichten.    <\/div>\n<\/div>\n<!-- \/module plain text -->        <\/div>\n                        <\/div>\n        <\/div>\n                        <div  data-lazy=\"1\" class=\"module_row themify_builder_row tb_vouj080 tf_w\">\n                        <div class=\"row_inner col_align_top gutter-none tb_col_count_3 tf_box tf_rel\">\n                        <div  data-lazy=\"1\" class=\"module_column tb-column col3-1 tb_5weg019 first\">\n                            <\/div>\n                    <div  data-lazy=\"1\" class=\"module_column tb-column col3-1 tb_xmt8410\">\n                    <!-- module text -->\n<div  class=\"module module-text tb_c3f8906\" data-lazy=\"1\">\n        <div  class=\"tb_text_wrap\">\n        <h2>Schritt-f\u00fcr-Schritt-Anleitung<\/h2>\n<h3>Schritt 1: Melden Sie sich bei Ihrem AiSign-Konto an<\/h3>\n<ul>\n<li>\u00d6ffnen Sie Ihren Webbrowser und navigieren Sie zu <a href=\"https:\/\/app.aisign.ai\/\" target=\"_blank\">AiSigns Anmeldeseite<\/a>.<\/li>\n<li>Geben Sie Ihre E-Mail-Adresse und Ihr Passwort ein und klicken Sie dann auf \u201cAnmelden\u201d.\u201d<\/li>\n<\/ul>\n<h3>Schritt 2: Zugang zu \u201cMeine Einstellungen\u201d<\/h3>\n<ul>\n<li>Wenn Sie eingeloggt sind, suchen Sie oben auf dem Bildschirm nach \u201cMeine Einstellungen\u201d.\u201d<\/li>\n<li>Klicken Sie auf \u201cMeine Einstellungen\u201d, um auf Ihre Kontoeinstellungen zuzugreifen.<\/li>\n<\/ul>\n<h3>Schritt 3: Navigieren Sie zu \u201cSicherheitseinstellungen\u201d.\u201d<\/h3>\n<ul>\n<li>Scrollen Sie auf der Seite \u201cMeine Einstellungen\u201d nach unten, um die \"Sicherheitseinstellungen\" zu finden.\u201d<\/li>\n<li>Dieser Bereich befindet sich in der N\u00e4he von \u201cZeitzone &amp; Sprache\u201d.\u201d<\/li>\n<\/ul>\n<h3>Schritt 4: W\u00e4hlen Sie Ihre Zwei-Faktoren-Authentifizierungsmethode<\/h3>\n<p>Unter Sicherheitseinstellungen haben Sie drei M\u00f6glichkeiten, die Zwei-Faktor-Authentifizierung einzurichten:<\/p>\n<ol>\n<li>E-Mail-Benachrichtigungen<\/li>\n<li>Textnachrichten (SMS)<\/li>\n<li>Google-Authentifikator<\/li>\n<\/ol>\n<h4>Option 1: E-Mail-Benachrichtigungen aktivieren<\/h4>\n<ul>\n<li>Schritt 4A: Suchen Sie die \u201cE-Mail-Best\u00e4tigung\u201d.\u201d<\/li>\n<li>Schritt 4B: Schalten Sie den Schalter auf \u201cEin\u201d, um E-Mail-Benachrichtigungen zu aktivieren.<\/li>\n<li>Schritt 4C: Es erscheint eine Best\u00e4tigungsmeldung, die besagt, dass die E-Mail-Verifizierung aktiviert ist.<\/li>\n<li>Hinweis: Wenn Sie sich anmelden, erhalten Sie eine E-Mail mit einem Verifizierungscode, um den Anmeldevorgang abzuschlie\u00dfen.<\/li>\n<\/ul>\n<h4>Option 2: Aktivieren von Textnachrichten (SMS)<\/h4>\n<ul>\n<li>Schritt 4A: Suchen Sie die \u201cSMS-Best\u00e4tigung\u201d.\u201d<\/li>\n<li>Schritt 4B: Wenn Sie Ihre Telefonnummer bereits bei AiSign verifiziert haben, k\u00f6nnen Sie mit Schritt 4D fortfahren.\n<ul>\n<li>Wenn Sie Ihre Rufnummer nicht verifiziert haben:\n<ul>\n<li>Schritt 4C: Klicken Sie auf \u201cEinrichten\u201d neben \"SMS-Verifizierung\".<\/li>\n<li>Geben Sie Ihre Mobiltelefonnummer in das vorgesehene Feld ein und klicken Sie auf \u201cCode senden\u201d.<\/li>\n<li>Sie erhalten eine Textnachricht mit einem Best\u00e4tigungscode.<\/li>\n<li>Geben Sie den Verifizierungscode in die Eingabeaufforderung von AiSign ein und klicken Sie auf \u201cVerifizieren\u201d.<\/li>\n<\/ul>\n<\/li>\n<li>Schritt 4D: Schalten Sie den Schalter \u201cSMS-Verifizierung\u201d auf \u201cEin\u201d, um die \u00dcberpr\u00fcfung von Textnachrichten zu aktivieren.<\/li>\n<li>Hinweis: Bei der Anmeldung wird ein Verifizierungscode per Textnachricht an Ihr Telefon gesendet.<\/li>\n<\/ul>\n<\/li>\n<\/ul>\n<h4>Option 3: Google Authenticator einrichten<\/h4>\n<ul>\n<li>Schritt 4A: Suchen Sie den \u201cGoogle Authenticator\u201d.\u201d<\/li>\n<li>Schritt 4B: Klicken Sie neben Google Authenticator auf \u201cEinrichten\u201d.<\/li>\n<li>Schritt 4C: Ein QR-Code wird auf dem Bildschirm angezeigt.<\/li>\n<li>Schritt 4D: Laden Sie auf Ihrem mobilen Ger\u00e4t den Google Authenticator herunter und \u00f6ffnen Sie ihn.\n<ul>\n<li>F\u00fcr iOS: <a target=\"_blank\" href=\"https:\/\/apps.apple.com\/app\/google-authenticator\/id388497605\" rel=\"noopener\">Herunterladen aus dem App Store<\/a><\/li>\n<li>F\u00fcr Android: <a href=\"https:\/\/play.google.com\/store\/apps\/details?id=com.google.android.apps.authenticator2&#038;pcampaignid=web_share\" target=\"_blank\" rel=\"noopener\">Herunterladen aus dem Google Play Store<\/a><\/li>\n<\/ul>\n<\/li>\n<li>Schritt 4E: Tippen Sie in der Google Authenticator-App auf das \u201c+\u201d-Symbol, um ein neues Konto hinzuzuf\u00fcgen.<\/li>\n<li>Schritt 4F: W\u00e4hlen Sie \u201cEinen QR-Code scannen\u201d und scannen Sie den auf AiSign angezeigten QR-Code.<\/li>\n<li>Schritt 4G: Die App generiert einen 6-stelligen Verifizierungscode f\u00fcr AiSign.<\/li>\n<li>Schritt 4H: Geben Sie diesen Code in die Eingabeaufforderung von AiSign ein.<\/li>\n<li>Schritt 4I: Klicken Sie auf \u201c\u00dcberpr\u00fcfen\u201d, um die Einrichtung abzuschlie\u00dfen.<\/li>\n<li>Hinweis: Wenn Sie sich anmelden, \u00f6ffnen Sie die Google Authenticator-App, um den Verifizierungscode abzurufen.<\/li>\n<\/ul>\n<h3>Schritt 5: Speichern Sie Ihre Einstellungen<\/h3>\n<ul>\n<li>Nachdem Sie Ihre bevorzugte 2FA-Methode ausgew\u00e4hlt und eingerichtet haben, scrollen Sie zum unteren Ende der Seite Meine Einstellungen<\/li>\n<li>Klicken Sie auf die Schaltfl\u00e4che \u201cAktualisieren\u201d, um Ihre \u00c4nderungen zu speichern.<\/li>\n<li>Es wird eine Best\u00e4tigungsmeldung angezeigt, die besagt, dass Ihre Sicherheitseinstellungen erfolgreich aktualisiert wurden.<\/li>\n<\/ul>\n<h3>Schritt 6: Testen Sie Ihre Zwei-Faktoren-Authentifizierung<\/h3>\n<ul>\n<li>Melden Sie sich von Ihrem AiSign-Konto ab.<\/li>\n<li>Melden Sie sich mit Ihrer E-Mail und Ihrem Passwort wieder an.<\/li>\n<li>Je nach der von Ihnen gew\u00e4hlten Methode werden Sie aufgefordert, den zweiten Schritt der Authentifizierung durchzuf\u00fchren:\n<ul>\n<li>E-Mail-Benachrichtigungen: Pr\u00fcfen Sie Ihre E-Mail auf den Verifizierungscode.<\/li>\n<li>Textnachrichten: \u00dcberpr\u00fcfen Sie Ihr Telefon auf den SMS-Code.<\/li>\n<li>Google Authenticator: \u00d6ffnen Sie die App, um den aktuellen Code abzurufen.<\/li>\n<\/ul>\n<\/li>\n<li>Geben Sie den Verifizierungscode ein und klicken Sie auf \u201c\u00dcberpr\u00fcfen\u201d oder \u201cAnmelden\u201d.<\/li>\n<\/ul>\n<h2>Tipps zur Verwaltung Ihrer 2FA-Einstellungen<\/h2>\n<ul>\n<li>Backup-Codes: Einige Methoden stellen bei der Einrichtung Sicherungscodes zur Verf\u00fcgung. Bewahren Sie diese an einem sicheren Ort auf, falls Sie den Zugang zu Ihrer Authentifizierungsmethode verlieren.<\/li>\n<li>Aktualisieren Sie Ihre Telefonnummer: Wenn Sie Ihre Handynummer \u00e4ndern, denken Sie daran, sie in der SMS-\u00dcberpr\u00fcfung zu aktualisieren.<\/li>\n<li>Ger\u00e4te\u00e4nderungen: Wenn Sie ein neues Ger\u00e4t erhalten, m\u00fcssen Sie Google Authenticator erneut einrichten.<\/li>\n<\/ul>\n<h2>Schlussfolgerung<\/h2>\n<p>Die Einrichtung der Zwei-Faktor-Authentifizierung in AiSign erh\u00f6ht die Sicherheit Ihres Kontos erheblich. Unabh\u00e4ngig davon, ob Sie E-Mail-Benachrichtigungen, Textnachrichten oder die Verwendung von Google Authenticator bevorzugen, tr\u00e4gt das Hinzuf\u00fcgen dieser zus\u00e4tzlichen Schutzebene zum Schutz Ihrer sensiblen Dokumente und Informationen bei. Vielen Dank, dass Sie sich die Zeit genommen haben, Ihr AiSign-Konto zu sichern!<\/p>\n    <\/div>\n<\/div>\n<!-- \/module text -->        <\/div>\n                    <div  data-lazy=\"1\" class=\"module_column tb-column col3-1 tb_sd3m550 last\">\n                            <\/div>\n                        <\/div>\n        <\/div>\n                        <div  data-lazy=\"1\" class=\"module_row themify_builder_row tb_nc7y900 tf_w\">\n                        <div class=\"row_inner col_align_top tb_col_count_1 tf_box tf_rel\">\n                        <div  data-lazy=\"1\" class=\"module_column tb-column col-full tb_z8ni944 first\">\n                            <div  data-lazy=\"1\" class=\"module_subrow themify_builder_sub_row tf_w col_align_top gutter-narrow tb_col_count_2 tb_setj490\">\n        <span  class=\"builder_row_cover tf_abs\" data-lazy=\"1\"><\/span>        <div  data-lazy=\"1\" class=\"module_column sub_column col4-2 tb_4dug496 first\">\n                    <!-- module text -->\n<div  class=\"module module-text tb_xgku492\" data-lazy=\"1\">\n        <div  class=\"tb_text_wrap\">\n        <p>Ben\u00f6tigen Sie<br>mehr Hilfe?<\/p>    <\/div>\n<\/div>\n<!-- \/module text -->        <\/div>\n                    <div  data-lazy=\"1\" class=\"module_column sub_column col4-2 tb_gyfb880 last\">\n                    <!-- module text -->\n<div  class=\"module module-text tb_issl584\" data-lazy=\"1\">\n        <div  class=\"tb_text_wrap\">\n        <p data-start=\"908\" data-end=\"1044\">Unser heroisches Support-Team kann Ihnen helfen! Kontaktieren Sie uns und erkl\u00e4ren Sie uns jedes Problem, das Sie mit dem Produkt haben.<\/p>    <\/div>\n<\/div>\n<!-- \/module text --><!-- module buttons -->\n<div  class=\"module module-buttons tb_f8h3833 buttons-horizontal solid ai-sing-button-white-alt  rounded buttons-fullwidth\" data-lazy=\"1\">\n        <div class=\"module-buttons-item tf_in_flx\">\n                        <a href=\"#\" class=\"ui builder_button tf_in_flx transparent\" >\n                                                ASK SUPPORT                                        <em><svg  class=\"tf_fa tf-ti-angle-right\" xmlns:xlink=\"http:\/\/www.w3.org\/1999\/xlink\" aria-hidden=\"true\"><use href=\"#tf-ti-angle-right\" xlink:href=\"#tf-ti-angle-right\"><\/use><\/svg><\/em>                            <\/a>\n                <\/div>\n            <\/div>\n<!-- \/module buttons -->\n        <\/div>\n                    <\/div>\n                <\/div>\n                        <\/div>\n        <\/div>\n        <\/div>\n<!--\/themify_builder_content-->","protected":false},"excerpt":{"rendered":"<p>Step-by-Step Guide Step 1: Log In to Your AiSign Account Open your web browser and navigate to AiSign\u2019s login page. Enter your email address and password, then click on the \u201cLog In\u201d Step 2: Access \u201cMy Settings\u201d Once logged in, look at the top of the screen for the \u201cMy Settings\u201d Click on \u201cMy Settings\u201d [&hellip;]<\/p>\n","protected":false},"author":9,"featured_media":0,"parent":4674,"menu_order":0,"comment_status":"closed","ping_status":"closed","template":"","meta":{"footnotes":""},"class_list":["post-5278","page","type-page","status-publish","hentry","has-post-title","has-post-date","has-post-category","has-post-tag","has-post-comment","has-post-author",""],"builder_content":"How to Set Up Two-Factor Authentication in AiSign\nEnhancing the security of your AiSign account is crucial to protect your sensitive documents and personal information. Two-Factor Authentication (2FA) adds an extra layer of security by requiring a second form of verification when logging in. This guide will show you how to set up 2FA in AiSign using email notifications, text messages, or Google Authenticator.\n<h2>Step-by-Step Guide<\/h2> <h3>Step 1: Log In to Your AiSign Account<\/h3> <ul> <li>Open your web browser and navigate to <a href=\"https:\/\/app.aisign.ai\/\" target=\"_blank\">AiSign\u2019s login page<\/a>.<\/li> <li>Enter your email address and password, then click on the \u201cLog In\u201d<\/li> <\/ul> <h3>Step 2: Access \u201cMy Settings\u201d<\/h3> <ul> <li>Once logged in, look at the top of the screen for the \u201cMy Settings\u201d<\/li> <li>Click on \u201cMy Settings\u201d to access your account settings.<\/li> <\/ul> <h3>Step 3: Navigate to \u201cSecurity Settings\u201d<\/h3> <ul> <li>On the My Settings page, scroll down to find the \u201cSecurity Settings\u201d<\/li> <li>This section is located near the \u201cTimezone &amp; Language\u201d<\/li> <\/ul> <h3>Step 4: Choose Your Two-Factor Authentication Method<\/h3> <p>Under Security Settings, you have three options to set up Two-Factor Authentication:<\/p> <ol> <li>Email Notifications<\/li> <li>Text Messages (SMS)<\/li> <li>Google Authenticator<\/li> <\/ol> <h4>Option 1: Enable Email Notifications<\/h4> <ul> <li>Step 4A: Locate the \u201cEmail Verification\u201d<\/li> <li>Step 4B: Toggle the switch to \u201cOn\u201d to enable email notifications.<\/li> <li>Step 4C: A confirmation message will appear stating that email verification is enabled.<\/li> <li>Note: When logging in, you\u2019ll receive an email with a verification code to complete the login process.<\/li> <\/ul> <h4>Option 2: Enable Text Messages (SMS)<\/h4> <ul> <li>Step 4A: Locate the \u201cSMS Verification\u201d<\/li> <li>Step 4B: If you have already verified your phone number with AiSign, you can skip to Step 4D. <ul> <li>If you haven\u2019t verified your phone number: <ul> <li>Step 4C: Click on \u201cSet Up\u201dnext to SMS Verification.<\/li> <li>Enter your mobile phone number in the provided field and click on \u201cSend Code\u201d.<\/li> <li>You\u2019ll receive a text message with a verification code.<\/li> <li>Enter the verification code into the prompt on AiSign and click \u201cVerify\u201d.<\/li> <\/ul> <\/li> <li>Step 4D: Toggle the \u201cSMS Verification\u201d switch to \u201cOn\u201d to enable text message verification.<\/li> <li>Note: When logging in, a verification code will be sent to your phone via text message.<\/li> <\/ul> <\/li> <\/ul> <h4>Option 3: Set Up Google Authenticator<\/h4> <ul> <li>Step 4A: Locate the \u201cGoogle Authenticator\u201d<\/li> <li>Step 4B: Click on \u201cSet Up\u201dnext to Google Authenticator.<\/li> <li>Step 4C: A QR code will appear on the screen.<\/li> <li>Step 4D: On your mobile device, download and open the Google Authenticator <ul> <li>For iOS: <a target=\"_blank\" href=\"https:\/\/apps.apple.com\/app\/google-authenticator\/id388497605\" rel=\"noopener\">Download from the App Store<\/a><\/li> <li>For Android: <a href=\"https:\/\/play.google.com\/store\/apps\/details?id=com.google.android.apps.authenticator2&pcampaignid=web_share\" target=\"_blank\" rel=\"noopener\">Download from Google Play Store<\/a><\/li> <\/ul> <\/li> <li>Step 4E: In the Google Authenticator app, tap on the \u201c+\u201d icon to add a new account.<\/li> <li>Step 4F: Select \u201cScan a QR code\u201d and scan the QR code displayed on AiSign.<\/li> <li>Step 4G: The app will generate a 6-digit verification code for AiSign.<\/li> <li>Step 4H: Enter this code into the prompt on AiSign.<\/li> <li>Step 4I: Click \u201cVerify\u201d to complete the setup.<\/li> <li>Note: When logging in, you\u2019ll open the Google Authenticator app to retrieve the verification code.<\/li> <\/ul> <h3>Step 5: Save Your Settings<\/h3> <ul> <li>After choosing and setting up your preferred 2FA method, scroll down to the bottom of the My Settings<\/li> <li>Click on the \u201cUpdate\u201d button to save your changes.<\/li> <li>A confirmation message will appear indicating that your security settings have been updated successfully.<\/li> <\/ul> <h3>Step 6: Test Your Two-Factor Authentication<\/h3> <ul> <li>Log Out of your AiSign account.<\/li> <li>Log Back In using your email and password.<\/li> <li>You will be prompted to complete the second step of authentication based on the method you selected: <ul> <li>Email Notifications: Check your email for the verification code.<\/li> <li>Text Messages: Check your phone for the SMS code.<\/li> <li>Google Authenticator: Open the app to retrieve the current code.<\/li> <\/ul> <\/li> <li>Enter the verification code and click \u201cVerify\u201d or \u201cLog In\u201d.<\/li> <\/ul> <h2>Tips for Managing Your 2FA Settings<\/h2> <ul> <li>Backup Codes: Some methods provide backup codes during setup. Save these in a secure place in case you lose access to your authentication method.<\/li> <li>Update Your Phone Number: If you change your mobile number, remember to update it in the SMS Verification<\/li> <li>Device Changes: If you get a new device, you\u2019ll need to set up Google Authenticator again.<\/li> <\/ul> <h2>Conclusion<\/h2> <p>Setting up Two-Factor Authentication in AiSign significantly enhances the security of your account. Whether you prefer email notifications, text messages, or using Google Authenticator, adding this extra layer of protection helps safeguard your sensitive documents and information. Thank you for taking the time to secure your AiSign account!<\/p>\n<p>Do you need<br>more help?<\/p>\n<p data-start=\"908\" data-end=\"1044\">Our Heroic support team can hel you! Contact and explain us any problem you're having with the product.<\/p>\n<a href=\"#\" > ASK SUPPORT <em><svg xmlns:xlink=\"http:\/\/www.w3.org\/1999\/xlink\" aria-hidden=\"true\"><use href=\"#tf-ti-angle-right\" xlink:href=\"#tf-ti-angle-right\"><\/use><\/svg><\/em> <\/a>","_links":{"self":[{"href":"https:\/\/aisign.ai\/de\/wp-json\/wp\/v2\/pages\/5278","targetHints":{"allow":["GET"]}}],"collection":[{"href":"https:\/\/aisign.ai\/de\/wp-json\/wp\/v2\/pages"}],"about":[{"href":"https:\/\/aisign.ai\/de\/wp-json\/wp\/v2\/types\/page"}],"author":[{"embeddable":true,"href":"https:\/\/aisign.ai\/de\/wp-json\/wp\/v2\/users\/9"}],"replies":[{"embeddable":true,"href":"https:\/\/aisign.ai\/de\/wp-json\/wp\/v2\/comments?post=5278"}],"version-history":[{"count":8,"href":"https:\/\/aisign.ai\/de\/wp-json\/wp\/v2\/pages\/5278\/revisions"}],"predecessor-version":[{"id":5294,"href":"https:\/\/aisign.ai\/de\/wp-json\/wp\/v2\/pages\/5278\/revisions\/5294"}],"up":[{"embeddable":true,"href":"https:\/\/aisign.ai\/de\/wp-json\/wp\/v2\/pages\/4674"}],"wp:attachment":[{"href":"https:\/\/aisign.ai\/de\/wp-json\/wp\/v2\/media?parent=5278"}],"curies":[{"name":"wp","href":"https:\/\/api.w.org\/{rel}","templated":true}]}}