{"id":5616,"date":"2026-01-14T11:14:08","date_gmt":"2026-01-14T11:14:08","guid":{"rendered":"https:\/\/aisign.ai\/?page_id=5616"},"modified":"2026-01-14T11:14:08","modified_gmt":"2026-01-14T11:14:08","slug":"datenschutzbestimmungen","status":"publish","type":"page","link":"https:\/\/aisign.ai\/de\/privacy-policy\/","title":{"rendered":"Datenschutzbestimmungen"},"content":{"rendered":"<!--themify_builder_content-->\n<div id=\"themify_builder_content-5616\" data-postid=\"5616\" class=\"themify_builder_content themify_builder_content-5616 themify_builder tf_clear\">\n                    <div  data-lazy=\"1\" class=\"module_row themify_builder_row tb_qdge040 tb_first tf_w\">\n            <span  class=\"builder_row_cover tf_abs\" data-lazy=\"1\"><\/span>            <div class=\"row_inner col_align_top tb_col_count_1 tf_box tf_rel\">\n                        <div  data-lazy=\"1\" class=\"module_column tb-column col-full tb_k3tp838 first\">\n                    <!-- module plain text -->\n<div  class=\"module module-plain-text tb_vj3z608\" data-lazy=\"1\">\n        <div class=\"tb_text_wrap\">\n    <span class=\"ai-sing-color\">AiSign<\/span> Datenschutzbestimmungen    <\/div>\n<\/div>\n<!-- \/module plain text --><!-- module plain text -->\n<div  class=\"module module-plain-text tb_gqkw600\" data-lazy=\"1\">\n        <div class=\"tb_text_wrap\">\n    Diese Datenschutzrichtlinie ist am 11. Januar 2024 in Kraft getreten und wurde erstellt, um mit der GDPR konform zu sein. PIPEDA, Australian Privacy Act von 1988, DPA und CalOPPA, nationales und internationales Recht.    <\/div>\n<\/div>\n<!-- \/module plain text -->        <\/div>\n                        <\/div>\n        <\/div>\n                        <div  data-lazy=\"1\" class=\"module_row themify_builder_row tb_ql6f736 tf_w\">\n                        <div class=\"row_inner col_align_top gutter-none tb_col_count_3 tf_box tf_rel\">\n                        <div  data-lazy=\"1\" class=\"module_column tb-column col3-1 tb_7jkz336 first\">\n                            <\/div>\n                    <div  data-lazy=\"1\" class=\"module_column tb-column col3-1 tb_0no4670\">\n                    <!-- module text -->\n<div  class=\"module module-text tb_fkfz708\" data-lazy=\"1\">\n        <div  class=\"tb_text_wrap\">\n        <h2>Wer wir sind<\/h2>\n<p>Unsere Website-Adresse lautet: <a href=\"https:\/\/aisign.ai\/de\/\">aisign.ai<\/a>. Diese Adresse ist verbunden mit Malca Corp, Inc mit Sitz in 8211 W Broward Blvd #410, Plantation, FL 33324, USA.<\/p>\n<h3>Welche personenbezogenen Daten wir sammeln und warum wir sie sammeln:<\/h3>\n<h4>Kommentare<\/h4>\n<p>Wenn Besucher Kommentare auf der Website hinterlassen, erfassen wir die im Kommentarformular angezeigten Daten sowie die IP-Adresse des Besuchers und den User-Agent-String des Browsers, um die Spam-Erkennung zu erleichtern.<\/p>\n<p>Eine anonymisierte Zeichenfolge, die aus Ihrer E-Mail-Adresse erstellt wird (auch Hash genannt), kann dem Gravatar-Dienst zur Verf\u00fcgung gestellt werden, um zu sehen, ob Sie ihn benutzen. Die Datenschutzrichtlinien des Gravatar-Dienstes finden Sie hier: https:\/\/automattic.com\/privacy\/. Nach der Freigabe Ihres Kommentars ist Ihr Profilbild im Zusammenhang mit Ihrem Kommentar \u00f6ffentlich sichtbar.<\/p>\n<h4>Kontakt und andere pers\u00f6nliche Informationen<\/h4>\n<p>Informationen, die Sie in unsere Website-Formulare eingeben, werden zu Marketing-, Analyse- und Lead-Generierungszwecken gesammelt. Wenn Sie ein Kontaktformular ausf\u00fcllen, erkl\u00e4ren Sie sich damit einverstanden, unseren Blog zu abonnieren, und Ihr Name und Ihre E-Mail-Adresse werden ebenfalls gespeichert. Die \u00fcbermittelten Informationen werden auf unseren Servern auf unbestimmte Zeit gespeichert. Wenn Sie m\u00f6chten, dass diese Informationen entfernt werden, m\u00fcssen Sie sich an unser Kundendienstteam wenden. Wir werden unser Bestes tun, um Ihre Kontaktinformationen vollst\u00e4ndig und zeitnah zu entfernen.<\/p>\n<p>Zu den gespeicherten Informationen geh\u00f6ren: Name, E-Mail, Telefonnummer, geschriebene Nachrichten und alle anderen freiwilligen Eingaben in unsere Website-Formulare.<\/p>\n<h4>Cookies<\/h4>\n<p>Wenn Sie unsere Website besuchen oder mit ihr interagieren, wird Ihre IP-Adresse in Cookies gespeichert. Dies geschieht zu Remarketing-Zwecken mit gro\u00dfen technischen Diensten wie Facebook-Anzeigen, Google-Anzeigen und mehr.<\/p>\n<p>Wenn Sie ein Konto haben und sich auf dieser Website anmelden, setzen wir ein tempor\u00e4res Cookie, um festzustellen, ob Ihr Browser Cookies zul\u00e4sst. Dieses Cookie enth\u00e4lt keine pers\u00f6nlichen Daten und wird gel\u00f6scht, wenn Sie Ihren Browser schlie\u00dfen.<\/p>\n<p>Wenn Sie sich anmelden, legen wir au\u00dferdem mehrere Cookies an, um Ihre Anmeldeinformationen und die von Ihnen gew\u00e4hlten Bildschirmoptionen zu speichern. Die Anmelde-Cookies bleiben zwei Tage lang gespeichert, die Cookies f\u00fcr die Bildschirmoptionen ein Jahr lang. Wenn Sie \"Remember Me\" w\u00e4hlen, bleibt Ihr Login zwei Wochen lang erhalten. Wenn Sie sich von Ihrem Konto abmelden, werden die Anmelde-Cookies entfernt.<\/p>\n<h4>Zahlungsinformationen<\/h4>\n<p>Wenn Sie auf unserer Website einen Kauf t\u00e4tigen, speichern wir Ihren vollst\u00e4ndigen Namen, Ihre E-Mail-Adresse, Ihre Rechnungsadresse, Ihre Lieferadresse, die letzten vier Ziffern Ihrer Kreditkartennummer oder PayPal-E-Mail-Adresse und das Bestelldatum. Wir verwenden gro\u00dfe Drittanbieter wie PayPal und Stripe, um Online-Zahlungen abzuwickeln. Wir speichern keine sensiblen Zahlungsinformationen auf unseren eigenen Servern. Wenn Sie einen Kauf \u00fcber unseren Squarespace-Onlineshop t\u00e4tigen, k\u00f6nnen wir die letzten vier Ziffern Ihrer Kreditkarte oder Ihre PayPal-E-Mail-Adresse sehen, je nachdem, welche Zahlungsmethode Sie verwenden. Bitte lesen Sie die Datenschutzrichtlinien von Stripe und PayPal, um mehr dar\u00fcber zu erfahren, wie sie Ihre Zahlungsinformationen verwenden und speichern.<\/p>\n<h3>Eingebettete Inhalte von anderen Websites<\/h3>\n<p>Die Artikel auf dieser Website k\u00f6nnen eingebettete Inhalte (z. B. Videos, Bilder, Artikel usw.) enthalten. Eingebettete Inhalte von anderen Websites verhalten sich genau so, als ob der Besucher die andere Website besucht h\u00e4tte.<\/p>\n<p>Diese Websites k\u00f6nnen Daten \u00fcber Sie sammeln, Cookies verwenden, zus\u00e4tzliche Trackingfunktionen von Dritten einbetten und Ihre Interaktion mit diesen eingebetteten Inhalten \u00fcberwachen, einschlie\u00dflich der Verfolgung Ihrer Interaktion mit den eingebetteten Inhalten, wenn Sie ein Konto haben und auf dieser Website angemeldet sind.<\/p>\n<h2>Analytik<\/h2>\n<h3>Mit wem wir Ihre Daten teilen<\/h3>\n<p>Daten von unserer Website (einschlie\u00dflich IP-Adresse, Standort des Besuchers und mehr) werden mit Google Analytics, Google Search Console, Facebook Business Manager, LinkedIn Business Manager, Twitter Business Manager und anderen nach unserem Ermessen geteilt. Wir verkaufen die Daten unserer Besucher nicht an Drittanbieter f\u00fcr die Lead-Generierung oder andere Unternehmen, die mit b\u00f6sartigen Praktiken oder Spam in Verbindung gebracht werden.<\/p>\n<h3>Wie lange wir Ihre Daten aufbewahren<\/h3>\n<p>Die meisten Daten, die wir von Besuchern erhalten, werden von unserer Analyse- und CRM-Software auf unbestimmte Zeit gespeichert. Zu diesen Daten geh\u00f6ren die IP-Adresse des Nutzers, sein Standort, sein Verhalten auf unserer Website und seine Kontaktinformationen, wenn er sie freiwillig \u00fcber ein Formular auf der Website angibt.<\/p>\n<p>Bei Nutzern, die sich auf unserer Website registrieren, speichern wir auch die pers\u00f6nlichen Daten, die sie in ihrem Nutzerprofil angeben. Alle Nutzer k\u00f6nnen ihre pers\u00f6nlichen Daten jederzeit einsehen, bearbeiten oder l\u00f6schen (sie k\u00f6nnen jedoch ihren Benutzernamen nicht \u00e4ndern). Auch die Administratoren der Website k\u00f6nnen diese Informationen einsehen und bearbeiten.<\/p>\n<h2>Ihre Kontaktinformationen<\/h2>\n<p>Ihre Kontaktinformationen werden ausschlie\u00dflich durch freiwillige Eingaben gesammelt. Wenn Sie m\u00f6chten, dass Ihre Kontaktinformationen aus unseren Datenbanken entfernt werden, wenden Sie sich bitte an unser Support-Team und stellen Sie eine Anfrage. Bitte besuchen Sie unseren Abschnitt \"Kontaktinformationen\" auf dieser Website, um mehr zu erfahren.<\/p>\n<h4>Welche Rechte Sie \u00fcber Ihre Daten haben<\/h4>\n<p>Die Besucher unserer Website haben das Recht, die Entfernung ihrer Kontaktdaten aus unseren Datenbanken zu verlangen, indem sie uns entweder manuell oder \u00fcber ihren Browser mit automatisierten Einstellungen eine \"Do-Not-Track\"-Anforderung senden. Besucher unserer Website k\u00f6nnen nicht verlangen, dass wir IP-Adressinformationen entfernen, da diese Daten auf Servern gespeichert werden, \u00fcber die wir keine Kontrolle haben. Bitte besuchen Sie die Seiten mit den Datenschutzrichtlinien von Facebook, Google, LinkedIn und Twitter, um mehr dar\u00fcber zu erfahren, wie diese wichtigen gro\u00dfen Technologieunternehmen Ihre Daten verwenden und speichern.<\/p>\n<h2>K\u00fcnftige \u00c4nderungen an dieser Politik<\/h2>\n<p>K\u00fcnftige \u00c4nderungen an dieser Politik werden auf unserer Website ver\u00f6ffentlicht. \u00c4nderungen werden in regelm\u00e4\u00dfigen Abst\u00e4nden vorgenommen, um mit den internationalen und US-amerikanischen Gesetzen Schritt zu halten. Bei gr\u00f6\u00dferen \u00c4nderungen, wie z. B. der Weitergabe von Kontaktinformationen, werden wir unsere Website-Abonnenten, die der Zusendung von Mitteilungen zugestimmt haben, per E-Mail benachrichtigen.<\/p>    <\/div>\n<\/div>\n<!-- \/module text -->        <\/div>\n                    <div  data-lazy=\"1\" class=\"module_column tb-column col3-1 tb_87nl083 last\">\n                            <\/div>\n                        <\/div>\n        <\/div>\n                        <div  data-lazy=\"1\" class=\"module_row themify_builder_row tb_l7do858 tf_w\">\n                        <div class=\"row_inner col_align_top tb_col_count_1 tf_box tf_rel\">\n                        <div  data-lazy=\"1\" class=\"module_column tb-column col-full tb_db8b803 first\">\n                            <div  data-lazy=\"1\" class=\"module_subrow themify_builder_sub_row tf_w col_align_top gutter-narrow tb_col_count_2 tb_1woj663\">\n        <span  class=\"builder_row_cover tf_abs\" data-lazy=\"1\"><\/span>        <div  data-lazy=\"1\" class=\"module_column sub_column col4-2 tb_g0yx365 first\">\n                    <!-- module text -->\n<div  class=\"module module-text tb_pehm986\" data-lazy=\"1\">\n        <div  class=\"tb_text_wrap\">\n        <p>Ben\u00f6tigen Sie<br>mehr Hilfe?<\/p>    <\/div>\n<\/div>\n<!-- \/module text -->        <\/div>\n                    <div  data-lazy=\"1\" class=\"module_column sub_column col4-2 tb_qtna610 last\">\n                    <!-- module text -->\n<div  class=\"module module-text tb_sa51008\" data-lazy=\"1\">\n        <div  class=\"tb_text_wrap\">\n        <p data-start=\"908\" data-end=\"1044\">Unser heroisches Support-Team kann Ihnen helfen! Kontaktieren Sie uns und erkl\u00e4ren Sie uns jedes Problem, das Sie mit dem Produkt haben.<\/p>    <\/div>\n<\/div>\n<!-- \/module text --><!-- module buttons -->\n<div  class=\"module module-buttons tb_qdj3664 buttons-horizontal solid ai-sing-button-white-alt  rounded buttons-fullwidth\" data-lazy=\"1\">\n        <div class=\"module-buttons-item tf_in_flx\">\n                        <a href=\"#\" class=\"ui builder_button tf_in_flx transparent\" >\n                                                ASK SUPPORT                                        <em><svg  class=\"tf_fa tf-ti-angle-right\" xmlns:xlink=\"http:\/\/www.w3.org\/1999\/xlink\" aria-hidden=\"true\"><use href=\"#tf-ti-angle-right\" xlink:href=\"#tf-ti-angle-right\"><\/use><\/svg><\/em>                            <\/a>\n                <\/div>\n            <\/div>\n<!-- \/module buttons -->\n        <\/div>\n                    <\/div>\n                <\/div>\n                        <\/div>\n        <\/div>\n        <\/div>\n<!--\/themify_builder_content-->","protected":false},"excerpt":{"rendered":"<p>Who we are Our website address is: aisign.ai. This address is affiliated with Malca Corp, Inc located at 8211 W Broward Blvd #410, Plantation, FL 33324, USA. What personal data we collect and why we collect it: Comments When visitors leave comments on the site we collect the data shown in the comments form, and [&hellip;]<\/p>\n","protected":false},"author":9,"featured_media":0,"parent":0,"menu_order":0,"comment_status":"closed","ping_status":"closed","template":"","meta":{"footnotes":""},"class_list":["post-5616","page","type-page","status-publish","hentry","has-post-title","has-post-date","has-post-category","has-post-tag","has-post-comment","has-post-author",""],"builder_content":"AiSign Privacy Policy\nThis privacy policy is effective January 11th, 2024 and created to be compliant with GDPR. PIPEDA, Australian Privacy Act of 1988, DPA, and CalOPPA domestic and international law.\n<h2>Who we are<\/h2> <p>Our website address is: <a href=\"https:\/\/aisign.ai\">aisign.ai<\/a>. This address is affiliated with Malca Corp, Inc located at 8211 W Broward Blvd #410, Plantation, FL 33324, USA.<\/p> <h3>What personal data we collect and why we collect it:<\/h3> <h4>Comments<\/h4> <p>When visitors leave comments on the site we collect the data shown in the comments form, and also the visitor\u2019s IP address and browser user agent string to help spam detection.<\/p> <p>An anonymized string created from your email address (also called a hash) may be provided to the Gravatar service to see if you are using it. The Gravatar service privacy policy is available here: https:\/\/automattic.com\/privacy\/. After approval of your comment, your profile picture is visible to the public in the context of your comment.<\/p> <h4>Contact And Other Personal Information<\/h4> <p>Information you submit to our website forms is collected for marketing, analysis, and lead generation purposes. If you submit a contact form you are agreeing to subscribe to our blog and your name and email address are stored as well. The information submitted is store indefinitely on our servers. If you would like this information removed you must contact our customer support team. We will do our best to remove your contact information completely and in a timely manner.<\/p> <p>Information stored includes: name, email, phone number, any message written, and any other voluntary inputs on our website form.<\/p> <h4>Cookies<\/h4> <p>If you visit or interact with our site your IP address will be saved in cookies. These are remarketing purposes with large tech services such as Facebook ads, Google display ads, and more.<\/p> <p>If you have an account and you log in to this site, we will set a temporary cookie to determine if your browser accepts cookies. This cookie contains no personal data and is discarded when you close your browser.<\/p> <p>When you log in, we will also set up several cookies to save your login information and your screen display choices. Login cookies last for two days, and screen options cookies last for a year. If you select \u201cRemember Me\u201d, your login will persist for two weeks. If you log out of your account, the login cookies will be removed.<\/p> <h4>Payment Information<\/h4> <p>If you make a purchase on our website we save your full name, email address, billing address, shipping address, the last four of your credit card number or PayPal email address, and order date. We use large 3rd party payment processors such as PayPal and Stripe to process online payments. We do not store sensitive payment information on our own servers. If you make a purchase through our Squarespace online store then we can see the last four digits of your credit card or your PayPal email depending on which payment method you use. Please review Stripe and PayPal\u2019s privacy policies to learn more about how they use and store your payment information.<\/p> <h3>Embedded content from other websites<\/h3> <p>Articles on this site may include embedded content (e.g. videos, images, articles, etc.). Embedded content from other websites behaves in the exact same way as if the visitor has visited the other website.<\/p> <p>These websites may collect data about you, use cookies, embed additional third-party tracking, and monitor your interaction with that embedded content, including tracking your interaction with the embedded content if you have an account and are logged in to that website.<\/p> <h2>Analytics<\/h2> <h3>Who we share your data with<\/h3> <p>Data from our website (including IP address, visitor location, and more) is shared with Google analytics, Google search console, Facebook business manager, LinkedIn business manager, Twitter business manager, and others at our discretion. We do not sell our visitors data to 3rd party lead generation companies or other companies associated with malicious practices or spam.<\/p> <h3>How long we retain your data<\/h3> <p>Most data received from visitors is stored indefinitely by our analytics and CRM software. This data includes user IP address, location, behavior while on our website, and contact information if the contact information is submitted voluntarily through a website form.<\/p> <p>For users that register on our website, we also store the personal information they provide in their user profile. All users can see, edit, or delete their personal information at any time (except they cannot change their username). Website administrators can also see and edit that information.<\/p> <h2>Your contact information<\/h2> <p>Your contact information is collected solely from voluntary inputs. If you would like your contact information removed from our databases please contact our support team and make a request. Please visit our contact information section on this website to learn more.<\/p> <h4>What Rights You Have Over Your Data<\/h4> <p>Visitors to our website have the right to request their contact information removed from our databases by sending us a \u201cdo not track\u201d request either manually or through their browser with automated settings. Visitors to our website cannot request that we remove IP address information as this data is stored on servers that we do not have control over. Please visit Facebook, Google, LinkedIn, Twitter privacy policy pages for more information about how these essential big tech companies use and store your data.<\/p> <h2>Future Changes To This Policy<\/h2> <p>Any future changes to this policy will be visible on our website. Changes are made periodically to keep up with international and USA state\/federal laws. If there are major changes such as sharing contact information we will send a notice through email to our website subscribers who have agreed to allow us to send them communications.<\/p>\n<p>Do you need<br>more help?<\/p>\n<p data-start=\"908\" data-end=\"1044\">Our Heroic support team can hel you! Contact and explain us any problem you're having with the product.<\/p>\n<a href=\"#\" > ASK SUPPORT <em><svg xmlns:xlink=\"http:\/\/www.w3.org\/1999\/xlink\" aria-hidden=\"true\"><use href=\"#tf-ti-angle-right\" xlink:href=\"#tf-ti-angle-right\"><\/use><\/svg><\/em> <\/a>","_links":{"self":[{"href":"https:\/\/aisign.ai\/de\/wp-json\/wp\/v2\/pages\/5616","targetHints":{"allow":["GET"]}}],"collection":[{"href":"https:\/\/aisign.ai\/de\/wp-json\/wp\/v2\/pages"}],"about":[{"href":"https:\/\/aisign.ai\/de\/wp-json\/wp\/v2\/types\/page"}],"author":[{"embeddable":true,"href":"https:\/\/aisign.ai\/de\/wp-json\/wp\/v2\/users\/9"}],"replies":[{"embeddable":true,"href":"https:\/\/aisign.ai\/de\/wp-json\/wp\/v2\/comments?post=5616"}],"version-history":[{"count":5,"href":"https:\/\/aisign.ai\/de\/wp-json\/wp\/v2\/pages\/5616\/revisions"}],"predecessor-version":[{"id":5633,"href":"https:\/\/aisign.ai\/de\/wp-json\/wp\/v2\/pages\/5616\/revisions\/5633"}],"wp:attachment":[{"href":"https:\/\/aisign.ai\/de\/wp-json\/wp\/v2\/media?parent=5616"}],"curies":[{"name":"wp","href":"https:\/\/api.w.org\/{rel}","templated":true}]}}