{"id":5197,"date":"2026-01-13T10:44:04","date_gmt":"2026-01-13T10:44:04","guid":{"rendered":"https:\/\/aisign.ai\/?page_id=5197"},"modified":"2026-01-20T14:35:14","modified_gmt":"2026-01-20T14:35:14","slug":"como-crear-y-utilizar-plantillas-de-contratos","status":"publish","type":"page","link":"https:\/\/aisign.ai\/es\/support\/how-to-create-and-use-contract-templates\/","title":{"rendered":"C\u00f3mo crear y utilizar plantillas de contratos"},"content":{"rendered":"<!--themify_builder_content-->\n<div id=\"themify_builder_content-5197\" data-postid=\"5197\" class=\"themify_builder_content themify_builder_content-5197 themify_builder tf_clear\">\n                    <div  data-lazy=\"1\" class=\"module_row themify_builder_row tb_q4b1455 tb_first tf_w\">\n            <span  class=\"builder_row_cover tf_abs\" data-lazy=\"1\"><\/span>            <div class=\"row_inner col_align_top tb_col_count_1 tf_box tf_rel\">\n                        <div  data-lazy=\"1\" class=\"module_column tb-column col-full tb_aflb355 first\">\n                    <!-- module plain text -->\n<div  class=\"module module-plain-text tb_82xa006\" data-lazy=\"1\">\n        <div class=\"tb_text_wrap\">\n    C\u00f3mo crear y utilizar plantillas de contratos    <\/div>\n<\/div>\n<!-- \/module plain text --><!-- module plain text -->\n<div  class=\"module module-plain-text tb_jki2233\" data-lazy=\"1\">\n        <div class=\"tb_text_wrap\">\n    \u00a1Bienvenido a AiSign! Esta gu\u00eda le ayudar\u00e1 a crear y utilizar plantillas de contratos con facilidad y eficacia.    <\/div>\n<\/div>\n<!-- \/module plain text -->        <\/div>\n                        <\/div>\n        <\/div>\n                        <div  data-lazy=\"1\" class=\"module_row themify_builder_row tb_nq3y184 tf_w\">\n                        <div class=\"row_inner col_align_top gutter-none tb_col_count_3 tf_box tf_rel\">\n                        <div  data-lazy=\"1\" class=\"module_column tb-column col3-1 tb_1a57184 first\">\n                            <\/div>\n                    <div  data-lazy=\"1\" class=\"module_column tb-column col3-1 tb_akd6900\">\n                    <!-- module text -->\n<div  class=\"module module-text tb_im9s978\" data-lazy=\"1\">\n        <div  class=\"tb_text_wrap\">\n        <h2>Creaci\u00f3n de un modelo de contrato<\/h2>\n<h3>Paso 1: Vaya a la pesta\u00f1a Plantilla<\/h3>\n<ul>\n<li>Inicie sesi\u00f3n en AiSigny vaya a la pesta\u00f1a \u2018Plantilla\u2019 del men\u00fa principal.<\/li>\n<li>Cargue su documento:\n<ul>\n<li>Arrastre y suelte su archivo de documento en el \u00e1rea designada.<\/li>\n<li>O haz clic en \u2018Cargar\" para seleccionar un archivo de tu ordenador.<\/li>\n<\/ul>\n<\/li>\n<\/ul>\n<h3>Paso 2: Introducir los datos de la plantilla<\/h3>\n<ul>\n<li>Nombre de la plantilla: Proporcione un nombre descriptivo para su plantilla.<\/li>\n<li>N\u00famero de destinatarios: Especifique cu\u00e1ntas personas deben firmar el documento.<\/li>\n<li>T\u00edtulo y mensaje de correo electr\u00f3nico opcionales:\n<ul>\n<li>T\u00edtulo del correo electr\u00f3nico: Personaliza el asunto del correo electr\u00f3nico que se enviar\u00e1 a los firmantes.<\/li>\n<li>Mensaje: A\u00f1ade un mensaje personalizado para los destinatarios.<\/li>\n<\/ul>\n<\/li>\n<\/ul>\n<h3>Paso 3: Pasar al editor<\/h3>\n<ul>\n<li>Haga clic en \u2018Continuar\" para pasar al editor de plantillas.<\/li>\n<\/ul>\n<h3>Paso 4: A\u00f1adir campos al documento<\/h3>\n<ul>\n<li>Arrastrar y soltar campos:\n<ul>\n<li>En el editor, seleccione los campos necesarios (por ejemplo, firma, fecha, iniciales) en la barra de herramientas.<\/li>\n<li>Arrastre cada campo al lugar apropiado de su documento.<\/li>\n<\/ul>\n<\/li>\n<li>Asignar campos a destinatarios:\n<ul>\n<li>Para documentos con varios destinatarios:\n<ul>\n<li>Haga clic en \u2018Marcador de posici\u00f3n 1\u2019 en la parte superior de las opciones de campo.<\/li>\n<li>Seleccione \u2018Marcador de posici\u00f3n 2\u2019, \u2018Marcador de posici\u00f3n 3\u2019, etc., en el men\u00fa desplegable para asignar campos a distintos destinatarios.<\/li>\n<\/ul>\n<\/li>\n<li>Repita el proceso para cada destinatario.<\/li>\n<\/ul>\n<\/li>\n<\/ul>\n<h3>Paso 5: Finalizar la plantilla<\/h3>\n<ul>\n<li>Una vez introducidos todos los campos necesarios, haga clic en \u2018Continuar\" para guardar la plantilla.<\/li>\n<\/ul>\n<h2>Uso de la plantilla<\/h2>\n<h3>Paso 6: Seleccione y utilice su plantilla<\/h3>\n<ul>\n<li>En la pesta\u00f1a \u2018Plantilla\", busque la plantilla que desea utilizar.<\/li>\n<li>Haga clic en \u2018Utilizar\" junto a la plantilla.<\/li>\n<\/ul>\n<h3>Paso 7: Introducir datos del firmante<\/h3>\n<ul>\n<li>Informaci\u00f3n del firmante:\n<ul>\n<li>Introduzca el nombre y la direcci\u00f3n de correo electr\u00f3nico de cada firmante.<\/li>\n<\/ul>\n<\/li>\n<li>T\u00edtulo y mensaje de correo electr\u00f3nico opcionales:\n<ul>\n<li>Personalice el asunto y el mensaje del correo electr\u00f3nico si es necesario.<\/li>\n<\/ul>\n<\/li>\n<\/ul>\n<h3>Paso 8: Revisar y a\u00f1adir campos adicionales (opcional)<\/h3>\n<ul>\n<li>Haga clic en \u2018Continuar\" para ir al editor.<\/li>\n<li>Campos pre-rellenados: El documento mostrar\u00e1 todos los campos que haya a\u00f1adido en la plantilla.<\/li>\n<li>A\u00f1adir m\u00e1s campos: Si es necesario, arrastre campos adicionales al documento.<\/li>\n<\/ul>\n<h3>Paso 9: Enviar el documento<\/h3>\n<ul>\n<li>Despu\u00e9s de revisar, haga clic en \u2018Continuar\u2019.<\/li>\n<li>Aparecer\u00e1 una p\u00e1gina de confirmaci\u00f3n, indicando que el documento ha sido enviado a los destinatarios.<\/li>\n<\/ul>\n<h2>Conclusi\u00f3n<\/h2>\n<p>Y ya est\u00e1. Crear y utilizar plantillas con AiSign es as\u00ed de sencillo. Gracias por usar AiSign y \u00a1feliz firma!<\/p>\n    <\/div>\n<\/div>\n<!-- \/module text -->        <\/div>\n                    <div  data-lazy=\"1\" class=\"module_column tb-column col3-1 tb_e3qu900 last\">\n                            <\/div>\n                        <\/div>\n        <\/div>\n                        <div  data-lazy=\"1\" class=\"module_row themify_builder_row tb_lu2o455 tf_w\">\n                        <div class=\"row_inner col_align_top tb_col_count_1 tf_box tf_rel\">\n                        <div  data-lazy=\"1\" class=\"module_column tb-column col-full tb_grcd455 first\">\n                            <div  data-lazy=\"1\" class=\"module_subrow themify_builder_sub_row tf_w col_align_top gutter-narrow tb_col_count_2 tb_iijp455\">\n        <span  class=\"builder_row_cover tf_abs\" data-lazy=\"1\"><\/span>        <div  data-lazy=\"1\" class=\"module_column sub_column col4-2 tb_fmg2455 first\">\n                    <!-- module text -->\n<div  class=\"module module-text tb_y8q4455\" data-lazy=\"1\">\n        <div  class=\"tb_text_wrap\">\n        <p>\u00bfNecesita<br>\u00bfM\u00e1s ayuda?<\/p>    <\/div>\n<\/div>\n<!-- \/module text -->        <\/div>\n                    <div  data-lazy=\"1\" class=\"module_column sub_column col4-2 tb_7quu455 last\">\n                    <!-- module text -->\n<div  class=\"module module-text tb_drek455\" data-lazy=\"1\">\n        <div  class=\"tb_text_wrap\">\n        <p data-start=\"908\" data-end=\"1044\">\u00a1Nuestro Heroico equipo de soporte puede ayudarte! Ponte en contacto con nosotros y expl\u00edcanos cualquier problema que tengas con el producto.<\/p>    <\/div>\n<\/div>\n<!-- \/module text --><!-- module buttons -->\n<div  class=\"module module-buttons tb_ma12455 buttons-horizontal solid ai-sing-button-white-alt  rounded buttons-fullwidth\" data-lazy=\"1\">\n        <div class=\"module-buttons-item tf_in_flx\">\n                        <a href=\"#\" class=\"ui builder_button tf_in_flx transparent\" >\n                                                SOLICITAR APOYO                                        <em><svg  class=\"tf_fa tf-ti-angle-right\" xmlns:xlink=\"http:\/\/www.w3.org\/1999\/xlink\" aria-hidden=\"true\"><use href=\"#tf-ti-angle-right\" xlink:href=\"#tf-ti-angle-right\"><\/use><\/svg><\/em>                            <\/a>\n                <\/div>\n            <\/div>\n<!-- \/module buttons -->\n        <\/div>\n                    <\/div>\n                <\/div>\n                        <\/div>\n        <\/div>\n        <\/div>\n<!--\/themify_builder_content-->","protected":false},"excerpt":{"rendered":"<p>Creating a Contract Template Step 1: Navigate to the Template Tab Log in to AiSignand go to the \u2018Template\u2019 tab on the main menu. Upload Your Document: Drag and dropyour document file into the designated area. Or click \u2018Upload\u2019to select a file from your computer. Step 2: Enter Template Details Template Name: Provide a descriptive [&hellip;]<\/p>\n","protected":false},"author":9,"featured_media":0,"parent":4674,"menu_order":0,"comment_status":"closed","ping_status":"closed","template":"","meta":{"footnotes":""},"class_list":["post-5197","page","type-page","status-publish","hentry","has-post-title","has-post-date","has-post-category","has-post-tag","has-post-comment","has-post-author",""],"builder_content":"How to Create and Use Contract Templates\nWelcome to AiSign! This guide will help you create and use contract templates with ease and efficiency.\n<h2>Creating a Contract Template<\/h2> <h3>Step 1: Navigate to the Template Tab<\/h3> <ul> <li>Log in to AiSignand go to the \u2018Template\u2019 tab on the main menu.<\/li> <li>Upload Your Document: <ul> <li>Drag and dropyour document file into the designated area.<\/li> <li>Or click \u2018Upload\u2019to select a file from your computer.<\/li> <\/ul> <\/li> <\/ul> <h3>Step 2: Enter Template Details<\/h3> <ul> <li>Template Name: Provide a descriptive name for your template.<\/li> <li>Number of Recipients: Specify how many people need to sign the document.<\/li> <li>Optional Email Title and Message: <ul> <li>Email Title: Customize the subject line for the email that will be sent to signers.<\/li> <li>Message: Add a personalized message for the recipients.<\/li> <\/ul> <\/li> <\/ul> <h3>Step 3: Proceed to the Editor<\/h3> <ul> <li>Click \u2018Continue\u2019to move to the template editor.<\/li> <\/ul> <h3>Step 4: Add Fields to Your Document<\/h3> <ul> <li>Drag and Drop Fields: <ul> <li>In the editor, select the required fields (e.g., signature, date, initials) from the toolbar.<\/li> <li>Drag each field to the appropriate location on your document.<\/li> <\/ul> <\/li> <li>Assign Fields to Recipients: <ul> <li>For multi-recipient documents: <ul> <li>Click on \u2018Placeholder 1\u2019at the top of the field options.<\/li> <li>Select \u2018Placeholder 2\u2019, \u2018Placeholder 3\u2019, etc., from the dropdown menu to assign fields to different recipients.<\/li> <\/ul> <\/li> <li>Repeat the process for each recipient.<\/li> <\/ul> <\/li> <\/ul> <h3>Step 5: Finalize the Template<\/h3> <ul> <li>After placing all necessary fields, click \u2018Continue\u2019to save your template.<\/li> <\/ul> <h2>Using Your Template<\/h2> <h3>Step 6: Select and Use Your Template<\/h3> <ul> <li>In the \u2018Template\u2019tab, find the template you want to use.<\/li> <li>Click \u2018Use\u2019next to the template.<\/li> <\/ul> <h3>Step 7: Enter Signer Details<\/h3> <ul> <li>Signer Information: <ul> <li>Input the nameand email address for each signer.<\/li> <\/ul> <\/li> <li>Optional Email Title and Message: <ul> <li>Customize the email subject and message if needed.<\/li> <\/ul> <\/li> <\/ul> <h3>Step 8: Review and Add Additional Fields (Optional)<\/h3> <ul> <li>Click \u2018Continue\u2019to go to the editor.<\/li> <li>Pre-Populated Fields: The document will display all the fields you added in the template.<\/li> <li>Add More Fields: If necessary, drag additional fields onto the document.<\/li> <\/ul> <h3>Step 9: Send the Document<\/h3> <ul> <li>After reviewing, click \u2018Continue\u2019.<\/li> <li>A confirmation pagewill appear, indicating that the document has been sent to the recipients.<\/li> <\/ul> <h2>Conclusion<\/h2> <p>And that\u2019s it! Creating and using templates with AiSign is that simple. Thanks for using AiSign, and happy signing!<\/p>\n<p>Do you need<br>more help?<\/p>\n<p data-start=\"908\" data-end=\"1044\">Our Heroic support team can hel you! Contact and explain us any problem you're having with the product.<\/p>\n<a href=\"#\" > ASK SUPPORT <em><svg xmlns:xlink=\"http:\/\/www.w3.org\/1999\/xlink\" aria-hidden=\"true\"><use href=\"#tf-ti-angle-right\" xlink:href=\"#tf-ti-angle-right\"><\/use><\/svg><\/em> <\/a>","_links":{"self":[{"href":"https:\/\/aisign.ai\/es\/wp-json\/wp\/v2\/pages\/5197","targetHints":{"allow":["GET"]}}],"collection":[{"href":"https:\/\/aisign.ai\/es\/wp-json\/wp\/v2\/pages"}],"about":[{"href":"https:\/\/aisign.ai\/es\/wp-json\/wp\/v2\/types\/page"}],"author":[{"embeddable":true,"href":"https:\/\/aisign.ai\/es\/wp-json\/wp\/v2\/users\/9"}],"replies":[{"embeddable":true,"href":"https:\/\/aisign.ai\/es\/wp-json\/wp\/v2\/comments?post=5197"}],"version-history":[{"count":21,"href":"https:\/\/aisign.ai\/es\/wp-json\/wp\/v2\/pages\/5197\/revisions"}],"predecessor-version":[{"id":5300,"href":"https:\/\/aisign.ai\/es\/wp-json\/wp\/v2\/pages\/5197\/revisions\/5300"}],"up":[{"embeddable":true,"href":"https:\/\/aisign.ai\/es\/wp-json\/wp\/v2\/pages\/4674"}],"wp:attachment":[{"href":"https:\/\/aisign.ai\/es\/wp-json\/wp\/v2\/media?parent=5197"}],"curies":[{"name":"wp","href":"https:\/\/api.w.org\/{rel}","templated":true}]}}