{"id":5278,"date":"2026-01-13T10:35:42","date_gmt":"2026-01-13T10:35:42","guid":{"rendered":"https:\/\/aisign.ai\/?page_id=5278"},"modified":"2026-01-20T14:35:17","modified_gmt":"2026-01-20T14:35:17","slug":"como-configurar-la-autenticacion-de-dos-factores-en-aisign","status":"publish","type":"page","link":"https:\/\/aisign.ai\/es\/support\/how-to-set-up-two-factor-authentication-in-aisign\/","title":{"rendered":"C\u00f3mo configurar la autenticaci\u00f3n de dos factores en AiSign"},"content":{"rendered":"<!--themify_builder_content-->\n<div id=\"themify_builder_content-5278\" data-postid=\"5278\" class=\"themify_builder_content themify_builder_content-5278 themify_builder tf_clear\">\n                    <div  data-lazy=\"1\" class=\"module_row themify_builder_row tb_0zyv559 tb_first tf_w\">\n            <span  class=\"builder_row_cover tf_abs\" data-lazy=\"1\"><\/span>            <div class=\"row_inner col_align_top tb_col_count_1 tf_box tf_rel\">\n                        <div  data-lazy=\"1\" class=\"module_column tb-column col-full tb_5n3a051 first\">\n                    <!-- module plain text -->\n<div  class=\"module module-plain-text tb_otwp900\" data-lazy=\"1\">\n        <div class=\"tb_text_wrap\">\n    C\u00f3mo configurar la autenticaci\u00f3n de dos factores en <span class=\"ai-sing-color\">AiSign<\/span>    <\/div>\n<\/div>\n<!-- \/module plain text --><!-- module plain text -->\n<div  class=\"module module-plain-text tb_od7l045\" data-lazy=\"1\">\n        <div class=\"tb_text_wrap\">\n    Mejorar la seguridad de su cuenta de AiSign es crucial para proteger sus documentos confidenciales y su informaci\u00f3n personal. La autenticaci\u00f3n de dos factores (2FA) a\u00f1ade una capa adicional de seguridad al requerir una segunda forma de verificaci\u00f3n al iniciar sesi\u00f3n. Esta gu\u00eda le mostrar\u00e1 c\u00f3mo configurar 2FA en AiSign mediante notificaciones por correo electr\u00f3nico, mensajes de texto o Google Authenticator.    <\/div>\n<\/div>\n<!-- \/module plain text -->        <\/div>\n                        <\/div>\n        <\/div>\n                        <div  data-lazy=\"1\" class=\"module_row themify_builder_row tb_vouj080 tf_w\">\n                        <div class=\"row_inner col_align_top gutter-none tb_col_count_3 tf_box tf_rel\">\n                        <div  data-lazy=\"1\" class=\"module_column tb-column col3-1 tb_5weg019 first\">\n                            <\/div>\n                    <div  data-lazy=\"1\" class=\"module_column tb-column col3-1 tb_xmt8410\">\n                    <!-- module text -->\n<div  class=\"module module-text tb_c3f8906\" data-lazy=\"1\">\n        <div  class=\"tb_text_wrap\">\n        <h2>Gu\u00eda paso a paso<\/h2>\n<h3>Paso 1: Inicie sesi\u00f3n en su cuenta de AiSign<\/h3>\n<ul>\n<li>Abra su navegador y vaya a <a href=\"https:\/\/app.aisign.ai\/\" target=\"_blank\">P\u00e1gina de inicio de sesi\u00f3n de AiSign<\/a>.<\/li>\n<li>Introduzca su direcci\u00f3n de correo electr\u00f3nico y su contrase\u00f1a y haga clic en \u201cIniciar sesi\u00f3n\u201d.\u201d<\/li>\n<\/ul>\n<h3>Paso 2: Acceder a \u201cMi configuraci\u00f3n\u201d<\/h3>\n<ul>\n<li>Una vez iniciada la sesi\u00f3n, busque en la parte superior de la pantalla \u201cMi configuraci\u00f3n\u201d.\u201d<\/li>\n<li>Haz clic en \u201cMi configuraci\u00f3n\u201d para acceder a la configuraci\u00f3n de tu cuenta.<\/li>\n<\/ul>\n<h3>Paso 3: Vaya a \u201cConfiguraci\u00f3n de seguridad\u201d.\u201d<\/h3>\n<ul>\n<li>En la p\u00e1gina Mi configuraci\u00f3n, despl\u00e1cese hacia abajo hasta encontrar la \u201cConfiguraci\u00f3n de seguridad\u201d.\u201d<\/li>\n<li>Esta secci\u00f3n se encuentra cerca de \u201cZona horaria e idioma\u201d.\u201d<\/li>\n<\/ul>\n<h3>Paso 4: Elija su m\u00e9todo de autenticaci\u00f3n de dos factores<\/h3>\n<p>En Configuraci\u00f3n de seguridad, tiene tres opciones para configurar la autenticaci\u00f3n de dos factores:<\/p>\n<ol>\n<li>Notificaciones por correo electr\u00f3nico<\/li>\n<li>Mensajes de texto (SMS)<\/li>\n<li>Autenticador de Google<\/li>\n<\/ol>\n<h4>Opci\u00f3n 1: Activar las notificaciones por correo electr\u00f3nico<\/h4>\n<ul>\n<li>Paso 4A: Localice la \u201cVerificaci\u00f3n de correo electr\u00f3nico\u201d.\u201d<\/li>\n<li>Paso 4B: Activa el interruptor para activar las notificaciones por correo electr\u00f3nico.<\/li>\n<li>Paso 4C: Aparecer\u00e1 un mensaje de confirmaci\u00f3n indicando que la verificaci\u00f3n de correo electr\u00f3nico est\u00e1 activada.<\/li>\n<li>Nota: Al iniciar sesi\u00f3n, recibir\u00e1 un correo electr\u00f3nico con un c\u00f3digo de verificaci\u00f3n para completar el proceso de inicio de sesi\u00f3n.<\/li>\n<\/ul>\n<h4>Opci\u00f3n 2: Activar mensajes de texto (SMS)<\/h4>\n<ul>\n<li>Paso 4A: Localice la \u201cVerificaci\u00f3n de SMS\u201d.\u201d<\/li>\n<li>Paso 4B: Si ya ha verificado su n\u00famero de tel\u00e9fono con AiSign, puede pasar al Paso 4D.\n<ul>\n<li>Si no has verificado tu n\u00famero de tel\u00e9fono:\n<ul>\n<li>Paso 4C: Haga clic en \u201cConfigurar \u201djunto a Verificaci\u00f3n por SMS.<\/li>\n<li>Introduzca su n\u00famero de tel\u00e9fono m\u00f3vil en el campo correspondiente y haga clic en \u201cEnviar c\u00f3digo\u201d.<\/li>\n<li>Recibir\u00e1s un mensaje de texto con un c\u00f3digo de verificaci\u00f3n.<\/li>\n<li>Introduzca el c\u00f3digo de verificaci\u00f3n en la ventana de AiSign y haga clic en \u201cVerificar\u201d.<\/li>\n<\/ul>\n<\/li>\n<li>Paso 4D: Cambia el interruptor de \u201cVerificaci\u00f3n de SMS\u201d a \u201cActivado\u201d para activar la verificaci\u00f3n de mensajes de texto.<\/li>\n<li>Nota: Al iniciar sesi\u00f3n, se le enviar\u00e1 un c\u00f3digo de verificaci\u00f3n a su tel\u00e9fono a trav\u00e9s de un mensaje de texto.<\/li>\n<\/ul>\n<\/li>\n<\/ul>\n<h4>Opci\u00f3n 3: Configurar Google Authenticator<\/h4>\n<ul>\n<li>Paso 4A: Localice el \u201cAutenticador de Google\u201d.\u201d<\/li>\n<li>Paso 4B: Haga clic en \u201cConfigurar \u201djunto a Google Authenticator.<\/li>\n<li>Paso 4C: Aparecer\u00e1 un c\u00f3digo QR en la pantalla.<\/li>\n<li>Paso 4D: En su dispositivo m\u00f3vil, descargue y abra Google Authenticator\n<ul>\n<li>Para iOS: <a target=\"_blank\" href=\"https:\/\/apps.apple.com\/app\/google-authenticator\/id388497605\" rel=\"noopener\">Descargar de la App Store<\/a><\/li>\n<li>Para Android: <a href=\"https:\/\/play.google.com\/store\/apps\/details?id=com.google.android.apps.authenticator2&#038;pcampaignid=web_share\" target=\"_blank\" rel=\"noopener\">Descargar desde Google Play Store<\/a><\/li>\n<\/ul>\n<\/li>\n<li>Paso 4E: En la aplicaci\u00f3n Google Authenticator, pulse el icono \u201c+\u201d para a\u00f1adir una nueva cuenta.<\/li>\n<li>Paso 4F: Selecciona \u201cEscanear un c\u00f3digo QR\u201d y escanea el c\u00f3digo QR que aparece en AiSign.<\/li>\n<li>Paso 4G: La aplicaci\u00f3n generar\u00e1 un c\u00f3digo de verificaci\u00f3n de 6 d\u00edgitos para AiSign.<\/li>\n<li>Paso 4H: Introduzca este c\u00f3digo en la pregunta de AiSign.<\/li>\n<li>Paso 4I: Haga clic en \u201cVerificar\u201d para completar la configuraci\u00f3n.<\/li>\n<li>Nota: Al iniciar sesi\u00f3n, abrir\u00e1s la aplicaci\u00f3n Google Authenticator para recuperar el c\u00f3digo de verificaci\u00f3n.<\/li>\n<\/ul>\n<h3>Paso 5: Guardar la configuraci\u00f3n<\/h3>\n<ul>\n<li>Despu\u00e9s de elegir y configurar su m\u00e9todo 2FA preferido, despl\u00e1cese hasta la parte inferior de Mis ajustes<\/li>\n<li>Pulse el bot\u00f3n \u201cActualizar\u201d para guardar los cambios.<\/li>\n<li>Aparecer\u00e1 un mensaje de confirmaci\u00f3n indicando que la configuraci\u00f3n de seguridad se ha actualizado correctamente.<\/li>\n<\/ul>\n<h3>Paso 6: Pruebe su autenticaci\u00f3n de dos factores<\/h3>\n<ul>\n<li>Cierre la sesi\u00f3n de su cuenta de AiSign.<\/li>\n<li>Vuelva a iniciar sesi\u00f3n con su correo electr\u00f3nico y contrase\u00f1a.<\/li>\n<li>Se le pedir\u00e1 que complete el segundo paso de autenticaci\u00f3n en funci\u00f3n del m\u00e9todo que haya seleccionado:\n<ul>\n<li>Notificaciones por correo electr\u00f3nico: Comprueba tu correo electr\u00f3nico para ver el c\u00f3digo de verificaci\u00f3n.<\/li>\n<li>Mensajes de texto: Busca en tu tel\u00e9fono el c\u00f3digo SMS.<\/li>\n<li>Google Authenticator: Abre la aplicaci\u00f3n para recuperar el c\u00f3digo actual.<\/li>\n<\/ul>\n<\/li>\n<li>Introduzca el c\u00f3digo de verificaci\u00f3n y haga clic en \u201cVerificar\u201d o \u201cIniciar sesi\u00f3n\u201d.<\/li>\n<\/ul>\n<h2>Consejos para gestionar su configuraci\u00f3n 2FA<\/h2>\n<ul>\n<li>C\u00f3digos de seguridad: Algunos m\u00e9todos proporcionan c\u00f3digos de copia de seguridad durante la configuraci\u00f3n. Gu\u00e1rdalos en un lugar seguro por si pierdes el acceso a tu m\u00e9todo de autenticaci\u00f3n.<\/li>\n<li>Actualiza tu n\u00famero de tel\u00e9fono: Si cambias de n\u00famero de m\u00f3vil, recuerda actualizarlo en la verificaci\u00f3n de SMS.<\/li>\n<li>Cambios de dispositivo: Si adquieres un nuevo dispositivo, tendr\u00e1s que volver a configurar Google Authenticator.<\/li>\n<\/ul>\n<h2>Conclusi\u00f3n<\/h2>\n<p>Configurar la autenticaci\u00f3n de dos factores en AiSign mejora significativamente la seguridad de su cuenta. Tanto si prefiere las notificaciones por correo electr\u00f3nico, los mensajes de texto o utilizar Google Authenticator, a\u00f1adir esta capa adicional de protecci\u00f3n le ayudar\u00e1 a salvaguardar sus documentos e informaci\u00f3n confidenciales. Gracias por dedicar tiempo a proteger su cuenta de AiSign.<\/p>\n    <\/div>\n<\/div>\n<!-- \/module text -->        <\/div>\n                    <div  data-lazy=\"1\" class=\"module_column tb-column col3-1 tb_sd3m550 last\">\n                            <\/div>\n                        <\/div>\n        <\/div>\n                        <div  data-lazy=\"1\" class=\"module_row themify_builder_row tb_nc7y900 tf_w\">\n                        <div class=\"row_inner col_align_top tb_col_count_1 tf_box tf_rel\">\n                        <div  data-lazy=\"1\" class=\"module_column tb-column col-full tb_z8ni944 first\">\n                            <div  data-lazy=\"1\" class=\"module_subrow themify_builder_sub_row tf_w col_align_top gutter-narrow tb_col_count_2 tb_setj490\">\n        <span  class=\"builder_row_cover tf_abs\" data-lazy=\"1\"><\/span>        <div  data-lazy=\"1\" class=\"module_column sub_column col4-2 tb_4dug496 first\">\n                    <!-- module text -->\n<div  class=\"module module-text tb_xgku492\" data-lazy=\"1\">\n        <div  class=\"tb_text_wrap\">\n        <p>\u00bfNecesita<br>\u00bfM\u00e1s ayuda?<\/p>    <\/div>\n<\/div>\n<!-- \/module text -->        <\/div>\n                    <div  data-lazy=\"1\" class=\"module_column sub_column col4-2 tb_gyfb880 last\">\n                    <!-- module text -->\n<div  class=\"module module-text tb_issl584\" data-lazy=\"1\">\n        <div  class=\"tb_text_wrap\">\n        <p data-start=\"908\" data-end=\"1044\">\u00a1Nuestro Heroico equipo de soporte puede ayudarte! Ponte en contacto con nosotros y expl\u00edcanos cualquier problema que tengas con el producto.<\/p>    <\/div>\n<\/div>\n<!-- \/module text --><!-- module buttons -->\n<div  class=\"module module-buttons tb_f8h3833 buttons-horizontal solid ai-sing-button-white-alt  rounded buttons-fullwidth\" data-lazy=\"1\">\n        <div class=\"module-buttons-item tf_in_flx\">\n                        <a href=\"#\" class=\"ui builder_button tf_in_flx transparent\" >\n                                                SOLICITAR APOYO                                        <em><svg  class=\"tf_fa tf-ti-angle-right\" xmlns:xlink=\"http:\/\/www.w3.org\/1999\/xlink\" aria-hidden=\"true\"><use href=\"#tf-ti-angle-right\" xlink:href=\"#tf-ti-angle-right\"><\/use><\/svg><\/em>                            <\/a>\n                <\/div>\n            <\/div>\n<!-- \/module buttons -->\n        <\/div>\n                    <\/div>\n                <\/div>\n                        <\/div>\n        <\/div>\n        <\/div>\n<!--\/themify_builder_content-->","protected":false},"excerpt":{"rendered":"<p>Step-by-Step Guide Step 1: Log In to Your AiSign Account Open your web browser and navigate to AiSign\u2019s login page. Enter your email address and password, then click on the \u201cLog In\u201d Step 2: Access \u201cMy Settings\u201d Once logged in, look at the top of the screen for the \u201cMy Settings\u201d Click on \u201cMy Settings\u201d [&hellip;]<\/p>\n","protected":false},"author":9,"featured_media":0,"parent":4674,"menu_order":0,"comment_status":"closed","ping_status":"closed","template":"","meta":{"footnotes":""},"class_list":["post-5278","page","type-page","status-publish","hentry","has-post-title","has-post-date","has-post-category","has-post-tag","has-post-comment","has-post-author",""],"builder_content":"How to Set Up Two-Factor Authentication in AiSign\nEnhancing the security of your AiSign account is crucial to protect your sensitive documents and personal information. Two-Factor Authentication (2FA) adds an extra layer of security by requiring a second form of verification when logging in. This guide will show you how to set up 2FA in AiSign using email notifications, text messages, or Google Authenticator.\n<h2>Step-by-Step Guide<\/h2> <h3>Step 1: Log In to Your AiSign Account<\/h3> <ul> <li>Open your web browser and navigate to <a href=\"https:\/\/app.aisign.ai\/\" target=\"_blank\">AiSign\u2019s login page<\/a>.<\/li> <li>Enter your email address and password, then click on the \u201cLog In\u201d<\/li> <\/ul> <h3>Step 2: Access \u201cMy Settings\u201d<\/h3> <ul> <li>Once logged in, look at the top of the screen for the \u201cMy Settings\u201d<\/li> <li>Click on \u201cMy Settings\u201d to access your account settings.<\/li> <\/ul> <h3>Step 3: Navigate to \u201cSecurity Settings\u201d<\/h3> <ul> <li>On the My Settings page, scroll down to find the \u201cSecurity Settings\u201d<\/li> <li>This section is located near the \u201cTimezone &amp; Language\u201d<\/li> <\/ul> <h3>Step 4: Choose Your Two-Factor Authentication Method<\/h3> <p>Under Security Settings, you have three options to set up Two-Factor Authentication:<\/p> <ol> <li>Email Notifications<\/li> <li>Text Messages (SMS)<\/li> <li>Google Authenticator<\/li> <\/ol> <h4>Option 1: Enable Email Notifications<\/h4> <ul> <li>Step 4A: Locate the \u201cEmail Verification\u201d<\/li> <li>Step 4B: Toggle the switch to \u201cOn\u201d to enable email notifications.<\/li> <li>Step 4C: A confirmation message will appear stating that email verification is enabled.<\/li> <li>Note: When logging in, you\u2019ll receive an email with a verification code to complete the login process.<\/li> <\/ul> <h4>Option 2: Enable Text Messages (SMS)<\/h4> <ul> <li>Step 4A: Locate the \u201cSMS Verification\u201d<\/li> <li>Step 4B: If you have already verified your phone number with AiSign, you can skip to Step 4D. <ul> <li>If you haven\u2019t verified your phone number: <ul> <li>Step 4C: Click on \u201cSet Up\u201dnext to SMS Verification.<\/li> <li>Enter your mobile phone number in the provided field and click on \u201cSend Code\u201d.<\/li> <li>You\u2019ll receive a text message with a verification code.<\/li> <li>Enter the verification code into the prompt on AiSign and click \u201cVerify\u201d.<\/li> <\/ul> <\/li> <li>Step 4D: Toggle the \u201cSMS Verification\u201d switch to \u201cOn\u201d to enable text message verification.<\/li> <li>Note: When logging in, a verification code will be sent to your phone via text message.<\/li> <\/ul> <\/li> <\/ul> <h4>Option 3: Set Up Google Authenticator<\/h4> <ul> <li>Step 4A: Locate the \u201cGoogle Authenticator\u201d<\/li> <li>Step 4B: Click on \u201cSet Up\u201dnext to Google Authenticator.<\/li> <li>Step 4C: A QR code will appear on the screen.<\/li> <li>Step 4D: On your mobile device, download and open the Google Authenticator <ul> <li>For iOS: <a target=\"_blank\" href=\"https:\/\/apps.apple.com\/app\/google-authenticator\/id388497605\" rel=\"noopener\">Download from the App Store<\/a><\/li> <li>For Android: <a href=\"https:\/\/play.google.com\/store\/apps\/details?id=com.google.android.apps.authenticator2&pcampaignid=web_share\" target=\"_blank\" rel=\"noopener\">Download from Google Play Store<\/a><\/li> <\/ul> <\/li> <li>Step 4E: In the Google Authenticator app, tap on the \u201c+\u201d icon to add a new account.<\/li> <li>Step 4F: Select \u201cScan a QR code\u201d and scan the QR code displayed on AiSign.<\/li> <li>Step 4G: The app will generate a 6-digit verification code for AiSign.<\/li> <li>Step 4H: Enter this code into the prompt on AiSign.<\/li> <li>Step 4I: Click \u201cVerify\u201d to complete the setup.<\/li> <li>Note: When logging in, you\u2019ll open the Google Authenticator app to retrieve the verification code.<\/li> <\/ul> <h3>Step 5: Save Your Settings<\/h3> <ul> <li>After choosing and setting up your preferred 2FA method, scroll down to the bottom of the My Settings<\/li> <li>Click on the \u201cUpdate\u201d button to save your changes.<\/li> <li>A confirmation message will appear indicating that your security settings have been updated successfully.<\/li> <\/ul> <h3>Step 6: Test Your Two-Factor Authentication<\/h3> <ul> <li>Log Out of your AiSign account.<\/li> <li>Log Back In using your email and password.<\/li> <li>You will be prompted to complete the second step of authentication based on the method you selected: <ul> <li>Email Notifications: Check your email for the verification code.<\/li> <li>Text Messages: Check your phone for the SMS code.<\/li> <li>Google Authenticator: Open the app to retrieve the current code.<\/li> <\/ul> <\/li> <li>Enter the verification code and click \u201cVerify\u201d or \u201cLog In\u201d.<\/li> <\/ul> <h2>Tips for Managing Your 2FA Settings<\/h2> <ul> <li>Backup Codes: Some methods provide backup codes during setup. Save these in a secure place in case you lose access to your authentication method.<\/li> <li>Update Your Phone Number: If you change your mobile number, remember to update it in the SMS Verification<\/li> <li>Device Changes: If you get a new device, you\u2019ll need to set up Google Authenticator again.<\/li> <\/ul> <h2>Conclusion<\/h2> <p>Setting up Two-Factor Authentication in AiSign significantly enhances the security of your account. Whether you prefer email notifications, text messages, or using Google Authenticator, adding this extra layer of protection helps safeguard your sensitive documents and information. Thank you for taking the time to secure your AiSign account!<\/p>\n<p>Do you need<br>more help?<\/p>\n<p data-start=\"908\" data-end=\"1044\">Our Heroic support team can hel you! Contact and explain us any problem you're having with the product.<\/p>\n<a href=\"#\" > ASK SUPPORT <em><svg xmlns:xlink=\"http:\/\/www.w3.org\/1999\/xlink\" aria-hidden=\"true\"><use href=\"#tf-ti-angle-right\" xlink:href=\"#tf-ti-angle-right\"><\/use><\/svg><\/em> <\/a>","_links":{"self":[{"href":"https:\/\/aisign.ai\/es\/wp-json\/wp\/v2\/pages\/5278","targetHints":{"allow":["GET"]}}],"collection":[{"href":"https:\/\/aisign.ai\/es\/wp-json\/wp\/v2\/pages"}],"about":[{"href":"https:\/\/aisign.ai\/es\/wp-json\/wp\/v2\/types\/page"}],"author":[{"embeddable":true,"href":"https:\/\/aisign.ai\/es\/wp-json\/wp\/v2\/users\/9"}],"replies":[{"embeddable":true,"href":"https:\/\/aisign.ai\/es\/wp-json\/wp\/v2\/comments?post=5278"}],"version-history":[{"count":8,"href":"https:\/\/aisign.ai\/es\/wp-json\/wp\/v2\/pages\/5278\/revisions"}],"predecessor-version":[{"id":5294,"href":"https:\/\/aisign.ai\/es\/wp-json\/wp\/v2\/pages\/5278\/revisions\/5294"}],"up":[{"embeddable":true,"href":"https:\/\/aisign.ai\/es\/wp-json\/wp\/v2\/pages\/4674"}],"wp:attachment":[{"href":"https:\/\/aisign.ai\/es\/wp-json\/wp\/v2\/media?parent=5278"}],"curies":[{"name":"wp","href":"https:\/\/api.w.org\/{rel}","templated":true}]}}