{"id":5626,"date":"2026-01-14T11:14:08","date_gmt":"2026-01-14T11:14:08","guid":{"rendered":"https:\/\/aisign.ai\/?page_id=5626"},"modified":"2026-01-14T11:14:08","modified_gmt":"2026-01-14T11:14:08","slug":"politica-de-reembolso","status":"publish","type":"page","link":"https:\/\/aisign.ai\/es\/refund-policy\/","title":{"rendered":"Pol\u00edtica de reembolso"},"content":{"rendered":"<!--themify_builder_content-->\n<div id=\"themify_builder_content-5626\" data-postid=\"5626\" class=\"themify_builder_content themify_builder_content-5626 themify_builder tf_clear\">\n                    <div  data-lazy=\"1\" class=\"module_row themify_builder_row tb_ixtc532 tb_first tf_w\">\n            <span  class=\"builder_row_cover tf_abs\" data-lazy=\"1\"><\/span>            <div class=\"row_inner col_align_top tb_col_count_1 tf_box tf_rel\">\n                        <div  data-lazy=\"1\" class=\"module_column tb-column col-full tb_yce1076 first\">\n                    <!-- module plain text -->\n<div  class=\"module module-plain-text tb_s7oz302\" data-lazy=\"1\">\n        <div class=\"tb_text_wrap\">\n    <span class=\"ai-sing-color\">AiSign<\/span> Pol\u00edtica de reembolso    <\/div>\n<\/div>\n<!-- \/module plain text --><!-- module plain text -->\n<div  class=\"module module-plain-text tb_bxrs356\" data-lazy=\"1\">\n        <div class=\"tb_text_wrap\">\n    Bienvenido a nuestra p\u00e1gina de pol\u00edtica de devoluciones. En esta secci\u00f3n, le proporcionaremos informaci\u00f3n sobre nuestras pol\u00edticas de reembolso para.    <\/div>\n<\/div>\n<!-- \/module plain text -->        <\/div>\n                        <\/div>\n        <\/div>\n                        <div  data-lazy=\"1\" class=\"module_row themify_builder_row tb_49g5520 tf_w\">\n                        <div class=\"row_inner col_align_top gutter-none tb_col_count_3 tf_box tf_rel\">\n                        <div  data-lazy=\"1\" class=\"module_column tb-column col3-1 tb_amdd364 first\">\n                            <\/div>\n                    <div  data-lazy=\"1\" class=\"module_column tb-column col3-1 tb_3qn9406\">\n                    <!-- module text -->\n<div  class=\"module module-text tb_uy76026\" data-lazy=\"1\">\n        <div  class=\"tb_text_wrap\">\n        <p>We understand that sometimes things don\u2019t work out as expected when it comes to online purchases. If you are eligible for a refund, we offer a hassle-free process.<\/p>\n<p>Para iniciar una devoluci\u00f3n, p\u00f3ngase en contacto con nuestro equipo de atenci\u00f3n al cliente indicando su n\u00famero de pedido y el motivo de la devoluci\u00f3n. Ellos le proporcionar\u00e1n m\u00e1s instrucciones.<\/p>\n<h2>Derecho a devoluci\u00f3n<\/h2>\n<p>Es posible que no pueda optar a un reembolso completo por los siguientes motivos:<\/p>\n<ul>\n<li>Han transcurrido m\u00e1s de 30 d\u00edas desde la fecha de compra<\/li>\n<li>La compra se realiz\u00f3 durante una venta o promoci\u00f3n en la que no se admiten devoluciones.<\/li>\n<li>Se ha realizado m\u00e1s de 1 env\u00edo de contrato en la cuenta.<\/li>\n<\/ul>\n<p>Si se aprueba su devoluci\u00f3n, tramitaremos su reembolso en un plazo de 5 d\u00edas laborables. Tenga en cuenta que nos reservamos el derecho a denegar el reembolso si no se cumple alguna de estas condiciones.<\/p>\n<p>Contact us at <a href=\"mailto:support@aisign.ai\">support@aisign.ai<\/a> for any questions related to refunds and returns.<\/p>    <\/div>\n<\/div>\n<!-- \/module text -->        <\/div>\n                    <div  data-lazy=\"1\" class=\"module_column tb-column col3-1 tb_ng2v653 last\">\n                            <\/div>\n                        <\/div>\n        <\/div>\n                        <div  data-lazy=\"1\" class=\"module_row themify_builder_row tb_rsol233 tf_w\">\n                        <div class=\"row_inner col_align_top tb_col_count_1 tf_box tf_rel\">\n                        <div  data-lazy=\"1\" class=\"module_column tb-column col-full tb_mfm6220 first\">\n                            <div  data-lazy=\"1\" class=\"module_subrow themify_builder_sub_row tf_w col_align_top gutter-narrow tb_col_count_2 tb_c79f666\">\n        <span  class=\"builder_row_cover tf_abs\" data-lazy=\"1\"><\/span>        <div  data-lazy=\"1\" class=\"module_column sub_column col4-2 tb_hmpt566 first\">\n                    <!-- module text -->\n<div  class=\"module module-text tb_1ist836\" data-lazy=\"1\">\n        <div  class=\"tb_text_wrap\">\n        <p>\u00bfNecesita<br>\u00bfM\u00e1s ayuda?<\/p>    <\/div>\n<\/div>\n<!-- \/module text -->        <\/div>\n                    <div  data-lazy=\"1\" class=\"module_column sub_column col4-2 tb_axha537 last\">\n                    <!-- module text -->\n<div  class=\"module module-text tb_63f4526\" data-lazy=\"1\">\n        <div  class=\"tb_text_wrap\">\n        <p data-start=\"908\" data-end=\"1044\">\u00a1Nuestro Heroico equipo de soporte puede ayudarte! Ponte en contacto con nosotros y expl\u00edcanos cualquier problema que tengas con el producto.<\/p>    <\/div>\n<\/div>\n<!-- \/module text --><!-- module buttons -->\n<div  class=\"module module-buttons tb_c5ke770 buttons-horizontal solid ai-sing-button-white-alt  rounded buttons-fullwidth\" data-lazy=\"1\">\n        <div class=\"module-buttons-item tf_in_flx\">\n                        <a href=\"#\" class=\"ui builder_button tf_in_flx transparent\" >\n                                                SOLICITAR APOYO                                        <em><svg  class=\"tf_fa tf-ti-angle-right\" xmlns:xlink=\"http:\/\/www.w3.org\/1999\/xlink\" aria-hidden=\"true\"><use href=\"#tf-ti-angle-right\" xlink:href=\"#tf-ti-angle-right\"><\/use><\/svg><\/em>                            <\/a>\n                <\/div>\n            <\/div>\n<!-- \/module buttons -->\n        <\/div>\n                    <\/div>\n                <\/div>\n                        <\/div>\n        <\/div>\n        <\/div>\n<!--\/themify_builder_content-->","protected":false},"excerpt":{"rendered":"<p>We understand that sometimes things don\u2019t work out as expected when it comes to online purchases. If you are eligible for a refund, we offer a hassle-free process. To initiate a return, please contact our customer service team with your order number and reason for the return. They will provide you with further instructions. Eligibility [&hellip;]<\/p>\n","protected":false},"author":9,"featured_media":0,"parent":0,"menu_order":0,"comment_status":"closed","ping_status":"closed","template":"","meta":{"footnotes":""},"class_list":["post-5626","page","type-page","status-publish","hentry","has-post-title","has-post-date","has-post-category","has-post-tag","has-post-comment","has-post-author",""],"builder_content":"AiSign Refund Policy\nWelcome to our refund policy page. In this section, we will provide you with information regarding our refund policies for.\n<p>We understand that sometimes things don\u2019t work out as expected when it comes to online purchases. If you are eligible for a refund, we offer a hassle-free process.<\/p> <p>To initiate a return, please contact our customer service team with your order number and reason for the return. They will provide you with further instructions.<\/p> <h2>Eligibility For Refunds<\/h2> <p>You may not be eligible for a full refund for the following reasons:<\/p> <ul> <li>More than 30 days have passed since the purchase date<\/li> <li>The purchase was made during a sale or promotion where refunds are not allowed.<\/li> <li>More than 1 contract send was made in the account.<\/li> <\/ul> <p>If your return is approved, we will process your refund within 5 business days. Please note that we reserve the right to refuse a refund if any of these conditions are not met.<\/p> <p>Contact us at <a href=\"mailto:support@aisign.ai\">support@aisign.ai<\/a> for any questions related to refunds and returns.<\/p>\n<p>Do you need<br>more help?<\/p>\n<p data-start=\"908\" data-end=\"1044\">Our Heroic support team can hel you! Contact and explain us any problem you're having with the product.<\/p>\n<a href=\"#\" > ASK SUPPORT <em><svg xmlns:xlink=\"http:\/\/www.w3.org\/1999\/xlink\" aria-hidden=\"true\"><use href=\"#tf-ti-angle-right\" xlink:href=\"#tf-ti-angle-right\"><\/use><\/svg><\/em> <\/a>","_links":{"self":[{"href":"https:\/\/aisign.ai\/es\/wp-json\/wp\/v2\/pages\/5626","targetHints":{"allow":["GET"]}}],"collection":[{"href":"https:\/\/aisign.ai\/es\/wp-json\/wp\/v2\/pages"}],"about":[{"href":"https:\/\/aisign.ai\/es\/wp-json\/wp\/v2\/types\/page"}],"author":[{"embeddable":true,"href":"https:\/\/aisign.ai\/es\/wp-json\/wp\/v2\/users\/9"}],"replies":[{"embeddable":true,"href":"https:\/\/aisign.ai\/es\/wp-json\/wp\/v2\/comments?post=5626"}],"version-history":[{"count":6,"href":"https:\/\/aisign.ai\/es\/wp-json\/wp\/v2\/pages\/5626\/revisions"}],"predecessor-version":[{"id":5635,"href":"https:\/\/aisign.ai\/es\/wp-json\/wp\/v2\/pages\/5626\/revisions\/5635"}],"wp:attachment":[{"href":"https:\/\/aisign.ai\/es\/wp-json\/wp\/v2\/media?parent=5626"}],"curies":[{"name":"wp","href":"https:\/\/api.w.org\/{rel}","templated":true}]}}