{"id":5197,"date":"2026-01-13T10:44:04","date_gmt":"2026-01-13T10:44:04","guid":{"rendered":"https:\/\/aisign.ai\/?page_id=5197"},"modified":"2026-01-20T14:35:14","modified_gmt":"2026-01-20T14:35:14","slug":"comment-creer-et-utiliser-des-modeles-de-contrat","status":"publish","type":"page","link":"https:\/\/aisign.ai\/fr\/support\/how-to-create-and-use-contract-templates\/","title":{"rendered":"Comment cr\u00e9er et utiliser des mod\u00e8les de contrat"},"content":{"rendered":"<!--themify_builder_content-->\n<div id=\"themify_builder_content-5197\" data-postid=\"5197\" class=\"themify_builder_content themify_builder_content-5197 themify_builder tf_clear\">\n                    <div  data-lazy=\"1\" class=\"module_row themify_builder_row tb_q4b1455 tb_first tf_w\">\n            <span  class=\"builder_row_cover tf_abs\" data-lazy=\"1\"><\/span>            <div class=\"row_inner col_align_top tb_col_count_1 tf_box tf_rel\">\n                        <div  data-lazy=\"1\" class=\"module_column tb-column col-full tb_aflb355 first\">\n                    <!-- module plain text -->\n<div  class=\"module module-plain-text tb_82xa006\" data-lazy=\"1\">\n        <div class=\"tb_text_wrap\">\n    Comment cr\u00e9er et utiliser des mod\u00e8les de contrat    <\/div>\n<\/div>\n<!-- \/module plain text --><!-- module plain text -->\n<div  class=\"module module-plain-text tb_jki2233\" data-lazy=\"1\">\n        <div class=\"tb_text_wrap\">\n    Bienvenue sur AiSign ! Ce guide vous aidera \u00e0 cr\u00e9er et \u00e0 utiliser des mod\u00e8les de contrat avec facilit\u00e9 et efficacit\u00e9.    <\/div>\n<\/div>\n<!-- \/module plain text -->        <\/div>\n                        <\/div>\n        <\/div>\n                        <div  data-lazy=\"1\" class=\"module_row themify_builder_row tb_nq3y184 tf_w\">\n                        <div class=\"row_inner col_align_top gutter-none tb_col_count_3 tf_box tf_rel\">\n                        <div  data-lazy=\"1\" class=\"module_column tb-column col3-1 tb_1a57184 first\">\n                            <\/div>\n                    <div  data-lazy=\"1\" class=\"module_column tb-column col3-1 tb_akd6900\">\n                    <!-- module text -->\n<div  class=\"module module-text tb_im9s978\" data-lazy=\"1\">\n        <div  class=\"tb_text_wrap\">\n        <h2>Cr\u00e9ation d'un mod\u00e8le de contrat<\/h2>\n<h3>\u00c9tape 1 : Naviguer vers l'onglet Mod\u00e8le<\/h3>\n<ul>\n<li>Connectez-vous \u00e0 AiSign et acc\u00e9dez \u00e0 l'onglet \u2018Mod\u00e8le\u2019 dans le menu principal.<\/li>\n<li>T\u00e9l\u00e9chargez votre document :\n<ul>\n<li>Faites glisser votre fichier de document dans la zone d\u00e9sign\u00e9e.<\/li>\n<li>Ou cliquez sur \u2018T\u00e9l\u00e9charger\" pour s\u00e9lectionner un fichier sur votre ordinateur.<\/li>\n<\/ul>\n<\/li>\n<\/ul>\n<h3>\u00c9tape 2 : Entrer les d\u00e9tails du mod\u00e8le<\/h3>\n<ul>\n<li>Nom du mod\u00e8le : Fournissez un nom descriptif pour votre mod\u00e8le.<\/li>\n<li>Nombre de destinataires : Indiquez le nombre de personnes qui doivent signer le document.<\/li>\n<li>Titre et message de l'e-mail (facultatif) :\n<ul>\n<li>Titre de l'e-mail : Personnalisez l'objet de l'e-mail qui sera envoy\u00e9 aux signataires.<\/li>\n<li>Message : Ajoutez un message personnalis\u00e9 pour les destinataires.<\/li>\n<\/ul>\n<\/li>\n<\/ul>\n<h3>\u00c9tape 3 : Proc\u00e9der \u00e0 la r\u00e9daction<\/h3>\n<ul>\n<li>Cliquez sur \u2018Continuer\" pour passer \u00e0 l'\u00e9diteur de mod\u00e8les.<\/li>\n<\/ul>\n<h3>\u00c9tape 4 : Ajouter des champs \u00e0 votre document<\/h3>\n<ul>\n<li>Glisser-d\u00e9poser des champs :\n<ul>\n<li>Dans l'\u00e9diteur, s\u00e9lectionnez les champs requis (par exemple, signature, date, initiales) dans la barre d'outils.<\/li>\n<li>Faites glisser chaque champ \u00e0 l'endroit appropri\u00e9 de votre document.<\/li>\n<\/ul>\n<\/li>\n<li>Attribuer des champs aux destinataires :\n<ul>\n<li>Pour les documents multi-b\u00e9n\u00e9ficiaires :\n<ul>\n<li>Cliquez sur \u2018Placeholder 1\u2019 en haut des options de champ.<\/li>\n<li>S\u00e9lectionnez \u2018Placeholder 2\u2019, \u2018Placeholder 3\u2019, etc., dans le menu d\u00e9roulant pour attribuer des champs \u00e0 diff\u00e9rents destinataires.<\/li>\n<\/ul>\n<\/li>\n<li>R\u00e9p\u00e9tez l'op\u00e9ration pour chaque destinataire.<\/li>\n<\/ul>\n<\/li>\n<\/ul>\n<h3>\u00c9tape 5 : Finaliser le mod\u00e8le<\/h3>\n<ul>\n<li>Apr\u00e8s avoir rempli tous les champs n\u00e9cessaires, cliquez sur \u2018Continuer\" pour enregistrer votre mod\u00e8le.<\/li>\n<\/ul>\n<h2>Utilisation du mod\u00e8le<\/h2>\n<h3>\u00c9tape 6 : S\u00e9lectionner et utiliser votre mod\u00e8le<\/h3>\n<ul>\n<li>Dans l'onglet \u2018Mod\u00e8le\", recherchez le mod\u00e8le que vous souhaitez utiliser.<\/li>\n<li>Cliquez sur \u2018Utiliser\" \u00e0 c\u00f4t\u00e9 du mod\u00e8le.<\/li>\n<\/ul>\n<h3>\u00c9tape 7 : Entrer les d\u00e9tails du signataire<\/h3>\n<ul>\n<li>Informations sur le signataire :\n<ul>\n<li>Saisissez le nom et l'adresse \u00e9lectronique de chaque signataire.<\/li>\n<\/ul>\n<\/li>\n<li>Titre et message de l'e-mail (facultatif) :\n<ul>\n<li>Personnalisez l'objet et le message de l'e-mail si n\u00e9cessaire.<\/li>\n<\/ul>\n<\/li>\n<\/ul>\n<h3>\u00c9tape 8 : R\u00e9viser et ajouter des champs suppl\u00e9mentaires (facultatif)<\/h3>\n<ul>\n<li>Cliquez sur \u2018Continuer\" pour acc\u00e9der \u00e0 l'\u00e9diteur.<\/li>\n<li>Champs pr\u00e9-remplis : Le document affiche tous les champs que vous avez ajout\u00e9s dans le mod\u00e8le.<\/li>\n<li>Ajouter d'autres champs : Si n\u00e9cessaire, faites glisser des champs suppl\u00e9mentaires sur le document.<\/li>\n<\/ul>\n<h3>\u00c9tape 9 : Envoyer le document<\/h3>\n<ul>\n<li>Apr\u00e8s v\u00e9rification, cliquez sur \u2018Continuer\u2019.<\/li>\n<li>Une page de confirmation s'affiche, indiquant que le document a \u00e9t\u00e9 envoy\u00e9 aux destinataires.<\/li>\n<\/ul>\n<h2>Conclusion<\/h2>\n<p>Et c'est tout ! Cr\u00e9er et utiliser des mod\u00e8les avec AiSign est aussi simple que cela. Merci d'utiliser AiSign, et bonne signature !<\/p>\n    <\/div>\n<\/div>\n<!-- \/module text -->        <\/div>\n                    <div  data-lazy=\"1\" class=\"module_column tb-column col3-1 tb_e3qu900 last\">\n                            <\/div>\n                        <\/div>\n        <\/div>\n                        <div  data-lazy=\"1\" class=\"module_row themify_builder_row tb_lu2o455 tf_w\">\n                        <div class=\"row_inner col_align_top tb_col_count_1 tf_box tf_rel\">\n                        <div  data-lazy=\"1\" class=\"module_column tb-column col-full tb_grcd455 first\">\n                            <div  data-lazy=\"1\" class=\"module_subrow themify_builder_sub_row tf_w col_align_top gutter-narrow tb_col_count_2 tb_iijp455\">\n        <span  class=\"builder_row_cover tf_abs\" data-lazy=\"1\"><\/span>        <div  data-lazy=\"1\" class=\"module_column sub_column col4-2 tb_fmg2455 first\">\n                    <!-- module text -->\n<div  class=\"module module-text tb_y8q4455\" data-lazy=\"1\">\n        <div  class=\"tb_text_wrap\">\n        <p>Avez-vous besoin<br>plus d'aide ?<\/p>    <\/div>\n<\/div>\n<!-- \/module text -->        <\/div>\n                    <div  data-lazy=\"1\" class=\"module_column sub_column col4-2 tb_7quu455 last\">\n                    <!-- module text -->\n<div  class=\"module module-text tb_drek455\" data-lazy=\"1\">\n        <div  class=\"tb_text_wrap\">\n        <p data-start=\"908\" data-end=\"1044\">Notre \u00e9quipe d'assistance h\u00e9ro\u00efque peut vous aider ! Contactez-nous et expliquez-nous tout probl\u00e8me que vous rencontrez avec le produit.<\/p>    <\/div>\n<\/div>\n<!-- \/module text --><!-- module buttons -->\n<div  class=\"module module-buttons tb_ma12455 buttons-horizontal solid ai-sing-button-white-alt  rounded buttons-fullwidth\" data-lazy=\"1\">\n        <div class=\"module-buttons-item tf_in_flx\">\n                        <a href=\"#\" class=\"ui builder_button tf_in_flx transparent\" >\n                                                DEMANDER DE L'AIDE                                        <em><svg  class=\"tf_fa tf-ti-angle-right\" xmlns:xlink=\"http:\/\/www.w3.org\/1999\/xlink\" aria-hidden=\"true\"><use href=\"#tf-ti-angle-right\" xlink:href=\"#tf-ti-angle-right\"><\/use><\/svg><\/em>                            <\/a>\n                <\/div>\n            <\/div>\n<!-- \/module buttons -->\n        <\/div>\n                    <\/div>\n                <\/div>\n                        <\/div>\n        <\/div>\n        <\/div>\n<!--\/themify_builder_content-->","protected":false},"excerpt":{"rendered":"<p>Creating a Contract Template Step 1: Navigate to the Template Tab Log in to AiSignand go to the \u2018Template\u2019 tab on the main menu. Upload Your Document: Drag and dropyour document file into the designated area. Or click \u2018Upload\u2019to select a file from your computer. Step 2: Enter Template Details Template Name: Provide a descriptive [&hellip;]<\/p>\n","protected":false},"author":9,"featured_media":0,"parent":4674,"menu_order":0,"comment_status":"closed","ping_status":"closed","template":"","meta":{"footnotes":""},"class_list":["post-5197","page","type-page","status-publish","hentry","has-post-title","has-post-date","has-post-category","has-post-tag","has-post-comment","has-post-author",""],"builder_content":"How to Create and Use Contract Templates\nWelcome to AiSign! This guide will help you create and use contract templates with ease and efficiency.\n<h2>Creating a Contract Template<\/h2> <h3>Step 1: Navigate to the Template Tab<\/h3> <ul> <li>Log in to AiSignand go to the \u2018Template\u2019 tab on the main menu.<\/li> <li>Upload Your Document: <ul> <li>Drag and dropyour document file into the designated area.<\/li> <li>Or click \u2018Upload\u2019to select a file from your computer.<\/li> <\/ul> <\/li> <\/ul> <h3>Step 2: Enter Template Details<\/h3> <ul> <li>Template Name: Provide a descriptive name for your template.<\/li> <li>Number of Recipients: Specify how many people need to sign the document.<\/li> <li>Optional Email Title and Message: <ul> <li>Email Title: Customize the subject line for the email that will be sent to signers.<\/li> <li>Message: Add a personalized message for the recipients.<\/li> <\/ul> <\/li> <\/ul> <h3>Step 3: Proceed to the Editor<\/h3> <ul> <li>Click \u2018Continue\u2019to move to the template editor.<\/li> <\/ul> <h3>Step 4: Add Fields to Your Document<\/h3> <ul> <li>Drag and Drop Fields: <ul> <li>In the editor, select the required fields (e.g., signature, date, initials) from the toolbar.<\/li> <li>Drag each field to the appropriate location on your document.<\/li> <\/ul> <\/li> <li>Assign Fields to Recipients: <ul> <li>For multi-recipient documents: <ul> <li>Click on \u2018Placeholder 1\u2019at the top of the field options.<\/li> <li>Select \u2018Placeholder 2\u2019, \u2018Placeholder 3\u2019, etc., from the dropdown menu to assign fields to different recipients.<\/li> <\/ul> <\/li> <li>Repeat the process for each recipient.<\/li> <\/ul> <\/li> <\/ul> <h3>Step 5: Finalize the Template<\/h3> <ul> <li>After placing all necessary fields, click \u2018Continue\u2019to save your template.<\/li> <\/ul> <h2>Using Your Template<\/h2> <h3>Step 6: Select and Use Your Template<\/h3> <ul> <li>In the \u2018Template\u2019tab, find the template you want to use.<\/li> <li>Click \u2018Use\u2019next to the template.<\/li> <\/ul> <h3>Step 7: Enter Signer Details<\/h3> <ul> <li>Signer Information: <ul> <li>Input the nameand email address for each signer.<\/li> <\/ul> <\/li> <li>Optional Email Title and Message: <ul> <li>Customize the email subject and message if needed.<\/li> <\/ul> <\/li> <\/ul> <h3>Step 8: Review and Add Additional Fields (Optional)<\/h3> <ul> <li>Click \u2018Continue\u2019to go to the editor.<\/li> <li>Pre-Populated Fields: The document will display all the fields you added in the template.<\/li> <li>Add More Fields: If necessary, drag additional fields onto the document.<\/li> <\/ul> <h3>Step 9: Send the Document<\/h3> <ul> <li>After reviewing, click \u2018Continue\u2019.<\/li> <li>A confirmation pagewill appear, indicating that the document has been sent to the recipients.<\/li> <\/ul> <h2>Conclusion<\/h2> <p>And that\u2019s it! Creating and using templates with AiSign is that simple. Thanks for using AiSign, and happy signing!<\/p>\n<p>Do you need<br>more help?<\/p>\n<p data-start=\"908\" data-end=\"1044\">Our Heroic support team can hel you! Contact and explain us any problem you're having with the product.<\/p>\n<a href=\"#\" > ASK SUPPORT <em><svg xmlns:xlink=\"http:\/\/www.w3.org\/1999\/xlink\" aria-hidden=\"true\"><use href=\"#tf-ti-angle-right\" xlink:href=\"#tf-ti-angle-right\"><\/use><\/svg><\/em> <\/a>","_links":{"self":[{"href":"https:\/\/aisign.ai\/fr\/wp-json\/wp\/v2\/pages\/5197","targetHints":{"allow":["GET"]}}],"collection":[{"href":"https:\/\/aisign.ai\/fr\/wp-json\/wp\/v2\/pages"}],"about":[{"href":"https:\/\/aisign.ai\/fr\/wp-json\/wp\/v2\/types\/page"}],"author":[{"embeddable":true,"href":"https:\/\/aisign.ai\/fr\/wp-json\/wp\/v2\/users\/9"}],"replies":[{"embeddable":true,"href":"https:\/\/aisign.ai\/fr\/wp-json\/wp\/v2\/comments?post=5197"}],"version-history":[{"count":21,"href":"https:\/\/aisign.ai\/fr\/wp-json\/wp\/v2\/pages\/5197\/revisions"}],"predecessor-version":[{"id":5300,"href":"https:\/\/aisign.ai\/fr\/wp-json\/wp\/v2\/pages\/5197\/revisions\/5300"}],"up":[{"embeddable":true,"href":"https:\/\/aisign.ai\/fr\/wp-json\/wp\/v2\/pages\/4674"}],"wp:attachment":[{"href":"https:\/\/aisign.ai\/fr\/wp-json\/wp\/v2\/media?parent=5197"}],"curies":[{"name":"wp","href":"https:\/\/api.w.org\/{rel}","templated":true}]}}