{"id":5270,"date":"2026-01-13T10:35:41","date_gmt":"2026-01-13T10:35:41","guid":{"rendered":"https:\/\/aisign.ai\/?page_id=5270"},"modified":"2026-01-20T14:47:05","modified_gmt":"2026-01-20T14:47:05","slug":"utiliser-le-generateur-de-contrats-aisigns-ai","status":"publish","type":"page","link":"https:\/\/aisign.ai\/fr\/support\/using-aisigns-ai-contract-generator\/","title":{"rendered":"Utiliser le g\u00e9n\u00e9rateur de contrats AI d'AiSign"},"content":{"rendered":"<!--themify_builder_content-->\n<div id=\"themify_builder_content-5270\" data-postid=\"5270\" class=\"themify_builder_content themify_builder_content-5270 themify_builder tf_clear\">\n                    <div  data-lazy=\"1\" class=\"module_row themify_builder_row tb_uvel001 tb_first tf_w\">\n            <span  class=\"builder_row_cover tf_abs\" data-lazy=\"1\"><\/span>            <div class=\"row_inner col_align_top tb_col_count_1 tf_box tf_rel\">\n                        <div  data-lazy=\"1\" class=\"module_column tb-column col-full tb_zked670 first\">\n                    <!-- module plain text -->\n<div  class=\"module module-plain-text tb_gwr9011\" data-lazy=\"1\">\n        <div class=\"tb_text_wrap\">\n    Utilisation <span class=\"ai-sing-color\">AiSign<\/span>\u2019G\u00e9n\u00e9rateur de contrats d'IA    <\/div>\n<\/div>\n<!-- \/module plain text --><!-- module plain text -->\n<div  class=\"module module-plain-text tb_d8ht000\" data-lazy=\"1\">\n        <div class=\"tb_text_wrap\">\n    Bienvenue sur AiSign, votre meilleure solution pour cr\u00e9er des contrats sans effort. Ce guide vous explique comment cr\u00e9er, modifier et envoyer des contrats \u00e0 l'aide de notre plateforme aliment\u00e9e par l'IA.    <\/div>\n<\/div>\n<!-- \/module plain text -->        <\/div>\n                        <\/div>\n        <\/div>\n                        <div  data-lazy=\"1\" class=\"module_row themify_builder_row tb_ikpu101 tf_w\">\n                        <div class=\"row_inner col_align_top gutter-none tb_col_count_3 tf_box tf_rel\">\n                        <div  data-lazy=\"1\" class=\"module_column tb-column col3-1 tb_3w4x101 first\">\n                            <\/div>\n                    <div  data-lazy=\"1\" class=\"module_column tb-column col3-1 tb_8ts4910\">\n                    <!-- module text -->\n<div  class=\"module module-text tb_5kiw022\" data-lazy=\"1\">\n        <div  class=\"tb_text_wrap\">\n        <h2>\u00c9tape 1 : Nommez votre document<\/h2>\n<ul>\n<li>Connectez-vous \u00e0 AiSign et acc\u00e9dez \u00e0 la page \u2018Cr\u00e9er un contrat\u2019.\u2019<\/li>\n<li>Saisir un nom de document unique :\n<ul>\n<li>Donnez un nom distinctif \u00e0 votre contrat afin de rester organis\u00e9 et de le retrouver facilement par la suite.<\/li>\n<\/ul>\n<\/li>\n<\/ul>\n<h2>\u00c9tape 2 : Ajouter les informations sur le destinataire<\/h2>\n<ul>\n<li>Ajouter des destinataires :\n<ul>\n<li>Saisissez le nom et l'adresse \u00e9lectronique de chaque personne impliqu\u00e9e dans le contrat.<\/li>\n<\/ul>\n<\/li>\n<li>Sp\u00e9cifier les r\u00f4les des signataires :\n<ul>\n<li>Attribuer des r\u00f4les \u00e0 chaque destinataire (par exemple, l'acheteur, le vendeur, le t\u00e9moin) afin de clarifier leurs responsabilit\u00e9s.<\/li>\n<\/ul>\n<\/li>\n<\/ul>\n<h2>\u00c9tape 3 : S\u00e9lection de la juridiction<\/h2>\n<ul>\n<li>Choisissez la juridiction appropri\u00e9e :\n<ul>\n<li>Dans le menu d\u00e9roulant, s\u00e9lectionnez l'\u00c9tat ou la juridiction o\u00f9 le contrat sera ex\u00e9cut\u00e9.<\/li>\n<li>Cela permet de s'assurer que le contrat est conforme aux lois et r\u00e9glementations locales.<\/li>\n<\/ul>\n<\/li>\n<\/ul>\n<h2>\u00c9tape 4 : D\u00e9crire le contrat<\/h2>\n<ul>\n<li>Fournir une description d\u00e9taill\u00e9e :\n<ul>\n<li>Dans le champ \"Description du contrat\", d\u00e9crivez clairement le type de contrat dont vous avez besoin.<\/li>\n<li>Soyez clair et pr\u00e9cis pour aider l'outil d'IA \u00e0 g\u00e9n\u00e9rer un contrat de haute qualit\u00e9 adapt\u00e9 \u00e0 vos besoins.<\/li>\n<li>Inclure les points cl\u00e9s tels que les termes, les conditions et toute exigence particuli\u00e8re.<\/li>\n<\/ul>\n<\/li>\n<\/ul>\n<h2>\u00c9tape 5 : G\u00e9n\u00e9rer le contrat<\/h2>\n<ul>\n<li>Initier la g\u00e9n\u00e9ration de contrats :\n<ul>\n<li>Apr\u00e8s avoir saisi toutes les informations n\u00e9cessaires, cliquez sur \u2018G\u00e9n\u00e9rer le contrat\u2019.<\/li>\n<\/ul>\n<\/li>\n<li>Examinez le contrat g\u00e9n\u00e9r\u00e9 :\n<ul>\n<li>AiSign cr\u00e9era un projet de contrat.<\/li>\n<li>Lisez attentivement le document pour vous assurer qu'il r\u00e9pond \u00e0 vos besoins.<\/li>\n<\/ul>\n<\/li>\n<\/ul>\n<h2>\u00c9tape 6 : Modifier votre contrat<\/h2>\n<h3>Option A : Demande de modifications de l'IA<\/h3>\n<ul>\n<li>Examiner et demander des modifications :\n<ul>\n<li>Si le contrat n\u00e9cessite des ajustements, vous pouvez demander des modifications \u00e0 l'IA.<\/li>\n<li>Fournir des commentaires sp\u00e9cifiques ou des d\u00e9tails suppl\u00e9mentaires pour affiner le document.<\/li>\n<\/ul>\n<\/li>\n<\/ul>\n<h3>Option B : Modifier et personnaliser manuellement<\/h3>\n<ul>\n<li>Modifiez vous-m\u00eame le contrat :\n<ul>\n<li>Cliquez sur \u2018Modifier et envoyer le document\u2019 pour acc\u00e9der \u00e0 l'interface de l'\u00e9diteur.<\/li>\n<\/ul>\n<\/li>\n<li>Manuellement Personnaliser :\n<ul>\n<li>Apporter des modifications directes au texte.<\/li>\n<li>Utilisez les outils d'\u00e9dition disponibles pour formater et ajuster le contenu.<\/li>\n<\/ul>\n<\/li>\n<li>Mettez la derni\u00e8re main \u00e0 vos r\u00e9visions :\n<ul>\n<li>Une fois que vous avez termin\u00e9 vos modifications, cliquez sur le bouton \u2018Signer le contrat\u2019 pour continuer.<\/li>\n<\/ul>\n<\/li>\n<\/ul>\n<h2>\u00c9tape 7 : Ajouter les champs du signataire et finaliser<\/h2>\n<ul>\n<li>Am\u00e9liorer le contrat avec les champs du signataire :\n<ul>\n<li>Dans l'\u00e9diteur, faites glisser et d\u00e9posez les champs essentiels sur le document, par exemple :\n<ul>\n<li>Champs de signature : Indiquez l'endroit o\u00f9 chaque destinataire doit signer.<\/li>\n<li>Champs de date : Sp\u00e9cifiez l'endroit o\u00f9 les dates doivent \u00eatre saisies.<\/li>\n<\/ul>\n<\/li>\n<li>Attribuer des champs aux destinataires :\n<ul>\n<li>Assurez-vous que chaque champ est attribu\u00e9 au bon destinataire en s\u00e9lectionnant son nom dans les param\u00e8tres du champ.<\/li>\n<\/ul>\n<\/li>\n<li>R\u00e9viser le contrat :\n<ul>\n<li>V\u00e9rifiez que tous les champs sont correctement remplis et que le document est pr\u00eat \u00e0 \u00eatre sign\u00e9.<\/li>\n<\/ul>\n<\/li>\n<\/ul>\n<\/li>\n<\/ul>\n<h2>\u00c9tape 8 : Envoyer le contrat<\/h2>\n<ul>\n<li>Envoyer aux destinataires :\n<ul>\n<li>Cliquez sur \u2018Envoyer\u2019 pour envoyer le contrat \u00e0 tous les destinataires d\u00e9sign\u00e9s.<\/li>\n<\/ul>\n<\/li>\n<li>Confirmation :\n<ul>\n<li>Un message de confirmation s'affiche, indiquant que votre contrat a \u00e9t\u00e9 envoy\u00e9 avec succ\u00e8s.<\/li>\n<\/ul>\n<\/li>\n<\/ul>\n<h2>Conclusion<\/h2>\n<p>Voil\u00e0, c'est fait ! Avec AiSign, la cr\u00e9ation et l'envoi de contrats sont un jeu d'enfant. Pour plus d'aide, consultez nos ressources ou contactez notre \u00e9quipe d'assistance. Merci d'avoir choisi AiSign, et bons contrats !<\/p>\n    <\/div>\n<\/div>\n<!-- \/module text -->        <\/div>\n                    <div  data-lazy=\"1\" class=\"module_column tb-column col3-1 tb_f74e410 last\">\n                            <\/div>\n                        <\/div>\n        <\/div>\n                        <div  data-lazy=\"1\" class=\"module_row themify_builder_row tb_ddtc020 tf_w\">\n                        <div class=\"row_inner col_align_top tb_col_count_1 tf_box tf_rel\">\n                        <div  data-lazy=\"1\" class=\"module_column tb-column col-full tb_aczd120 first\">\n                            <div  data-lazy=\"1\" class=\"module_subrow themify_builder_sub_row tf_w col_align_top gutter-narrow tb_col_count_2 tb_skv4310\">\n        <span  class=\"builder_row_cover tf_abs\" data-lazy=\"1\"><\/span>        <div  data-lazy=\"1\" class=\"module_column sub_column col4-2 tb_yvoy702 first\">\n                    <!-- module text -->\n<div  class=\"module module-text tb_myo5335\" data-lazy=\"1\">\n        <div  class=\"tb_text_wrap\">\n        <p>Avez-vous besoin<br>plus d'aide ?<\/p>    <\/div>\n<\/div>\n<!-- \/module text -->        <\/div>\n                    <div  data-lazy=\"1\" class=\"module_column sub_column col4-2 tb_dsse137 last\">\n                    <!-- module text -->\n<div  class=\"module module-text tb_uejj107\" data-lazy=\"1\">\n        <div  class=\"tb_text_wrap\">\n        <p data-start=\"908\" data-end=\"1044\">Notre \u00e9quipe d'assistance h\u00e9ro\u00efque peut vous aider ! Contactez-nous et expliquez-nous tout probl\u00e8me que vous rencontrez avec le produit.<\/p>    <\/div>\n<\/div>\n<!-- \/module text --><!-- module buttons -->\n<div  class=\"module module-buttons tb_la8r000 buttons-horizontal solid ai-sing-button-white-alt  rounded buttons-fullwidth\" data-lazy=\"1\">\n        <div class=\"module-buttons-item tf_in_flx\">\n                        <a href=\"#\" class=\"ui builder_button tf_in_flx transparent\" >\n                                                DEMANDER DE L'AIDE                                        <em><svg  class=\"tf_fa tf-ti-angle-right\" xmlns:xlink=\"http:\/\/www.w3.org\/1999\/xlink\" aria-hidden=\"true\"><use href=\"#tf-ti-angle-right\" xlink:href=\"#tf-ti-angle-right\"><\/use><\/svg><\/em>                            <\/a>\n                <\/div>\n            <\/div>\n<!-- \/module buttons -->\n        <\/div>\n                    <\/div>\n                <\/div>\n                        <\/div>\n        <\/div>\n        <\/div>\n<!--\/themify_builder_content-->","protected":false},"excerpt":{"rendered":"<p>Step 1: Name Your Document Log in to AiSignand navigate to the \u2018Create Contract\u2019 Enter a Unique Document Name: Provide a distinctive name for your contract to stay organized and easily locate it later. Step 2: Add Recipient Information Add Recipients: Input the name and email address of each person involved in the contract. Specify [&hellip;]<\/p>\n","protected":false},"author":9,"featured_media":0,"parent":4674,"menu_order":0,"comment_status":"closed","ping_status":"closed","template":"","meta":{"footnotes":""},"class_list":["post-5270","page","type-page","status-publish","hentry","has-post-title","has-post-date","has-post-category","has-post-tag","has-post-comment","has-post-author",""],"builder_content":"Using AiSign\u2019s AI Contract Generator\nWelcome to AiSign, your best solution for effortless contract creation. This guide will walk you through how to create, edit, and send contracts using our AI-powered platform.\n<h2>Step 1: Name Your Document<\/h2> <ul> <li>Log in to AiSignand navigate to the \u2018Create Contract\u2019<\/li> <li>Enter a Unique Document Name: <ul> <li>Provide a distinctive name for your contract to stay organized and easily locate it later.<\/li> <\/ul> <\/li> <\/ul> <h2>Step 2: Add Recipient Information<\/h2> <ul> <li>Add Recipients: <ul> <li>Input the name and email address of each person involved in the contract.<\/li> <\/ul> <\/li> <li>Specify Signer Roles: <ul> <li>Assign roles to each recipient (e.g., Buyer, Seller, Witness) to clarify their responsibilities.<\/li> <\/ul> <\/li> <\/ul> <h2>Step 3: Select Jurisdiction<\/h2> <ul> <li>Choose the Appropriate Jurisdiction: <ul> <li>From the dropdown menu, select the state or jurisdiction where the contract will be executed.<\/li> <li>This ensures the contract complies with local laws and regulations.<\/li> <\/ul> <\/li> <\/ul> <h2>Step 4: Describe the Contract<\/h2> <ul> <li>Provide a Detailed Description: <ul> <li>In the contract description field, clearly outline the type of contract you need.<\/li> <li>Be clear and specific to help the AI tool generate a high-quality contract tailored to your needs.<\/li> <li>Include key points such as terms, conditions, and any special requirements.<\/li> <\/ul> <\/li> <\/ul> <h2>Step 5: Generate the Contract<\/h2> <ul> <li>Initiate Contract Generation: <ul> <li>After entering all necessary information, click \u2018Generate Contract\u2019.<\/li> <\/ul> <\/li> <li>Review the Generated Contract: <ul> <li>AiSign will create a draft of your contract.<\/li> <li>Carefully read through the document to ensure it meets your requirements.<\/li> <\/ul> <\/li> <\/ul> <h2>Step 6: Modify Your Contract<\/h2> <h3>Option A: Request AI Modifications<\/h3> <ul> <li>Review and Request Changes: <ul> <li>If the contract needs adjustments, you can request modificationsfrom the AI.<\/li> <li>Provide specific feedback or additional details to refine the document.<\/li> <\/ul> <\/li> <\/ul> <h3>Option B: Edit and Customize Manually<\/h3> <ul> <li>Edit the Contract Yourself: <ul> <li>Click on \u2018Edit and Send Document\u2019 to enter the editor interface.<\/li> <\/ul> <\/li> <li>Manually Customize: <ul> <li>Make direct edits to the text.<\/li> <li>Use the available editing tools to format and adjust the content.<\/li> <\/ul> <\/li> <li>Finalize Your Edits: <ul> <li>Once you\u2019ve completed your edits, click the \u2018Sign Contract\u2019 button to proceed.<\/li> <\/ul> <\/li> <\/ul> <h2>Step 7: Add Signer Fields and Finalize<\/h2> <ul> <li>Enhance the Contract with Signer Fields: <ul> <li>In the editor, drag and drop essential fields onto the document, such as: <ul> <li>Signature Fields: Indicate where each recipient should sign.<\/li> <li>Date Fields: Specify where dates should be entered.<\/li> <\/ul> <\/li> <li>Assign Fields to Recipients: <ul> <li>Ensure each field is assigned to the correct recipient by selecting their name from the field settings.<\/li> <\/ul> <\/li> <li>Review the Contract: <ul> <li>Double-check that all fields are correctly placed and that the document is ready for signing.<\/li> <\/ul> <\/li> <\/ul> <\/li> <\/ul> <h2>Step 8: Send the Contract<\/h2> <ul> <li>Send to Recipients: <ul> <li>Click \u2018Send\u2019 to dispatch the contract to all designated recipients.<\/li> <\/ul> <\/li> <li>Confirmation: <ul> <li>A confirmation message will appear, indicating that your contract has been sent successfully.<\/li> <\/ul> <\/li> <\/ul> <h2>Conclusion<\/h2> <p>That\u2019s it! Using AiSign, creating and sending contracts is a breeze. For more help, check out our resources or contact our support team. Thank you for choosing AiSign, and happy contracting!<\/p>\n<p>Do you need<br>more help?<\/p>\n<p data-start=\"908\" data-end=\"1044\">Our Heroic support team can hel you! Contact and explain us any problem you're having with the product.<\/p>\n<a href=\"#\" > ASK SUPPORT <em><svg xmlns:xlink=\"http:\/\/www.w3.org\/1999\/xlink\" aria-hidden=\"true\"><use href=\"#tf-ti-angle-right\" xlink:href=\"#tf-ti-angle-right\"><\/use><\/svg><\/em> <\/a>","_links":{"self":[{"href":"https:\/\/aisign.ai\/fr\/wp-json\/wp\/v2\/pages\/5270","targetHints":{"allow":["GET"]}}],"collection":[{"href":"https:\/\/aisign.ai\/fr\/wp-json\/wp\/v2\/pages"}],"about":[{"href":"https:\/\/aisign.ai\/fr\/wp-json\/wp\/v2\/types\/page"}],"author":[{"embeddable":true,"href":"https:\/\/aisign.ai\/fr\/wp-json\/wp\/v2\/users\/9"}],"replies":[{"embeddable":true,"href":"https:\/\/aisign.ai\/fr\/wp-json\/wp\/v2\/comments?post=5270"}],"version-history":[{"count":8,"href":"https:\/\/aisign.ai\/fr\/wp-json\/wp\/v2\/pages\/5270\/revisions"}],"predecessor-version":[{"id":5295,"href":"https:\/\/aisign.ai\/fr\/wp-json\/wp\/v2\/pages\/5270\/revisions\/5295"}],"up":[{"embeddable":true,"href":"https:\/\/aisign.ai\/fr\/wp-json\/wp\/v2\/pages\/4674"}],"wp:attachment":[{"href":"https:\/\/aisign.ai\/fr\/wp-json\/wp\/v2\/media?parent=5270"}],"curies":[{"name":"wp","href":"https:\/\/api.w.org\/{rel}","templated":true}]}}