{"id":5278,"date":"2026-01-13T10:35:42","date_gmt":"2026-01-13T10:35:42","guid":{"rendered":"https:\/\/aisign.ai\/?page_id=5278"},"modified":"2026-01-20T14:35:17","modified_gmt":"2026-01-20T14:35:17","slug":"comment-configurer-lauthentification-a-deux-facteurs-dans-aisign","status":"publish","type":"page","link":"https:\/\/aisign.ai\/fr\/support\/how-to-set-up-two-factor-authentication-in-aisign\/","title":{"rendered":"Comment configurer l'authentification \u00e0 deux facteurs dans AiSign ?"},"content":{"rendered":"<!--themify_builder_content-->\n<div id=\"themify_builder_content-5278\" data-postid=\"5278\" class=\"themify_builder_content themify_builder_content-5278 themify_builder tf_clear\">\n                    <div  data-lazy=\"1\" class=\"module_row themify_builder_row tb_0zyv559 tb_first tf_w\">\n            <span  class=\"builder_row_cover tf_abs\" data-lazy=\"1\"><\/span>            <div class=\"row_inner col_align_top tb_col_count_1 tf_box tf_rel\">\n                        <div  data-lazy=\"1\" class=\"module_column tb-column col-full tb_5n3a051 first\">\n                    <!-- module plain text -->\n<div  class=\"module module-plain-text tb_otwp900\" data-lazy=\"1\">\n        <div class=\"tb_text_wrap\">\n    Comment configurer l'authentification \u00e0 deux facteurs dans l'application <span class=\"ai-sing-color\">AiSign<\/span>    <\/div>\n<\/div>\n<!-- \/module plain text --><!-- module plain text -->\n<div  class=\"module module-plain-text tb_od7l045\" data-lazy=\"1\">\n        <div class=\"tb_text_wrap\">\n    Renforcer la s\u00e9curit\u00e9 de votre compte AiSign est essentiel pour prot\u00e9ger vos documents sensibles et vos informations personnelles. L'authentification \u00e0 deux facteurs (2FA) ajoute une couche suppl\u00e9mentaire de s\u00e9curit\u00e9 en exigeant une deuxi\u00e8me forme de v\u00e9rification lors de la connexion. Ce guide vous montrera comment configurer l'authentification \u00e0 deux facteurs dans AiSign \u00e0 l'aide de notifications par e-mail, de messages texte ou de Google Authenticator.    <\/div>\n<\/div>\n<!-- \/module plain text -->        <\/div>\n                        <\/div>\n        <\/div>\n                        <div  data-lazy=\"1\" class=\"module_row themify_builder_row tb_vouj080 tf_w\">\n                        <div class=\"row_inner col_align_top gutter-none tb_col_count_3 tf_box tf_rel\">\n                        <div  data-lazy=\"1\" class=\"module_column tb-column col3-1 tb_5weg019 first\">\n                            <\/div>\n                    <div  data-lazy=\"1\" class=\"module_column tb-column col3-1 tb_xmt8410\">\n                    <!-- module text -->\n<div  class=\"module module-text tb_c3f8906\" data-lazy=\"1\">\n        <div  class=\"tb_text_wrap\">\n        <h2>Guide \u00e9tape par \u00e9tape<\/h2>\n<h3>\u00c9tape 1 : Connexion \u00e0 votre compte AiSign<\/h3>\n<ul>\n<li>Ouvrez votre navigateur web et naviguez vers <a href=\"https:\/\/app.aisign.ai\/\" target=\"_blank\">Page de connexion d'AiSign<\/a>.<\/li>\n<li>Saisissez votre adresse \u00e9lectronique et votre mot de passe, puis cliquez sur le bouton \u201cSe connecter\u201d<\/li>\n<\/ul>\n<h3>\u00c9tape 2 : Acc\u00e9der \u00e0 \u201cMes param\u00e8tres\u201d<\/h3>\n<ul>\n<li>Une fois connect\u00e9, cherchez en haut de l'\u00e9cran la rubrique \u201cMes param\u00e8tres\u201d<\/li>\n<li>Cliquez sur \u201cMes param\u00e8tres\u201d pour acc\u00e9der aux param\u00e8tres de votre compte.<\/li>\n<\/ul>\n<h3>\u00c9tape 3 : Naviguer vers \u201cParam\u00e8tres de s\u00e9curit\u00e9\u201d<\/h3>\n<ul>\n<li>Sur la page Mes param\u00e8tres, faites d\u00e9filer la page jusqu'\u00e0 ce que vous trouviez les \u201cParam\u00e8tres de s\u00e9curit\u00e9\u201d<\/li>\n<li>Cette section est situ\u00e9e pr\u00e8s de la section \u201cFuseau horaire et langue\u201d<\/li>\n<\/ul>\n<h3>\u00c9tape 4 : Choisissez votre m\u00e9thode d'authentification \u00e0 deux facteurs<\/h3>\n<p>Sous Param\u00e8tres de s\u00e9curit\u00e9, vous disposez de trois options pour configurer l'authentification \u00e0 deux facteurs :<\/p>\n<ol>\n<li>Notifications par courrier \u00e9lectronique<\/li>\n<li>Messages textuels (SMS)<\/li>\n<li>Google Authenticator<\/li>\n<\/ol>\n<h4>Option 1 : Activer les notifications par courrier \u00e9lectronique<\/h4>\n<ul>\n<li>\u00c9tape 4A : Localisez la \u201cV\u00e9rification de l'adresse \u00e9lectronique\u201d.\u201d<\/li>\n<li>\u00c9tape 4B : Basculez l'interrupteur sur \u201cOn\u201d pour activer les notifications par courrier \u00e9lectronique.<\/li>\n<li>\u00c9tape 4C : Un message de confirmation appara\u00eet, indiquant que la v\u00e9rification du courrier \u00e9lectronique est activ\u00e9e.<\/li>\n<li>Note : Lorsque vous vous connectez, vous recevez un courriel contenant un code de v\u00e9rification pour compl\u00e9ter le processus de connexion.<\/li>\n<\/ul>\n<h4>Option 2 : Activer les messages textuels (SMS)<\/h4>\n<ul>\n<li>\u00c9tape 4A : Localisez le \u201cSMS Verification\u201d (v\u00e9rification par SMS)\u201d<\/li>\n<li>\u00c9tape 4B : Si vous avez d\u00e9j\u00e0 v\u00e9rifi\u00e9 votre num\u00e9ro de t\u00e9l\u00e9phone aupr\u00e8s d'AiSign, vous pouvez passer \u00e0 l'\u00e9tape 4D.\n<ul>\n<li>Si vous n'avez pas v\u00e9rifi\u00e9 votre num\u00e9ro de t\u00e9l\u00e9phone :\n<ul>\n<li>\u00c9tape 4C : Cliquez sur \u201cSet Up\u201d \u00e0 c\u00f4t\u00e9 de SMS Verification.<\/li>\n<li>Saisissez votre num\u00e9ro de t\u00e9l\u00e9phone portable dans le champ pr\u00e9vu \u00e0 cet effet et cliquez sur \u201cEnvoyer le code\u201d.<\/li>\n<li>Vous recevrez un SMS contenant un code de v\u00e9rification.<\/li>\n<li>Saisissez le code de v\u00e9rification dans l'invite d'AiSign et cliquez sur \u201cV\u00e9rifier\u201d.<\/li>\n<\/ul>\n<\/li>\n<li>\u00c9tape 4D : Basculez le commutateur \u201cV\u00e9rification SMS\u201d sur \u201cOn\u201d pour activer la v\u00e9rification des messages texte.<\/li>\n<li>Note : Lors de la connexion, un code de v\u00e9rification sera envoy\u00e9 \u00e0 votre t\u00e9l\u00e9phone par message texte.<\/li>\n<\/ul>\n<\/li>\n<\/ul>\n<h4>Option 3 : Configurer Google Authenticator<\/h4>\n<ul>\n<li>\u00c9tape 4A : Localiser le \u201cGoogle Authenticator\u201d<\/li>\n<li>\u00c9tape 4B : Cliquez sur \u201cConfigurer\u201d \u00e0 c\u00f4t\u00e9 de Google Authenticator.<\/li>\n<li>\u00c9tape 4C : Un code QR appara\u00eet \u00e0 l'\u00e9cran.<\/li>\n<li>\u00c9tape 4D : Sur votre appareil mobile, t\u00e9l\u00e9chargez et ouvrez Google Authenticator.\n<ul>\n<li>Pour iOS : <a target=\"_blank\" href=\"https:\/\/apps.apple.com\/app\/google-authenticator\/id388497605\" rel=\"noopener\">T\u00e9l\u00e9charger sur l'App Store<\/a><\/li>\n<li>Pour Android : <a href=\"https:\/\/play.google.com\/store\/apps\/details?id=com.google.android.apps.authenticator2&#038;pcampaignid=web_share\" target=\"_blank\" rel=\"noopener\">T\u00e9l\u00e9charger \u00e0 partir de Google Play Store<\/a><\/li>\n<\/ul>\n<\/li>\n<li>\u00c9tape 4E : Dans l'application Google Authenticator, appuyez sur l'ic\u00f4ne \u201c+\u201d pour ajouter un nouveau compte.<\/li>\n<li>\u00c9tape 4F : S\u00e9lectionnez \u201cScanner un code QR\u201d et scannez le code QR affich\u00e9 sur AiSign.<\/li>\n<li>\u00c9tape 4G : L'application g\u00e9n\u00e8re un code de v\u00e9rification \u00e0 6 chiffres pour AiSign.<\/li>\n<li>\u00c9tape 4H : Saisissez ce code dans l'invite d'AiSign.<\/li>\n<li>\u00c9tape 4I : Cliquez sur \u201cV\u00e9rifier\u201d pour terminer la configuration.<\/li>\n<li>Remarque : Lors de la connexion, vous ouvrirez l'application Google Authenticator pour r\u00e9cup\u00e9rer le code de v\u00e9rification.<\/li>\n<\/ul>\n<h3>\u00c9tape 5 : Sauvegarder vos param\u00e8tres<\/h3>\n<ul>\n<li>Apr\u00e8s avoir choisi et configur\u00e9 votre m\u00e9thode 2FA pr\u00e9f\u00e9r\u00e9e, descendez au bas de la page Mes param\u00e8tres<\/li>\n<li>Cliquez sur le bouton \u201cMise \u00e0 jour\u201d pour enregistrer vos modifications.<\/li>\n<li>Un message de confirmation s'affiche, indiquant que vos param\u00e8tres de s\u00e9curit\u00e9 ont \u00e9t\u00e9 mis \u00e0 jour avec succ\u00e8s.<\/li>\n<\/ul>\n<h3>\u00c9tape 6 : Tester l'authentification \u00e0 deux facteurs<\/h3>\n<ul>\n<li>D\u00e9connectez-vous de votre compte AiSign.<\/li>\n<li>Reconnectez-vous \u00e0 l'aide de votre adresse \u00e9lectronique et de votre mot de passe.<\/li>\n<li>Vous serez invit\u00e9 \u00e0 effectuer la deuxi\u00e8me \u00e9tape de l'authentification en fonction de la m\u00e9thode que vous avez s\u00e9lectionn\u00e9e :\n<ul>\n<li>Notifications par courriel : V\u00e9rifiez votre courrier \u00e9lectronique pour obtenir le code de v\u00e9rification.<\/li>\n<li>Messages textuels : V\u00e9rifiez le code SMS sur votre t\u00e9l\u00e9phone.<\/li>\n<li>Google Authenticator : Ouvrez l'application pour r\u00e9cup\u00e9rer le code actuel.<\/li>\n<\/ul>\n<\/li>\n<li>Saisissez le code de v\u00e9rification et cliquez sur \u201cV\u00e9rifier\u201d ou \u201cSe connecter\u201d.<\/li>\n<\/ul>\n<h2>Conseils pour g\u00e9rer vos param\u00e8tres 2FA<\/h2>\n<ul>\n<li>Codes de sauvegarde : Certaines m\u00e9thodes fournissent des codes de sauvegarde lors de l'installation. Conservez-les dans un endroit s\u00fbr au cas o\u00f9 vous perdriez l'acc\u00e8s \u00e0 votre m\u00e9thode d'authentification.<\/li>\n<li>Mise \u00e0 jour du num\u00e9ro de t\u00e9l\u00e9phone : si vous changez de num\u00e9ro de t\u00e9l\u00e9phone mobile, n'oubliez pas de le mettre \u00e0 jour dans la v\u00e9rification par SMS.<\/li>\n<li>Changement d'appareil : Si vous changez d'appareil, vous devrez \u00e0 nouveau configurer Google Authenticator.<\/li>\n<\/ul>\n<h2>Conclusion<\/h2>\n<p>La configuration de l'authentification \u00e0 deux facteurs dans AiSign renforce consid\u00e9rablement la s\u00e9curit\u00e9 de votre compte. Que vous pr\u00e9f\u00e9riez les notifications par courrier \u00e9lectronique, les messages texte ou l'utilisation de Google Authenticator, l'ajout de cette couche de protection suppl\u00e9mentaire permet de prot\u00e9ger vos documents et informations sensibles. Merci d'avoir pris le temps de s\u00e9curiser votre compte AiSign !<\/p>\n    <\/div>\n<\/div>\n<!-- \/module text -->        <\/div>\n                    <div  data-lazy=\"1\" class=\"module_column tb-column col3-1 tb_sd3m550 last\">\n                            <\/div>\n                        <\/div>\n        <\/div>\n                        <div  data-lazy=\"1\" class=\"module_row themify_builder_row tb_nc7y900 tf_w\">\n                        <div class=\"row_inner col_align_top tb_col_count_1 tf_box tf_rel\">\n                        <div  data-lazy=\"1\" class=\"module_column tb-column col-full tb_z8ni944 first\">\n                            <div  data-lazy=\"1\" class=\"module_subrow themify_builder_sub_row tf_w col_align_top gutter-narrow tb_col_count_2 tb_setj490\">\n        <span  class=\"builder_row_cover tf_abs\" data-lazy=\"1\"><\/span>        <div  data-lazy=\"1\" class=\"module_column sub_column col4-2 tb_4dug496 first\">\n                    <!-- module text -->\n<div  class=\"module module-text tb_xgku492\" data-lazy=\"1\">\n        <div  class=\"tb_text_wrap\">\n        <p>Avez-vous besoin<br>plus d'aide ?<\/p>    <\/div>\n<\/div>\n<!-- \/module text -->        <\/div>\n                    <div  data-lazy=\"1\" class=\"module_column sub_column col4-2 tb_gyfb880 last\">\n                    <!-- module text -->\n<div  class=\"module module-text tb_issl584\" data-lazy=\"1\">\n        <div  class=\"tb_text_wrap\">\n        <p data-start=\"908\" data-end=\"1044\">Notre \u00e9quipe d'assistance h\u00e9ro\u00efque peut vous aider ! Contactez-nous et expliquez-nous tout probl\u00e8me que vous rencontrez avec le produit.<\/p>    <\/div>\n<\/div>\n<!-- \/module text --><!-- module buttons -->\n<div  class=\"module module-buttons tb_f8h3833 buttons-horizontal solid ai-sing-button-white-alt  rounded buttons-fullwidth\" data-lazy=\"1\">\n        <div class=\"module-buttons-item tf_in_flx\">\n                        <a href=\"#\" class=\"ui builder_button tf_in_flx transparent\" >\n                                                DEMANDER DE L'AIDE                                        <em><svg  class=\"tf_fa tf-ti-angle-right\" xmlns:xlink=\"http:\/\/www.w3.org\/1999\/xlink\" aria-hidden=\"true\"><use href=\"#tf-ti-angle-right\" xlink:href=\"#tf-ti-angle-right\"><\/use><\/svg><\/em>                            <\/a>\n                <\/div>\n            <\/div>\n<!-- \/module buttons -->\n        <\/div>\n                    <\/div>\n                <\/div>\n                        <\/div>\n        <\/div>\n        <\/div>\n<!--\/themify_builder_content-->","protected":false},"excerpt":{"rendered":"<p>Step-by-Step Guide Step 1: Log In to Your AiSign Account Open your web browser and navigate to AiSign\u2019s login page. Enter your email address and password, then click on the \u201cLog In\u201d Step 2: Access \u201cMy Settings\u201d Once logged in, look at the top of the screen for the \u201cMy Settings\u201d Click on \u201cMy Settings\u201d [&hellip;]<\/p>\n","protected":false},"author":9,"featured_media":0,"parent":4674,"menu_order":0,"comment_status":"closed","ping_status":"closed","template":"","meta":{"footnotes":""},"class_list":["post-5278","page","type-page","status-publish","hentry","has-post-title","has-post-date","has-post-category","has-post-tag","has-post-comment","has-post-author",""],"builder_content":"How to Set Up Two-Factor Authentication in AiSign\nEnhancing the security of your AiSign account is crucial to protect your sensitive documents and personal information. Two-Factor Authentication (2FA) adds an extra layer of security by requiring a second form of verification when logging in. This guide will show you how to set up 2FA in AiSign using email notifications, text messages, or Google Authenticator.\n<h2>Step-by-Step Guide<\/h2> <h3>Step 1: Log In to Your AiSign Account<\/h3> <ul> <li>Open your web browser and navigate to <a href=\"https:\/\/app.aisign.ai\/\" target=\"_blank\">AiSign\u2019s login page<\/a>.<\/li> <li>Enter your email address and password, then click on the \u201cLog In\u201d<\/li> <\/ul> <h3>Step 2: Access \u201cMy Settings\u201d<\/h3> <ul> <li>Once logged in, look at the top of the screen for the \u201cMy Settings\u201d<\/li> <li>Click on \u201cMy Settings\u201d to access your account settings.<\/li> <\/ul> <h3>Step 3: Navigate to \u201cSecurity Settings\u201d<\/h3> <ul> <li>On the My Settings page, scroll down to find the \u201cSecurity Settings\u201d<\/li> <li>This section is located near the \u201cTimezone &amp; Language\u201d<\/li> <\/ul> <h3>Step 4: Choose Your Two-Factor Authentication Method<\/h3> <p>Under Security Settings, you have three options to set up Two-Factor Authentication:<\/p> <ol> <li>Email Notifications<\/li> <li>Text Messages (SMS)<\/li> <li>Google Authenticator<\/li> <\/ol> <h4>Option 1: Enable Email Notifications<\/h4> <ul> <li>Step 4A: Locate the \u201cEmail Verification\u201d<\/li> <li>Step 4B: Toggle the switch to \u201cOn\u201d to enable email notifications.<\/li> <li>Step 4C: A confirmation message will appear stating that email verification is enabled.<\/li> <li>Note: When logging in, you\u2019ll receive an email with a verification code to complete the login process.<\/li> <\/ul> <h4>Option 2: Enable Text Messages (SMS)<\/h4> <ul> <li>Step 4A: Locate the \u201cSMS Verification\u201d<\/li> <li>Step 4B: If you have already verified your phone number with AiSign, you can skip to Step 4D. <ul> <li>If you haven\u2019t verified your phone number: <ul> <li>Step 4C: Click on \u201cSet Up\u201dnext to SMS Verification.<\/li> <li>Enter your mobile phone number in the provided field and click on \u201cSend Code\u201d.<\/li> <li>You\u2019ll receive a text message with a verification code.<\/li> <li>Enter the verification code into the prompt on AiSign and click \u201cVerify\u201d.<\/li> <\/ul> <\/li> <li>Step 4D: Toggle the \u201cSMS Verification\u201d switch to \u201cOn\u201d to enable text message verification.<\/li> <li>Note: When logging in, a verification code will be sent to your phone via text message.<\/li> <\/ul> <\/li> <\/ul> <h4>Option 3: Set Up Google Authenticator<\/h4> <ul> <li>Step 4A: Locate the \u201cGoogle Authenticator\u201d<\/li> <li>Step 4B: Click on \u201cSet Up\u201dnext to Google Authenticator.<\/li> <li>Step 4C: A QR code will appear on the screen.<\/li> <li>Step 4D: On your mobile device, download and open the Google Authenticator <ul> <li>For iOS: <a target=\"_blank\" href=\"https:\/\/apps.apple.com\/app\/google-authenticator\/id388497605\" rel=\"noopener\">Download from the App Store<\/a><\/li> <li>For Android: <a href=\"https:\/\/play.google.com\/store\/apps\/details?id=com.google.android.apps.authenticator2&pcampaignid=web_share\" target=\"_blank\" rel=\"noopener\">Download from Google Play Store<\/a><\/li> <\/ul> <\/li> <li>Step 4E: In the Google Authenticator app, tap on the \u201c+\u201d icon to add a new account.<\/li> <li>Step 4F: Select \u201cScan a QR code\u201d and scan the QR code displayed on AiSign.<\/li> <li>Step 4G: The app will generate a 6-digit verification code for AiSign.<\/li> <li>Step 4H: Enter this code into the prompt on AiSign.<\/li> <li>Step 4I: Click \u201cVerify\u201d to complete the setup.<\/li> <li>Note: When logging in, you\u2019ll open the Google Authenticator app to retrieve the verification code.<\/li> <\/ul> <h3>Step 5: Save Your Settings<\/h3> <ul> <li>After choosing and setting up your preferred 2FA method, scroll down to the bottom of the My Settings<\/li> <li>Click on the \u201cUpdate\u201d button to save your changes.<\/li> <li>A confirmation message will appear indicating that your security settings have been updated successfully.<\/li> <\/ul> <h3>Step 6: Test Your Two-Factor Authentication<\/h3> <ul> <li>Log Out of your AiSign account.<\/li> <li>Log Back In using your email and password.<\/li> <li>You will be prompted to complete the second step of authentication based on the method you selected: <ul> <li>Email Notifications: Check your email for the verification code.<\/li> <li>Text Messages: Check your phone for the SMS code.<\/li> <li>Google Authenticator: Open the app to retrieve the current code.<\/li> <\/ul> <\/li> <li>Enter the verification code and click \u201cVerify\u201d or \u201cLog In\u201d.<\/li> <\/ul> <h2>Tips for Managing Your 2FA Settings<\/h2> <ul> <li>Backup Codes: Some methods provide backup codes during setup. Save these in a secure place in case you lose access to your authentication method.<\/li> <li>Update Your Phone Number: If you change your mobile number, remember to update it in the SMS Verification<\/li> <li>Device Changes: If you get a new device, you\u2019ll need to set up Google Authenticator again.<\/li> <\/ul> <h2>Conclusion<\/h2> <p>Setting up Two-Factor Authentication in AiSign significantly enhances the security of your account. Whether you prefer email notifications, text messages, or using Google Authenticator, adding this extra layer of protection helps safeguard your sensitive documents and information. Thank you for taking the time to secure your AiSign account!<\/p>\n<p>Do you need<br>more help?<\/p>\n<p data-start=\"908\" data-end=\"1044\">Our Heroic support team can hel you! Contact and explain us any problem you're having with the product.<\/p>\n<a href=\"#\" > ASK SUPPORT <em><svg xmlns:xlink=\"http:\/\/www.w3.org\/1999\/xlink\" aria-hidden=\"true\"><use href=\"#tf-ti-angle-right\" xlink:href=\"#tf-ti-angle-right\"><\/use><\/svg><\/em> <\/a>","_links":{"self":[{"href":"https:\/\/aisign.ai\/fr\/wp-json\/wp\/v2\/pages\/5278","targetHints":{"allow":["GET"]}}],"collection":[{"href":"https:\/\/aisign.ai\/fr\/wp-json\/wp\/v2\/pages"}],"about":[{"href":"https:\/\/aisign.ai\/fr\/wp-json\/wp\/v2\/types\/page"}],"author":[{"embeddable":true,"href":"https:\/\/aisign.ai\/fr\/wp-json\/wp\/v2\/users\/9"}],"replies":[{"embeddable":true,"href":"https:\/\/aisign.ai\/fr\/wp-json\/wp\/v2\/comments?post=5278"}],"version-history":[{"count":8,"href":"https:\/\/aisign.ai\/fr\/wp-json\/wp\/v2\/pages\/5278\/revisions"}],"predecessor-version":[{"id":5294,"href":"https:\/\/aisign.ai\/fr\/wp-json\/wp\/v2\/pages\/5278\/revisions\/5294"}],"up":[{"embeddable":true,"href":"https:\/\/aisign.ai\/fr\/wp-json\/wp\/v2\/pages\/4674"}],"wp:attachment":[{"href":"https:\/\/aisign.ai\/fr\/wp-json\/wp\/v2\/media?parent=5278"}],"curies":[{"name":"wp","href":"https:\/\/api.w.org\/{rel}","templated":true}]}}