{"id":5616,"date":"2026-01-14T11:14:08","date_gmt":"2026-01-14T11:14:08","guid":{"rendered":"https:\/\/aisign.ai\/?page_id=5616"},"modified":"2026-01-14T11:14:08","modified_gmt":"2026-01-14T11:14:08","slug":"politique-de-confidentialite","status":"publish","type":"page","link":"https:\/\/aisign.ai\/fr\/privacy-policy\/","title":{"rendered":"Politique de confidentialit\u00e9"},"content":{"rendered":"<!--themify_builder_content-->\n<div id=\"themify_builder_content-5616\" data-postid=\"5616\" class=\"themify_builder_content themify_builder_content-5616 themify_builder tf_clear\">\n                    <div  data-lazy=\"1\" class=\"module_row themify_builder_row tb_qdge040 tb_first tf_w\">\n            <span  class=\"builder_row_cover tf_abs\" data-lazy=\"1\"><\/span>            <div class=\"row_inner col_align_top tb_col_count_1 tf_box tf_rel\">\n                        <div  data-lazy=\"1\" class=\"module_column tb-column col-full tb_k3tp838 first\">\n                    <!-- module plain text -->\n<div  class=\"module module-plain-text tb_vj3z608\" data-lazy=\"1\">\n        <div class=\"tb_text_wrap\">\n    <span class=\"ai-sing-color\">AiSign<\/span> Politique de confidentialit\u00e9    <\/div>\n<\/div>\n<!-- \/module plain text --><!-- module plain text -->\n<div  class=\"module module-plain-text tb_gqkw600\" data-lazy=\"1\">\n        <div class=\"tb_text_wrap\">\n    Cette politique de confidentialit\u00e9 entre en vigueur le 11 janvier 2024 et a \u00e9t\u00e9 cr\u00e9\u00e9e pour \u00eatre conforme au GDPR. PIPEDA, Australian Privacy Act de 1988, DPA, et CalOPPA lois nationales et internationales.    <\/div>\n<\/div>\n<!-- \/module plain text -->        <\/div>\n                        <\/div>\n        <\/div>\n                        <div  data-lazy=\"1\" class=\"module_row themify_builder_row tb_ql6f736 tf_w\">\n                        <div class=\"row_inner col_align_top gutter-none tb_col_count_3 tf_box tf_rel\">\n                        <div  data-lazy=\"1\" class=\"module_column tb-column col3-1 tb_7jkz336 first\">\n                            <\/div>\n                    <div  data-lazy=\"1\" class=\"module_column tb-column col3-1 tb_0no4670\">\n                    <!-- module text -->\n<div  class=\"module module-text tb_fkfz708\" data-lazy=\"1\">\n        <div  class=\"tb_text_wrap\">\n        <h2>Qui sommes-nous ?<\/h2>\n<p>L'adresse de notre site web est la suivante : <a href=\"https:\/\/aisign.ai\/fr\/\">aisign.ai<\/a>. Cette adresse est affili\u00e9e \u00e0 Malca Corp, Inc situ\u00e9e \u00e0 8211 W Broward Blvd #410, Plantation, FL 33324, USA.<\/p>\n<h3>Quelles sont les donn\u00e9es personnelles que nous collectons et pourquoi nous les collectons :<\/h3>\n<h4>Commentaires<\/h4>\n<p>Lorsque les visiteurs laissent des commentaires sur le site, nous recueillons les donn\u00e9es figurant dans le formulaire de commentaires, ainsi que l'adresse IP du visiteur et la cha\u00eene de l'agent utilisateur du navigateur afin de faciliter la d\u00e9tection des spams.<\/p>\n<p>Une cha\u00eene anonyme cr\u00e9\u00e9e \u00e0 partir de votre adresse \u00e9lectronique (\u00e9galement appel\u00e9e \"hash\") peut \u00eatre fournie au service Gravatar pour v\u00e9rifier si vous l'utilisez. La politique de confidentialit\u00e9 du service Gravatar est disponible ici : https:\/\/automattic.com\/privacy\/. Apr\u00e8s approbation de votre commentaire, votre photo de profil est visible par le public dans le contexte de votre commentaire.<\/p>\n<h4>Coordonn\u00e9es et autres informations personnelles<\/h4>\n<p>Les informations que vous soumettez dans les formulaires de notre site web sont collect\u00e9es \u00e0 des fins de marketing, d'analyse et de g\u00e9n\u00e9ration de leads. Si vous soumettez un formulaire de contact, vous acceptez de vous abonner \u00e0 notre blog et votre nom et votre adresse \u00e9lectronique sont \u00e9galement stock\u00e9s. Les informations soumises sont stock\u00e9es ind\u00e9finiment sur nos serveurs. Si vous souhaitez que ces informations soient supprim\u00e9es, vous devez contacter notre \u00e9quipe d'assistance \u00e0 la client\u00e8le. Nous ferons de notre mieux pour supprimer compl\u00e8tement et rapidement vos coordonn\u00e9es.<\/p>\n<p>Les informations stock\u00e9es comprennent : le nom, l'adresse \u00e9lectronique, le num\u00e9ro de t\u00e9l\u00e9phone, tout message \u00e9crit et toute autre entr\u00e9e volontaire sur le formulaire de notre site web.<\/p>\n<h4>Cookies<\/h4>\n<p>Si vous visitez notre site ou interagissez avec lui, votre adresse IP sera enregistr\u00e9e dans des cookies. Ces cookies sont utilis\u00e9s \u00e0 des fins de remarketing avec de grands services technologiques tels que Facebook ads, Google display ads, etc.<\/p>\n<p>Si vous avez un compte et que vous vous connectez \u00e0 ce site, nous installerons un cookie temporaire pour d\u00e9terminer si votre navigateur accepte les cookies. Ce cookie ne contient aucune donn\u00e9e personnelle et est supprim\u00e9 lorsque vous fermez votre navigateur.<\/p>\n<p>Lorsque vous vous connectez, nous installons \u00e9galement plusieurs cookies pour enregistrer vos informations de connexion et vos choix d'affichage \u00e0 l'\u00e9cran. Les cookies de connexion ont une dur\u00e9e de vie de deux jours et les cookies d'options d'\u00e9cran ont une dur\u00e9e de vie d'un an. Si vous s\u00e9lectionnez l'option \"Se souvenir de moi\", votre connexion sera conserv\u00e9e pendant deux semaines. Si vous vous d\u00e9connectez de votre compte, les cookies de connexion seront supprim\u00e9s.<\/p>\n<h4>Informations sur le paiement<\/h4>\n<p>Si vous effectuez un achat sur notre site web, nous enregistrons votre nom complet, votre adresse \u00e9lectronique, votre adresse de facturation, votre adresse de livraison, les quatre derniers chiffres de votre num\u00e9ro de carte de cr\u00e9dit ou de votre adresse \u00e9lectronique PayPal, ainsi que la date de la commande. Nous utilisons d'importants processeurs de paiement tiers tels que PayPal et Stripe pour traiter les paiements en ligne. Nous ne stockons pas d'informations de paiement sensibles sur nos propres serveurs. Si vous effectuez un achat via notre boutique en ligne Squarespace, nous pouvons voir les quatre derniers chiffres de votre carte de cr\u00e9dit ou votre adresse \u00e9lectronique PayPal, selon la m\u00e9thode de paiement utilis\u00e9e. Veuillez consulter les politiques de confidentialit\u00e9 de Stripe et de PayPal pour en savoir plus sur la mani\u00e8re dont ils utilisent et stockent vos informations de paiement.<\/p>\n<h3>Contenu int\u00e9gr\u00e9 d'autres sites web<\/h3>\n<p>Les articles de ce site peuvent contenir du contenu int\u00e9gr\u00e9 (par exemple des vid\u00e9os, des images, des articles, etc.). Le contenu int\u00e9gr\u00e9 provenant d'autres sites web se comporte exactement de la m\u00eame mani\u00e8re que si le visiteur avait visit\u00e9 l'autre site web.<\/p>\n<p>Ces sites web peuvent collecter des donn\u00e9es vous concernant, utiliser des cookies, int\u00e9grer un suivi suppl\u00e9mentaire par des tiers et surveiller votre interaction avec ce contenu int\u00e9gr\u00e9, y compris votre interaction avec le contenu int\u00e9gr\u00e9 si vous avez un compte et que vous \u00eates connect\u00e9 \u00e0 ce site web.<\/p>\n<h2>Analyse<\/h2>\n<h3>Avec qui partageons-nous vos donn\u00e9es ?<\/h3>\n<p>Les donn\u00e9es de notre site web (y compris l'adresse IP, la localisation du visiteur, etc.) sont partag\u00e9es avec Google Analytics, Google Search Console, Facebook Business Manager, LinkedIn Business Manager, Twitter Business Manager et d'autres, \u00e0 notre discr\u00e9tion. Nous ne vendons pas les donn\u00e9es de nos visiteurs \u00e0 des soci\u00e9t\u00e9s tierces de g\u00e9n\u00e9ration de leads ou \u00e0 d'autres soci\u00e9t\u00e9s associ\u00e9es \u00e0 des pratiques malveillantes ou au spam.<\/p>\n<h3>Dur\u00e9e de conservation des donn\u00e9es<\/h3>\n<p>La plupart des donn\u00e9es re\u00e7ues des visiteurs sont stock\u00e9es ind\u00e9finiment par nos logiciels d'analyse et de gestion de la relation client. Ces donn\u00e9es comprennent l'adresse IP de l'utilisateur, sa localisation, son comportement sur notre site web et ses coordonn\u00e9es si celles-ci sont soumises volontairement par le biais d'un formulaire du site web.<\/p>\n<p>Pour les utilisateurs qui s'inscrivent sur notre site web, nous stockons \u00e9galement les informations personnelles qu'ils fournissent dans leur profil d'utilisateur. Tous les utilisateurs peuvent voir, modifier ou supprimer leurs informations personnelles \u00e0 tout moment (sauf qu'ils ne peuvent pas changer leur nom d'utilisateur). Les administrateurs du site web peuvent \u00e9galement consulter et modifier ces informations.<\/p>\n<h2>Vos coordonn\u00e9es<\/h2>\n<p>Vos coordonn\u00e9es sont collect\u00e9es uniquement \u00e0 partir de contributions volontaires. Si vous souhaitez que vos coordonn\u00e9es soient supprim\u00e9es de nos bases de donn\u00e9es, veuillez contacter notre \u00e9quipe d'assistance et en faire la demande. Pour en savoir plus, veuillez consulter la section \"Informations de contact\" de ce site web.<\/p>\n<h4>Quels sont vos droits sur vos donn\u00e9es ?<\/h4>\n<p>Les visiteurs de notre site web ont le droit de demander que leurs coordonn\u00e9es soient supprim\u00e9es de nos bases de donn\u00e9es en nous envoyant une demande de \"ne pas suivre\", soit manuellement, soit par l'interm\u00e9diaire de leur navigateur avec des param\u00e8tres automatis\u00e9s. Les visiteurs de notre site web ne peuvent pas demander que nous supprimions les informations relatives \u00e0 leur adresse IP, car ces donn\u00e9es sont stock\u00e9es sur des serveurs sur lesquels nous n'avons aucun contr\u00f4le. Veuillez consulter les pages consacr\u00e9es \u00e0 la politique de confidentialit\u00e9 de Facebook, Google, LinkedIn et Twitter pour plus d'informations sur la mani\u00e8re dont ces grandes entreprises technologiques utilisent et stockent vos donn\u00e9es.<\/p>\n<h2>Modifications futures de la pr\u00e9sente politique<\/h2>\n<p>Toute modification future de cette politique sera visible sur notre site web. Des modifications sont apport\u00e9es p\u00e9riodiquement pour tenir compte des lois internationales et des lois f\u00e9d\u00e9rales des \u00c9tats-Unis. En cas de changement majeur, tel que le partage des informations de contact, nous enverrons une notification par courrier \u00e9lectronique aux abonn\u00e9s de notre site web qui ont accept\u00e9 que nous leur envoyions des communications.<\/p>    <\/div>\n<\/div>\n<!-- \/module text -->        <\/div>\n                    <div  data-lazy=\"1\" class=\"module_column tb-column col3-1 tb_87nl083 last\">\n                            <\/div>\n                        <\/div>\n        <\/div>\n                        <div  data-lazy=\"1\" class=\"module_row themify_builder_row tb_l7do858 tf_w\">\n                        <div class=\"row_inner col_align_top tb_col_count_1 tf_box tf_rel\">\n                        <div  data-lazy=\"1\" class=\"module_column tb-column col-full tb_db8b803 first\">\n                            <div  data-lazy=\"1\" class=\"module_subrow themify_builder_sub_row tf_w col_align_top gutter-narrow tb_col_count_2 tb_1woj663\">\n        <span  class=\"builder_row_cover tf_abs\" data-lazy=\"1\"><\/span>        <div  data-lazy=\"1\" class=\"module_column sub_column col4-2 tb_g0yx365 first\">\n                    <!-- module text -->\n<div  class=\"module module-text tb_pehm986\" data-lazy=\"1\">\n        <div  class=\"tb_text_wrap\">\n        <p>Avez-vous besoin<br>plus d'aide ?<\/p>    <\/div>\n<\/div>\n<!-- \/module text -->        <\/div>\n                    <div  data-lazy=\"1\" class=\"module_column sub_column col4-2 tb_qtna610 last\">\n                    <!-- module text -->\n<div  class=\"module module-text tb_sa51008\" data-lazy=\"1\">\n        <div  class=\"tb_text_wrap\">\n        <p data-start=\"908\" data-end=\"1044\">Notre \u00e9quipe d'assistance h\u00e9ro\u00efque peut vous aider ! Contactez-nous et expliquez-nous tout probl\u00e8me que vous rencontrez avec le produit.<\/p>    <\/div>\n<\/div>\n<!-- \/module text --><!-- module buttons -->\n<div  class=\"module module-buttons tb_qdj3664 buttons-horizontal solid ai-sing-button-white-alt  rounded buttons-fullwidth\" data-lazy=\"1\">\n        <div class=\"module-buttons-item tf_in_flx\">\n                        <a href=\"#\" class=\"ui builder_button tf_in_flx transparent\" >\n                                                DEMANDER DE L'AIDE                                        <em><svg  class=\"tf_fa tf-ti-angle-right\" xmlns:xlink=\"http:\/\/www.w3.org\/1999\/xlink\" aria-hidden=\"true\"><use href=\"#tf-ti-angle-right\" xlink:href=\"#tf-ti-angle-right\"><\/use><\/svg><\/em>                            <\/a>\n                <\/div>\n            <\/div>\n<!-- \/module buttons -->\n        <\/div>\n                    <\/div>\n                <\/div>\n                        <\/div>\n        <\/div>\n        <\/div>\n<!--\/themify_builder_content-->","protected":false},"excerpt":{"rendered":"<p>Who we are Our website address is: aisign.ai. This address is affiliated with Malca Corp, Inc located at 8211 W Broward Blvd #410, Plantation, FL 33324, USA. What personal data we collect and why we collect it: Comments When visitors leave comments on the site we collect the data shown in the comments form, and [&hellip;]<\/p>\n","protected":false},"author":9,"featured_media":0,"parent":0,"menu_order":0,"comment_status":"closed","ping_status":"closed","template":"","meta":{"footnotes":""},"class_list":["post-5616","page","type-page","status-publish","hentry","has-post-title","has-post-date","has-post-category","has-post-tag","has-post-comment","has-post-author",""],"builder_content":"AiSign Privacy Policy\nThis privacy policy is effective January 11th, 2024 and created to be compliant with GDPR. PIPEDA, Australian Privacy Act of 1988, DPA, and CalOPPA domestic and international law.\n<h2>Who we are<\/h2> <p>Our website address is: <a href=\"https:\/\/aisign.ai\">aisign.ai<\/a>. This address is affiliated with Malca Corp, Inc located at 8211 W Broward Blvd #410, Plantation, FL 33324, USA.<\/p> <h3>What personal data we collect and why we collect it:<\/h3> <h4>Comments<\/h4> <p>When visitors leave comments on the site we collect the data shown in the comments form, and also the visitor\u2019s IP address and browser user agent string to help spam detection.<\/p> <p>An anonymized string created from your email address (also called a hash) may be provided to the Gravatar service to see if you are using it. The Gravatar service privacy policy is available here: https:\/\/automattic.com\/privacy\/. After approval of your comment, your profile picture is visible to the public in the context of your comment.<\/p> <h4>Contact And Other Personal Information<\/h4> <p>Information you submit to our website forms is collected for marketing, analysis, and lead generation purposes. If you submit a contact form you are agreeing to subscribe to our blog and your name and email address are stored as well. The information submitted is store indefinitely on our servers. If you would like this information removed you must contact our customer support team. We will do our best to remove your contact information completely and in a timely manner.<\/p> <p>Information stored includes: name, email, phone number, any message written, and any other voluntary inputs on our website form.<\/p> <h4>Cookies<\/h4> <p>If you visit or interact with our site your IP address will be saved in cookies. These are remarketing purposes with large tech services such as Facebook ads, Google display ads, and more.<\/p> <p>If you have an account and you log in to this site, we will set a temporary cookie to determine if your browser accepts cookies. This cookie contains no personal data and is discarded when you close your browser.<\/p> <p>When you log in, we will also set up several cookies to save your login information and your screen display choices. Login cookies last for two days, and screen options cookies last for a year. If you select \u201cRemember Me\u201d, your login will persist for two weeks. If you log out of your account, the login cookies will be removed.<\/p> <h4>Payment Information<\/h4> <p>If you make a purchase on our website we save your full name, email address, billing address, shipping address, the last four of your credit card number or PayPal email address, and order date. We use large 3rd party payment processors such as PayPal and Stripe to process online payments. We do not store sensitive payment information on our own servers. If you make a purchase through our Squarespace online store then we can see the last four digits of your credit card or your PayPal email depending on which payment method you use. Please review Stripe and PayPal\u2019s privacy policies to learn more about how they use and store your payment information.<\/p> <h3>Embedded content from other websites<\/h3> <p>Articles on this site may include embedded content (e.g. videos, images, articles, etc.). Embedded content from other websites behaves in the exact same way as if the visitor has visited the other website.<\/p> <p>These websites may collect data about you, use cookies, embed additional third-party tracking, and monitor your interaction with that embedded content, including tracking your interaction with the embedded content if you have an account and are logged in to that website.<\/p> <h2>Analytics<\/h2> <h3>Who we share your data with<\/h3> <p>Data from our website (including IP address, visitor location, and more) is shared with Google analytics, Google search console, Facebook business manager, LinkedIn business manager, Twitter business manager, and others at our discretion. We do not sell our visitors data to 3rd party lead generation companies or other companies associated with malicious practices or spam.<\/p> <h3>How long we retain your data<\/h3> <p>Most data received from visitors is stored indefinitely by our analytics and CRM software. This data includes user IP address, location, behavior while on our website, and contact information if the contact information is submitted voluntarily through a website form.<\/p> <p>For users that register on our website, we also store the personal information they provide in their user profile. All users can see, edit, or delete their personal information at any time (except they cannot change their username). Website administrators can also see and edit that information.<\/p> <h2>Your contact information<\/h2> <p>Your contact information is collected solely from voluntary inputs. If you would like your contact information removed from our databases please contact our support team and make a request. Please visit our contact information section on this website to learn more.<\/p> <h4>What Rights You Have Over Your Data<\/h4> <p>Visitors to our website have the right to request their contact information removed from our databases by sending us a \u201cdo not track\u201d request either manually or through their browser with automated settings. Visitors to our website cannot request that we remove IP address information as this data is stored on servers that we do not have control over. Please visit Facebook, Google, LinkedIn, Twitter privacy policy pages for more information about how these essential big tech companies use and store your data.<\/p> <h2>Future Changes To This Policy<\/h2> <p>Any future changes to this policy will be visible on our website. Changes are made periodically to keep up with international and USA state\/federal laws. If there are major changes such as sharing contact information we will send a notice through email to our website subscribers who have agreed to allow us to send them communications.<\/p>\n<p>Do you need<br>more help?<\/p>\n<p data-start=\"908\" data-end=\"1044\">Our Heroic support team can hel you! Contact and explain us any problem you're having with the product.<\/p>\n<a href=\"#\" > ASK SUPPORT <em><svg xmlns:xlink=\"http:\/\/www.w3.org\/1999\/xlink\" aria-hidden=\"true\"><use href=\"#tf-ti-angle-right\" xlink:href=\"#tf-ti-angle-right\"><\/use><\/svg><\/em> <\/a>","_links":{"self":[{"href":"https:\/\/aisign.ai\/fr\/wp-json\/wp\/v2\/pages\/5616","targetHints":{"allow":["GET"]}}],"collection":[{"href":"https:\/\/aisign.ai\/fr\/wp-json\/wp\/v2\/pages"}],"about":[{"href":"https:\/\/aisign.ai\/fr\/wp-json\/wp\/v2\/types\/page"}],"author":[{"embeddable":true,"href":"https:\/\/aisign.ai\/fr\/wp-json\/wp\/v2\/users\/9"}],"replies":[{"embeddable":true,"href":"https:\/\/aisign.ai\/fr\/wp-json\/wp\/v2\/comments?post=5616"}],"version-history":[{"count":5,"href":"https:\/\/aisign.ai\/fr\/wp-json\/wp\/v2\/pages\/5616\/revisions"}],"predecessor-version":[{"id":5633,"href":"https:\/\/aisign.ai\/fr\/wp-json\/wp\/v2\/pages\/5616\/revisions\/5633"}],"wp:attachment":[{"href":"https:\/\/aisign.ai\/fr\/wp-json\/wp\/v2\/media?parent=5616"}],"curies":[{"name":"wp","href":"https:\/\/api.w.org\/{rel}","templated":true}]}}