{"id":5626,"date":"2026-01-14T11:14:08","date_gmt":"2026-01-14T11:14:08","guid":{"rendered":"https:\/\/aisign.ai\/?page_id=5626"},"modified":"2026-01-14T11:14:08","modified_gmt":"2026-01-14T11:14:08","slug":"politique-de-remboursement","status":"publish","type":"page","link":"https:\/\/aisign.ai\/fr\/refund-policy\/","title":{"rendered":"Politique de remboursement"},"content":{"rendered":"<!--themify_builder_content-->\n<div id=\"themify_builder_content-5626\" data-postid=\"5626\" class=\"themify_builder_content themify_builder_content-5626 themify_builder tf_clear\">\n                    <div  data-lazy=\"1\" class=\"module_row themify_builder_row tb_ixtc532 tb_first tf_w\">\n            <span  class=\"builder_row_cover tf_abs\" data-lazy=\"1\"><\/span>            <div class=\"row_inner col_align_top tb_col_count_1 tf_box tf_rel\">\n                        <div  data-lazy=\"1\" class=\"module_column tb-column col-full tb_yce1076 first\">\n                    <!-- module plain text -->\n<div  class=\"module module-plain-text tb_s7oz302\" data-lazy=\"1\">\n        <div class=\"tb_text_wrap\">\n    <span class=\"ai-sing-color\">AiSign<\/span> Politique de remboursement    <\/div>\n<\/div>\n<!-- \/module plain text --><!-- module plain text -->\n<div  class=\"module module-plain-text tb_bxrs356\" data-lazy=\"1\">\n        <div class=\"tb_text_wrap\">\n    Bienvenue sur notre page consacr\u00e9e \u00e0 la politique de remboursement. Dans cette section, nous vous fournirons des informations concernant nos politiques de remboursement pour.    <\/div>\n<\/div>\n<!-- \/module plain text -->        <\/div>\n                        <\/div>\n        <\/div>\n                        <div  data-lazy=\"1\" class=\"module_row themify_builder_row tb_49g5520 tf_w\">\n                        <div class=\"row_inner col_align_top gutter-none tb_col_count_3 tf_box tf_rel\">\n                        <div  data-lazy=\"1\" class=\"module_column tb-column col3-1 tb_amdd364 first\">\n                            <\/div>\n                    <div  data-lazy=\"1\" class=\"module_column tb-column col3-1 tb_3qn9406\">\n                    <!-- module text -->\n<div  class=\"module module-text tb_uy76026\" data-lazy=\"1\">\n        <div  class=\"tb_text_wrap\">\n        <p>We understand that sometimes things don\u2019t work out as expected when it comes to online purchases. If you are eligible for a refund, we offer a hassle-free process.<\/p>\n<p>Pour effectuer un retour, veuillez contacter notre service client\u00e8le en indiquant votre num\u00e9ro de commande et le motif du retour. Ils vous donneront les instructions n\u00e9cessaires.<\/p>\n<h2>Droit au remboursement<\/h2>\n<p>Il se peut que vous ne puissiez pas b\u00e9n\u00e9ficier d'un remboursement int\u00e9gral pour les raisons suivantes :<\/p>\n<ul>\n<li>Plus de 30 jours se sont \u00e9coul\u00e9s depuis la date d'achat.<\/li>\n<li>L'achat a \u00e9t\u00e9 effectu\u00e9 au cours d'une vente ou d'une promotion o\u00f9 les remboursements ne sont pas autoris\u00e9s.<\/li>\n<li>Plus d'un envoi de contrat a \u00e9t\u00e9 effectu\u00e9 sur le compte.<\/li>\n<\/ul>\n<p>Si votre retour est approuv\u00e9, nous proc\u00e9derons \u00e0 votre remboursement dans les 5 jours ouvrables. Veuillez noter que nous nous r\u00e9servons le droit de refuser un remboursement si l'une de ces conditions n'est pas remplie.<\/p>\n<p>Contact us at <a href=\"mailto:support@aisign.ai\">support@aisign.ai<\/a> for any questions related to refunds and returns.<\/p>    <\/div>\n<\/div>\n<!-- \/module text -->        <\/div>\n                    <div  data-lazy=\"1\" class=\"module_column tb-column col3-1 tb_ng2v653 last\">\n                            <\/div>\n                        <\/div>\n        <\/div>\n                        <div  data-lazy=\"1\" class=\"module_row themify_builder_row tb_rsol233 tf_w\">\n                        <div class=\"row_inner col_align_top tb_col_count_1 tf_box tf_rel\">\n                        <div  data-lazy=\"1\" class=\"module_column tb-column col-full tb_mfm6220 first\">\n                            <div  data-lazy=\"1\" class=\"module_subrow themify_builder_sub_row tf_w col_align_top gutter-narrow tb_col_count_2 tb_c79f666\">\n        <span  class=\"builder_row_cover tf_abs\" data-lazy=\"1\"><\/span>        <div  data-lazy=\"1\" class=\"module_column sub_column col4-2 tb_hmpt566 first\">\n                    <!-- module text -->\n<div  class=\"module module-text tb_1ist836\" data-lazy=\"1\">\n        <div  class=\"tb_text_wrap\">\n        <p>Avez-vous besoin<br>plus d'aide ?<\/p>    <\/div>\n<\/div>\n<!-- \/module text -->        <\/div>\n                    <div  data-lazy=\"1\" class=\"module_column sub_column col4-2 tb_axha537 last\">\n                    <!-- module text -->\n<div  class=\"module module-text tb_63f4526\" data-lazy=\"1\">\n        <div  class=\"tb_text_wrap\">\n        <p data-start=\"908\" data-end=\"1044\">Notre \u00e9quipe d'assistance h\u00e9ro\u00efque peut vous aider ! Contactez-nous et expliquez-nous tout probl\u00e8me que vous rencontrez avec le produit.<\/p>    <\/div>\n<\/div>\n<!-- \/module text --><!-- module buttons -->\n<div  class=\"module module-buttons tb_c5ke770 buttons-horizontal solid ai-sing-button-white-alt  rounded buttons-fullwidth\" data-lazy=\"1\">\n        <div class=\"module-buttons-item tf_in_flx\">\n                        <a href=\"#\" class=\"ui builder_button tf_in_flx transparent\" >\n                                                DEMANDER DE L'AIDE                                        <em><svg  class=\"tf_fa tf-ti-angle-right\" xmlns:xlink=\"http:\/\/www.w3.org\/1999\/xlink\" aria-hidden=\"true\"><use href=\"#tf-ti-angle-right\" xlink:href=\"#tf-ti-angle-right\"><\/use><\/svg><\/em>                            <\/a>\n                <\/div>\n            <\/div>\n<!-- \/module buttons -->\n        <\/div>\n                    <\/div>\n                <\/div>\n                        <\/div>\n        <\/div>\n        <\/div>\n<!--\/themify_builder_content-->","protected":false},"excerpt":{"rendered":"<p>We understand that sometimes things don\u2019t work out as expected when it comes to online purchases. If you are eligible for a refund, we offer a hassle-free process. To initiate a return, please contact our customer service team with your order number and reason for the return. They will provide you with further instructions. Eligibility [&hellip;]<\/p>\n","protected":false},"author":9,"featured_media":0,"parent":0,"menu_order":0,"comment_status":"closed","ping_status":"closed","template":"","meta":{"footnotes":""},"class_list":["post-5626","page","type-page","status-publish","hentry","has-post-title","has-post-date","has-post-category","has-post-tag","has-post-comment","has-post-author",""],"builder_content":"AiSign Refund Policy\nWelcome to our refund policy page. In this section, we will provide you with information regarding our refund policies for.\n<p>We understand that sometimes things don\u2019t work out as expected when it comes to online purchases. If you are eligible for a refund, we offer a hassle-free process.<\/p> <p>To initiate a return, please contact our customer service team with your order number and reason for the return. They will provide you with further instructions.<\/p> <h2>Eligibility For Refunds<\/h2> <p>You may not be eligible for a full refund for the following reasons:<\/p> <ul> <li>More than 30 days have passed since the purchase date<\/li> <li>The purchase was made during a sale or promotion where refunds are not allowed.<\/li> <li>More than 1 contract send was made in the account.<\/li> <\/ul> <p>If your return is approved, we will process your refund within 5 business days. Please note that we reserve the right to refuse a refund if any of these conditions are not met.<\/p> <p>Contact us at <a href=\"mailto:support@aisign.ai\">support@aisign.ai<\/a> for any questions related to refunds and returns.<\/p>\n<p>Do you need<br>more help?<\/p>\n<p data-start=\"908\" data-end=\"1044\">Our Heroic support team can hel you! Contact and explain us any problem you're having with the product.<\/p>\n<a href=\"#\" > ASK SUPPORT <em><svg xmlns:xlink=\"http:\/\/www.w3.org\/1999\/xlink\" aria-hidden=\"true\"><use href=\"#tf-ti-angle-right\" xlink:href=\"#tf-ti-angle-right\"><\/use><\/svg><\/em> <\/a>","_links":{"self":[{"href":"https:\/\/aisign.ai\/fr\/wp-json\/wp\/v2\/pages\/5626","targetHints":{"allow":["GET"]}}],"collection":[{"href":"https:\/\/aisign.ai\/fr\/wp-json\/wp\/v2\/pages"}],"about":[{"href":"https:\/\/aisign.ai\/fr\/wp-json\/wp\/v2\/types\/page"}],"author":[{"embeddable":true,"href":"https:\/\/aisign.ai\/fr\/wp-json\/wp\/v2\/users\/9"}],"replies":[{"embeddable":true,"href":"https:\/\/aisign.ai\/fr\/wp-json\/wp\/v2\/comments?post=5626"}],"version-history":[{"count":6,"href":"https:\/\/aisign.ai\/fr\/wp-json\/wp\/v2\/pages\/5626\/revisions"}],"predecessor-version":[{"id":5635,"href":"https:\/\/aisign.ai\/fr\/wp-json\/wp\/v2\/pages\/5626\/revisions\/5635"}],"wp:attachment":[{"href":"https:\/\/aisign.ai\/fr\/wp-json\/wp\/v2\/media?parent=5626"}],"curies":[{"name":"wp","href":"https:\/\/api.w.org\/{rel}","templated":true}]}}